
{"id":102,"date":"2016-09-01T18:06:53","date_gmt":"2016-09-01T16:06:53","guid":{"rendered":"https:\/\/przedszkole2.edu.wroclaw.pl\/?page_id=102"},"modified":"2026-04-10T10:10:11","modified_gmt":"2026-04-10T08:10:11","slug":"skrzaty","status":"publish","type":"page","link":"https:\/\/przedszkole2.edu.wroclaw.pl\/index.php\/grupy\/skrzaty\/","title":{"rendered":"Skrzaty"},"content":{"rendered":"<div class=\"wpb-content-wrapper\"><p>[vc_row][vc_column][vc_column_text css=&#8221;&#8221;]<\/p>\n<div class=\"vc_row wpb_row vc_row-fluid\">\n<div class=\"wpb_column vc_column_container vc_col-sm-12\">\n<div class=\"vc_column-inner\">\n<div class=\"wpb_wrapper\">\n<div class=\"wpb_text_column wpb_content_element\">\n<div class=\"wpb_wrapper\">\n<p data-normal-size=\"16\"><strong>Grupa Skrzaty<\/strong><\/p>\n<p data-normal-size=\"16\">nauczyciele: Adrianna Jab\u0142o\u0144ska, Alina Kosik<\/p>\n<p data-normal-size=\"16\">Pomoc nauczyciela: Pani Lilla<\/p>\n<p data-normal-size=\"16\">Pomoc techniczna: Pani Martyna<\/p>\n<\/div>\n<\/div>\n<\/div>\n<\/div>\n<\/div>\n<\/div>\n<div class=\"vc_row wpb_row vc_row-fluid\">\n<div class=\"wpb_column vc_column_container vc_col-sm-12\">\n<div class=\"vc_column-inner\">\n<div class=\"wpb_wrapper\">\n<div class=\"wpb_text_column wpb_content_element\">\n<div class=\"wpb_wrapper\">\n<p data-normal-size=\"16\"><b>Grafik zaj\u0119\u0107 dodatkowych<\/b><\/p>\n<p data-normal-size=\"16\">J.angielski: \u015broda godz. 9:00, pi\u0105tek godz. 9:00<\/p>\n<p data-normal-size=\"16\">Gimnastyka: \u015broda, czwartek 14:00<\/p>\n<p data-normal-size=\"16\">Religia: wtorek, czwartek 14:30<\/p>\n<p data-normal-size=\"16\">Rytmika: wtorek 11:00<\/p>\n<p data-normal-size=\"16\">Mali Wspaniali: czwartek 10:00<\/p>\n<p data-normal-size=\"16\">Arteterapia: poniedzia\u0142ek, czwartek<\/p>\n<p data-normal-size=\"16\">Zaj\u0119cia z pedagogiem: \u015broda, pi\u0105tek<\/p>\n<p data-normal-size=\"16\">Zaj\u0119cia z psychologiem: \u015broda, czwartek<\/p>\n<\/div>\n<\/div>\n<\/div>\n<\/div>\n<\/div>\n<\/div>\n<p>[\/vc_column_text][\/vc_column][vc_column][\/vc_column][\/vc_row]<\/p>\n<\/div>","protected":false},"excerpt":{"rendered":"<p>[vc_row][vc_column][vc_column_text css=&#8221;&#8221;] Grupa Skrzaty nauczyciele: Adrianna Jab\u0142o\u0144ska, Alina Kosik Pomoc nauczyciela: Pani Lilla Pomoc techniczna: Pani Martyna Grafik zaj\u0119\u0107 dodatkowych J.angielski: \u015broda godz. 9:00, pi\u0105tek godz. 9:00 Gimnastyka: \u015broda, czwartek [&hellip;]<\/p>\n","protected":false},"author":7,"featured_media":0,"parent":75,"menu_order":0,"comment_status":"closed","ping_status":"closed","template":"","meta":{"ngg_post_thumbnail":0,"footnotes":""},"class_list":["post-102","page","type-page","status-publish","hentry","clearfix"],"_links":{"self":[{"href":"https:\/\/przedszkole2.edu.wroclaw.pl\/index.php\/wp-json\/wp\/v2\/pages\/102","targetHints":{"allow":["GET"]}}],"collection":[{"href":"https:\/\/przedszkole2.edu.wroclaw.pl\/index.php\/wp-json\/wp\/v2\/pages"}],"about":[{"href":"https:\/\/przedszkole2.edu.wroclaw.pl\/index.php\/wp-json\/wp\/v2\/types\/page"}],"author":[{"embeddable":true,"href":"https:\/\/przedszkole2.edu.wroclaw.pl\/index.php\/wp-json\/wp\/v2\/users\/7"}],"replies":[{"embeddable":true,"href":"https:\/\/przedszkole2.edu.wroclaw.pl\/index.php\/wp-json\/wp\/v2\/comments?post=102"}],"version-history":[{"count":289,"href":"https:\/\/przedszkole2.edu.wroclaw.pl\/index.php\/wp-json\/wp\/v2\/pages\/102\/revisions"}],"predecessor-version":[{"id":9901,"href":"https:\/\/przedszkole2.edu.wroclaw.pl\/index.php\/wp-json\/wp\/v2\/pages\/102\/revisions\/9901"}],"up":[{"embeddable":true,"href":"https:\/\/przedszkole2.edu.wroclaw.pl\/index.php\/wp-json\/wp\/v2\/pages\/75"}],"wp:attachment":[{"href":"https:\/\/przedszkole2.edu.wroclaw.pl\/index.php\/wp-json\/wp\/v2\/media?parent=102"}],"curies":[{"name":"wp","href":"https:\/\/api.w.org\/{rel}","templated":true}]}}