
{"id":11,"date":"2016-06-01T18:48:14","date_gmt":"2016-06-01T16:48:14","guid":{"rendered":"https:\/\/przedszkole2.edu.wroclaw.pl\/?page_id=11"},"modified":"2026-03-18T07:33:08","modified_gmt":"2026-03-18T06:33:08","slug":"strona-glowna","status":"publish","type":"page","link":"https:\/\/przedszkole2.edu.wroclaw.pl\/","title":{"rendered":"Strona g\u0142\u00f3wna"},"content":{"rendered":"<div class=\"wpb-content-wrapper\"><p>[vc_row][vc_column][vc_column_text]<\/p>\n<h2 style=\"text-align: center;color: #176a6d;margin-top: -30px;font-size: 36px\">O Przedszkolu nr 2<\/h2>\n<p>[\/vc_column_text][vc_separator color=&#8221;custom&#8221; border_width=&#8221;4&#8243; el_width=&#8221;40&#8243; css=&#8221;.vc_custom_1603368670607{margin-top: -30px !important;}&#8221; custom_sparator_width=&#8221;155px&#8221; accent_color=&#8221;#176a6d&#8221;][\/vc_column][\/vc_row][vc_row row_head_color=&#8221;#575656&#8243;][vc_column text_align=&#8221;center&#8221; offset=&#8221;vc_col-lg-6 vc_col-md-12 vc_col-xs-12&#8243;][vc_empty_space height=&#8221;25px&#8221;][vc_empty_space height=&#8221;35px&#8221;][vc_column_text css=&#8221;&#8221;]<\/p>\n<p style=\"text-align: left\">Przedszkole Nr 2 to ma\u0142a, kameralna plac\u00f3wka, dzi\u0119ki czemu dobrze znaj\u0105 si\u0119 dzieci, rodzice i ca\u0142y personel. Posiadamy sale zabaw \u2013 jedna dla ka\u017cdej grupy oraz osobn\u0105 sal\u0119 do zaj\u0119\u0107 dodatkowych. Wa\u017cnym atutem przedszkola jest <b>du\u017cy, pi\u0119knie zalesiony ogr\u00f3d<\/b>, jakby cz\u0119\u015b\u0107 Parku Szczytnickiego. S\u0105 tu okazy takich drzew jak: d\u0119by, \u015bwierki, sosny, brzozy, klony, jesiony, a wi\u0119kszo\u015b\u0107 z nich ma ponad 100 lat.<\/p>\n<p style=\"text-align: left\">Ze wzgl\u0119du na ograniczenie dost\u0119pno\u015bci architektonicznej (budynek starszego typu -willa), osoby niepe\u0142nosprawne ruchowo prosimy, o kontakt telefoniczny lub poprzez poczt\u0119 elektroniczn\u0105 w celu za\u0142atwienia niez\u0119bnych spraw.<\/p>\n<p data-normal-size=\"16\">W tym miejscu realizowany jest projekt wolontariatu<br \/>\n<strong>EUROPEJSKIEGO KORPUSU SOLIDARNO\u015aCI<\/strong><br \/>\n\u201cProud Volunteers for Solidarity 7\u201d<br \/>\nNr. 2023-2-PL01-ESC51-VTJ-000181994<br \/>\nOrganizacja koordynuj\u0105ca wolontariuszy:<br \/>\nFundacja Integracji Spo\u0142ecznej Prom<br \/>\nProjekt realizowany przy wsparciu finansowym<br \/>\nKomisji Europejskiej<\/p>\n<p data-normal-size=\"16\"><img loading=\"lazy\" decoding=\"async\" class=\"size-medium wp-image-2052 alignleft\" src=\"https:\/\/przedszkole2.edu.wroclaw.pl\/wp-content\/uploads\/sites\/22\/2021\/10\/europejski-korpus-solidarnosci2-300x184.jpeg\" alt=\"\" width=\"300\" height=\"184\" srcset=\"https:\/\/przedszkole2.edu.wroclaw.pl\/wp-content\/uploads\/sites\/22\/2021\/10\/europejski-korpus-solidarnosci2-300x184.jpeg 300w, https:\/\/przedszkole2.edu.wroclaw.pl\/wp-content\/uploads\/sites\/22\/2021\/10\/europejski-korpus-solidarnosci2-768x471.jpeg 768w, https:\/\/przedszkole2.edu.wroclaw.pl\/wp-content\/uploads\/sites\/22\/2021\/10\/europejski-korpus-solidarnosci2-600x368.jpeg 600w, https:\/\/przedszkole2.edu.wroclaw.pl\/wp-content\/uploads\/sites\/22\/2021\/10\/europejski-korpus-solidarnosci2.jpeg 783w\" sizes=\"auto, (max-width: 300px) 100vw, 300px\" \/><\/p>\n<p data-normal-size=\"16\">Na chwil\u0119 obecn\u0105 go\u015bcimy\u00a0 w naszym przedszkolu wolontariuszk\u0119 programu\u00a0 Erasmus+ pod patronatem Europejskiego Korpusu Solidarno\u015bci i Fundacji Prom:\u00a0 Nida z Turcji i <span style=\"font-family: times new roman, serif\">Tanguy<\/span> z Francji<\/p>\n<p>&nbsp;<\/p>\n<p><strong>DZIE\u0143 OTWARTY W NASZYM PRZEDSZKOLU- ZAPRASZAMY NA WIRTUALNE ODWIEDZINY W &#8222;TAJEMNICZYM OGRODZIE&#8221;<\/strong> <!--more--><\/p>\n<div style=\"width: 640px;\" class=\"wp-video\"><video class=\"wp-video-shortcode\" id=\"video-11-1\" width=\"640\" height=\"624\" preload=\"metadata\" controls=\"controls\"><source type=\"video\/mp4\" src=\"https:\/\/przedszkole2.edu.wroclaw.pl\/wp-content\/uploads\/sites\/22\/2021\/03\/VID_20210314_122944.mp4?_=1\" \/><a href=\"https:\/\/przedszkole2.edu.wroclaw.pl\/wp-content\/uploads\/sites\/22\/2021\/03\/VID_20210314_122944.mp4\">https:\/\/przedszkole2.edu.wroclaw.pl\/wp-content\/uploads\/sites\/22\/2021\/03\/VID_20210314_122944.mp4<\/a><\/video><\/div>\n<p>Pobierz ulotk\u0119 informacyjna o naszym przedszkolu:<a href=\"https:\/\/przedszkole2.edu.wroclaw.pl\/wp-content\/uploads\/sites\/22\/2026\/03\/ulotka-1.pdf\">ulotka 1<\/a><a href=\"https:\/\/przedszkole2.edu.wroclaw.pl\/wp-content\/uploads\/sites\/22\/2026\/03\/ulotka-2.pdf\">ulotka 2<\/a><br \/>\n<strong><img loading=\"lazy\" decoding=\"async\" class=\"alignnone size-medium wp-image-9107\" src=\"https:\/\/przedszkole2.edu.wroclaw.pl\/wp-content\/uploads\/sites\/22\/2025\/04\/Unicef-2-300x100.jpg\" alt=\"\" width=\"300\" height=\"100\" srcset=\"https:\/\/przedszkole2.edu.wroclaw.pl\/wp-content\/uploads\/sites\/22\/2025\/04\/Unicef-2-300x100.jpg 300w, https:\/\/przedszkole2.edu.wroclaw.pl\/wp-content\/uploads\/sites\/22\/2025\/04\/Unicef-2-768x255.jpg 768w, https:\/\/przedszkole2.edu.wroclaw.pl\/wp-content\/uploads\/sites\/22\/2025\/04\/Unicef-2.jpg 887w\" sizes=\"auto, (max-width: 300px) 100vw, 300px\" \/><\/strong><\/p>\n<p><strong>Dotacje z UNICEF-u dla wroc\u0142awskiej edukacji<\/strong>&#8211; szczeg\u00f3\u0142y w zak\u0142adce aktualno\u015bci.[\/vc_column_text][vc_empty_space][\/vc_column][vc_column text_align=&#8221;center&#8221; offset=&#8221;vc_col-lg-6 vc_col-md-12 vc_col-xs-12&#8243;][vc_empty_space][vc_wp_text]<img loading=\"lazy\" decoding=\"async\" class=\"alignnone size-medium wp-image-7731\" src=\"https:\/\/przedszkole2.edu.wroclaw.pl\/wp-content\/uploads\/sites\/22\/2024\/03\/Zdjecie-budynek-225x300.jpg\" alt=\"Zdj\u0119cie budynku od strony g\u0142owne schody, weranda, z prawej strony wie\u017cyczka z oknami\" width=\"225\" height=\"300\" srcset=\"https:\/\/przedszkole2.edu.wroclaw.pl\/wp-content\/uploads\/sites\/22\/2024\/03\/Zdjecie-budynek-225x300.jpg 225w, https:\/\/przedszkole2.edu.wroclaw.pl\/wp-content\/uploads\/sites\/22\/2024\/03\/Zdjecie-budynek-768x1024.jpg 768w, https:\/\/przedszkole2.edu.wroclaw.pl\/wp-content\/uploads\/sites\/22\/2024\/03\/Zdjecie-budynek-1152x1536.jpg 1152w, https:\/\/przedszkole2.edu.wroclaw.pl\/wp-content\/uploads\/sites\/22\/2024\/03\/Zdjecie-budynek-1536x2048.jpg 1536w, https:\/\/przedszkole2.edu.wroclaw.pl\/wp-content\/uploads\/sites\/22\/2024\/03\/Zdjecie-budynek-scaled.jpg 1920w\" sizes=\"auto, (max-width: 225px) 100vw, 225px\" \/> <img loading=\"lazy\" decoding=\"async\" class=\"alignnone size-medium wp-image-3566\" src=\"https:\/\/przedszkole2.edu.wroclaw.pl\/wp-content\/uploads\/sites\/22\/2022\/01\/Zdjecie-ogrodu-225x300.jpg\" alt=\"\" width=\"225\" height=\"300\" srcset=\"https:\/\/przedszkole2.edu.wroclaw.pl\/wp-content\/uploads\/sites\/22\/2022\/01\/Zdjecie-ogrodu-225x300.jpg 225w, https:\/\/przedszkole2.edu.wroclaw.pl\/wp-content\/uploads\/sites\/22\/2022\/01\/Zdjecie-ogrodu-768x1024.jpg 768w, https:\/\/przedszkole2.edu.wroclaw.pl\/wp-content\/uploads\/sites\/22\/2022\/01\/Zdjecie-ogrodu-600x800.jpg 600w, https:\/\/przedszkole2.edu.wroclaw.pl\/wp-content\/uploads\/sites\/22\/2022\/01\/Zdjecie-ogrodu-1152x1536.jpg 1152w, https:\/\/przedszkole2.edu.wroclaw.pl\/wp-content\/uploads\/sites\/22\/2022\/01\/Zdjecie-ogrodu-1536x2048.jpg 1536w, https:\/\/przedszkole2.edu.wroclaw.pl\/wp-content\/uploads\/sites\/22\/2022\/01\/Zdjecie-ogrodu-scaled.jpg 1920w\" sizes=\"auto, (max-width: 225px) 100vw, 225px\" \/><\/p>\n<p><img loading=\"lazy\" decoding=\"async\" class=\"wp-image-7182 alignleft\" src=\"https:\/\/przedszkole2.edu.wroclaw.pl\/wp-content\/uploads\/sites\/22\/2023\/11\/IMG-20231103-WA0042-225x300.jpg\" alt=\"Dzieci przytulone do drzewa\" width=\"216\" height=\"288\" srcset=\"https:\/\/przedszkole2.edu.wroclaw.pl\/wp-content\/uploads\/sites\/22\/2023\/11\/IMG-20231103-WA0042-225x300.jpg 225w, https:\/\/przedszkole2.edu.wroclaw.pl\/wp-content\/uploads\/sites\/22\/2023\/11\/IMG-20231103-WA0042-768x1024.jpg 768w, https:\/\/przedszkole2.edu.wroclaw.pl\/wp-content\/uploads\/sites\/22\/2023\/11\/IMG-20231103-WA0042-600x800.jpg 600w, https:\/\/przedszkole2.edu.wroclaw.pl\/wp-content\/uploads\/sites\/22\/2023\/11\/IMG-20231103-WA0042-1152x1536.jpg 1152w, https:\/\/przedszkole2.edu.wroclaw.pl\/wp-content\/uploads\/sites\/22\/2023\/11\/IMG-20231103-WA0042.jpg 1536w\" sizes=\"auto, (max-width: 216px) 100vw, 216px\" \/><img loading=\"lazy\" decoding=\"async\" class=\"wp-image-7154 alignleft\" src=\"https:\/\/przedszkole2.edu.wroclaw.pl\/wp-content\/uploads\/sites\/22\/2023\/11\/IMG-20231103-WA0006-225x300.jpg\" alt=\"Zabawy z chust\u0105\" width=\"222\" height=\"296\" srcset=\"https:\/\/przedszkole2.edu.wroclaw.pl\/wp-content\/uploads\/sites\/22\/2023\/11\/IMG-20231103-WA0006-225x300.jpg 225w, https:\/\/przedszkole2.edu.wroclaw.pl\/wp-content\/uploads\/sites\/22\/2023\/11\/IMG-20231103-WA0006-600x800.jpg 600w, https:\/\/przedszkole2.edu.wroclaw.pl\/wp-content\/uploads\/sites\/22\/2023\/11\/IMG-20231103-WA0006.jpg 768w\" sizes=\"auto, (max-width: 222px) 100vw, 222px\" \/><img loading=\"lazy\" decoding=\"async\" class=\"wp-image-5758 alignleft\" src=\"https:\/\/przedszkole2.edu.wroclaw.pl\/wp-content\/uploads\/sites\/22\/2022\/11\/IMG-20221104-WA0006-300x225.jpg\" alt=\"Nauczyciel czyta ksi\u0105\u017ck\u0119 dzieciom. Wszyscy siedz\u0105 na jesiennych li\u015bciach w ogrodzie przedszkolnym\" width=\"301\" height=\"226\" srcset=\"https:\/\/przedszkole2.edu.wroclaw.pl\/wp-content\/uploads\/sites\/22\/2022\/11\/IMG-20221104-WA0006-300x225.jpg 300w, https:\/\/przedszkole2.edu.wroclaw.pl\/wp-content\/uploads\/sites\/22\/2022\/11\/IMG-20221104-WA0006-768x576.jpg 768w, https:\/\/przedszkole2.edu.wroclaw.pl\/wp-content\/uploads\/sites\/22\/2022\/11\/IMG-20221104-WA0006-600x450.jpg 600w, https:\/\/przedszkole2.edu.wroclaw.pl\/wp-content\/uploads\/sites\/22\/2022\/11\/IMG-20221104-WA0006.jpg 1024w\" sizes=\"auto, (max-width: 301px) 100vw, 301px\" \/><img loading=\"lazy\" decoding=\"async\" class=\"wp-image-6743 alignleft\" src=\"https:\/\/przedszkole2.edu.wroclaw.pl\/wp-content\/uploads\/sites\/22\/2023\/09\/20230908_104021-225x300.jpg\" alt=\"Dziewczynka podlewa ro\u015bliny\" width=\"212\" height=\"283\" srcset=\"https:\/\/przedszkole2.edu.wroclaw.pl\/wp-content\/uploads\/sites\/22\/2023\/09\/20230908_104021-225x300.jpg 225w, https:\/\/przedszkole2.edu.wroclaw.pl\/wp-content\/uploads\/sites\/22\/2023\/09\/20230908_104021-768x1024.jpg 768w, https:\/\/przedszkole2.edu.wroclaw.pl\/wp-content\/uploads\/sites\/22\/2023\/09\/20230908_104021-600x800.jpg 600w, https:\/\/przedszkole2.edu.wroclaw.pl\/wp-content\/uploads\/sites\/22\/2023\/09\/20230908_104021-1152x1536.jpg 1152w, https:\/\/przedszkole2.edu.wroclaw.pl\/wp-content\/uploads\/sites\/22\/2023\/09\/20230908_104021-1536x2048.jpg 1536w, https:\/\/przedszkole2.edu.wroclaw.pl\/wp-content\/uploads\/sites\/22\/2023\/09\/20230908_104021-scaled.jpg 1920w\" sizes=\"auto, (max-width: 212px) 100vw, 212px\" \/>[\/vc_wp_text][vc_column_text css=&#8221;&#8221;]<\/p>\n<p><img loading=\"lazy\" decoding=\"async\" class=\"size-medium wp-image-9101 aligncenter\" src=\"https:\/\/przedszkole2.edu.wroclaw.pl\/wp-content\/uploads\/sites\/22\/2025\/04\/Zdjecie-plakatu-robisz-to-300x210.jpg\" alt=\"\" width=\"300\" height=\"210\" srcset=\"https:\/\/przedszkole2.edu.wroclaw.pl\/wp-content\/uploads\/sites\/22\/2025\/04\/Zdjecie-plakatu-robisz-to-300x210.jpg 300w, https:\/\/przedszkole2.edu.wroclaw.pl\/wp-content\/uploads\/sites\/22\/2025\/04\/Zdjecie-plakatu-robisz-to.jpg 320w\" sizes=\"auto, (max-width: 300px) 100vw, 300px\" \/><\/p>\n<p>&nbsp;<\/p>\n<p><img loading=\"lazy\" decoding=\"async\" class=\"wp-image-8689 aligncenter\" src=\"https:\/\/przedszkole2.edu.wroclaw.pl\/wp-content\/uploads\/sites\/22\/2024\/12\/assets_page-editor_akil_logo_1210x1130.1729862646-300x280.jpg\" alt=\"logo Akademia Krokieta I Lamy - edukacja w ruchu\" width=\"140\" height=\"131\" srcset=\"https:\/\/przedszkole2.edu.wroclaw.pl\/wp-content\/uploads\/sites\/22\/2024\/12\/assets_page-editor_akil_logo_1210x1130.1729862646-300x280.jpg 300w, https:\/\/przedszkole2.edu.wroclaw.pl\/wp-content\/uploads\/sites\/22\/2024\/12\/assets_page-editor_akil_logo_1210x1130.1729862646.jpg 600w\" sizes=\"auto, (max-width: 140px) 100vw, 140px\" \/>[\/vc_column_text][\/vc_column][\/vc_row][vc_row full_width=&#8221;stretch_row&#8221; content_placement=&#8221;top&#8221; row_head_color=&#8221;#ffffff&#8221; row_link_color=&#8221;#ffffff&#8221; row_link_color_hover=&#8221;#eded02&#8243; bg_style=&#8221;img_fixed&#8221; overlay_row=&#8221;yes&#8221; css=&#8221;.vc_custom_1603444985732{background-color: #efefef !important;background-position: center !important;background-repeat: no-repeat !important;background-size: cover !important;}&#8221; overlay_color=&#8221;#176a6d&#8221; overlay_opacity=&#8221;0.9&#8243;][vc_column][vc_row_inner el_class=&#8221;#cshero-footer-top&#8221;][vc_column_inner width=&#8221;1\/3&#8243; animation=&#8221;fade-in&#8221; font_color=&#8221;#ffffff&#8221;][vc_single_image image=&#8221;522&#8243; img_size=&#8221;&#8221; alignment=&#8221;center&#8221;][vc_column_text css_animation=&#8221;left-to-right&#8221;]<\/p>\n<h3 style=\"text-align: center;font-size: 24px;font-family: Arial\">Bezpiecze\u0144stwo<\/h3>\n<p style=\"text-align: center;font-family: Arial\">Tworzymy warunki, aby pobyt dziecka w przedszkolu by\u0142 bezpieczny<\/p>\n<p>[\/vc_column_text][\/vc_column_inner][vc_column_inner width=&#8221;1\/3&#8243; animation=&#8221;fade-in&#8221;][vc_single_image image=&#8221;521&#8243; img_size=&#8221;&#8221; alignment=&#8221;center&#8221;][vc_column_text css_animation=&#8221;top-to-bottom&#8221;]<\/p>\n<h3 style=\"text-align: center;font-size: 24px;font-family: Arial\">Zdrowie<\/h3>\n<p style=\"text-align: center;font-family: Arial\">Jeste\u015bmy plac\u00f3wk\u0105 przyjazn\u0105 zdrowemu \u017cywieniu i aktywno\u015bci fizycznej<\/p>\n<p>[\/vc_column_text][\/vc_column_inner][vc_column_inner width=&#8221;1\/3&#8243; animation=&#8221;fade-in&#8221;][vc_single_image image=&#8221;520&#8243; alignment=&#8221;center&#8221;][vc_column_text css_animation=&#8221;right-to-left&#8221;]<\/p>\n<h3 style=\"text-align: center;font-size: 24px;font-family: Arial\">Edukacja i wychowanie<\/h3>\n<p style=\"text-align: center;font-family: Arial\">Stosujemy nowoczesne metody, sprawdzone formy pracy z dzie\u0107mi<\/p>\n<p>[\/vc_column_text][\/vc_column_inner][\/vc_row_inner][\/vc_column][\/vc_row][vc_row css_animation=&#8221;fadeInUp&#8221;][vc_column][vc_column_text]<\/p>\n<h2 style=\"text-align: center;color: #176a6d;margin-top: -30px;font-size: 36px\">Zaplecze<\/h2>\n<p>[\/vc_column_text][vc_separator color=&#8221;custom&#8221; border_width=&#8221;4&#8243; el_width=&#8221;40&#8243; css=&#8221;.vc_custom_1603368670607{margin-top: -30px !important;}&#8221; custom_sparator_width=&#8221;155px&#8221; accent_color=&#8221;#176a6d&#8221;][vc_column_text css=&#8221;&#8221;]<\/p>\n<p style=\"text-align: left\">Przedszkole jest plac\u00f3wk\u0105 3 \u2013 oddzia\u0142ow\u0105 czynn\u0105 w godz. 6.30 \u2013 17.00. Dysponuje dobrze wyposa\u017con\u0105 i zorganizowan\u0105, stale unowocze\u015bnian\u0105 baz\u0105 lokalow\u0105 i materia\u0142ow\u0105. Dzi\u0119ki przeprowadzonym w ostatnich kilku latach inwestycjom budynek i jego otoczenie ca\u0142kowicie zmieni\u0142y sw\u00f3j wygl\u0105d. Przeprowadzony zosta\u0142 kompleksowy remont elewacji budynku oraz wymieniono werand\u0119, zamontowano system wideodomofon\u00f3w. Pomieszczenia przedszkola zosta\u0142y odnownione. Sale zabaw s\u0105 jasne, kolorowe, s\u0142oneczne, wyposa\u017cone w spos\u00f3b odpowiadaj\u0105cy potrzebom ma\u0142ego dziecka. Na terenie du\u017cego ogrodu przedszkolnego znajduje si\u0119 bezpieczny dla dzieci drewniany sprz\u0119t do r\u00f3\u017cnorodnej aktywno\u015bci ma\u0142ych przedszkolak\u00f3w. Budynek przedszkola nie jest przystosowany do potrzeb os\u00f3b niepe\u0142nosprawnych (brak podjazdu i windy ). Opiek\u0119 zdrowotn\u0105 zapewniaj\u0105 rodzice \u2013 w przedszkolu nie ma gabinetu lekarskiego. Plac\u00f3wka dysponuje w\u0142asn\u0105, nowocze\u015bnie wyposa\u017con\u0105 kuchni\u0105, w kt\u00f3rej przygotowywane s\u0105 trzy posi\u0142ki dziennie: \u015bniadanie, zupa + deser, drugie danie &#8211; zgodnie z indywidualnymi potrzebami wychowank\u00f3w. Godziny posi\u0142k\u00f3w: 8.30, 11.30, 14.00.<\/p>\n<p>[\/vc_column_text][\/vc_column][\/vc_row][vc_row][vc_column][vc_single_image image=&#8221;1009&#8243; img_size=&#8221;large&#8221; alignment=&#8221;center&#8221; onclick=&#8221;img_link_large&#8221;][\/vc_column][\/vc_row]<\/p>\n<\/div>","protected":false},"excerpt":{"rendered":"<p>[vc_row][vc_column][vc_column_text] O Przedszkolu nr 2 [\/vc_column_text][vc_separator color=&#8221;custom&#8221; border_width=&#8221;4&#8243; el_width=&#8221;40&#8243; css=&#8221;.vc_custom_1603368670607{margin-top: -30px !important;}&#8221; custom_sparator_width=&#8221;155px&#8221; accent_color=&#8221;#176a6d&#8221;][\/vc_column][\/vc_row][vc_row row_head_color=&#8221;#575656&#8243;][vc_column text_align=&#8221;center&#8221; offset=&#8221;vc_col-lg-6 vc_col-md-12 vc_col-xs-12&#8243;][vc_empty_space height=&#8221;25px&#8221;][vc_empty_space height=&#8221;35px&#8221;][vc_column_text css=&#8221;&#8221;] Przedszkole Nr 2 to ma\u0142a, kameralna plac\u00f3wka, dzi\u0119ki [&hellip;]<\/p>\n","protected":false},"author":7,"featured_media":0,"parent":0,"menu_order":0,"comment_status":"closed","ping_status":"closed","template":"","meta":{"ngg_post_thumbnail":0,"footnotes":""},"class_list":["post-11","page","type-page","status-publish","hentry","clearfix"],"_links":{"self":[{"href":"https:\/\/przedszkole2.edu.wroclaw.pl\/index.php\/wp-json\/wp\/v2\/pages\/11","targetHints":{"allow":["GET"]}}],"collection":[{"href":"https:\/\/przedszkole2.edu.wroclaw.pl\/index.php\/wp-json\/wp\/v2\/pages"}],"about":[{"href":"https:\/\/przedszkole2.edu.wroclaw.pl\/index.php\/wp-json\/wp\/v2\/types\/page"}],"author":[{"embeddable":true,"href":"https:\/\/przedszkole2.edu.wroclaw.pl\/index.php\/wp-json\/wp\/v2\/users\/7"}],"replies":[{"embeddable":true,"href":"https:\/\/przedszkole2.edu.wroclaw.pl\/index.php\/wp-json\/wp\/v2\/comments?post=11"}],"version-history":[{"count":112,"href":"https:\/\/przedszkole2.edu.wroclaw.pl\/index.php\/wp-json\/wp\/v2\/pages\/11\/revisions"}],"predecessor-version":[{"id":9862,"href":"https:\/\/przedszkole2.edu.wroclaw.pl\/index.php\/wp-json\/wp\/v2\/pages\/11\/revisions\/9862"}],"wp:attachment":[{"href":"https:\/\/przedszkole2.edu.wroclaw.pl\/index.php\/wp-json\/wp\/v2\/media?parent=11"}],"curies":[{"name":"wp","href":"https:\/\/api.w.org\/{rel}","templated":true}]}}