
{"id":146,"date":"2016-09-08T18:14:31","date_gmt":"2016-09-08T16:14:31","guid":{"rendered":"https:\/\/przedszkole2.edu.wroclaw.pl\/?page_id=146"},"modified":"2025-03-11T12:28:29","modified_gmt":"2025-03-11T11:28:29","slug":"dokumenty-wewnetrzne","status":"publish","type":"page","link":"https:\/\/przedszkole2.edu.wroclaw.pl\/index.php\/dokumenty-wewnetrzne\/","title":{"rendered":"Dokumenty wewn\u0119trzne"},"content":{"rendered":"<div class=\"wpb-content-wrapper\"><p>[vc_row][vc_column][vc_column_text css=&#8221;&#8221;]Statut Przedszkola nr 2 &#8222;Tajemniczy Ogr\u00f3d&#8221;<a href=\"https:\/\/przedszkole2.edu.wroclaw.pl\/wp-content\/uploads\/sites\/22\/2025\/03\/statut-przedszkola-2025-204-MB.pdf\">statut przedszkola 2025 (20,4 MB)<\/a><\/p>\n<p>Procedury bezpiecze\u0144stwa w Przedszkolu nr 2 &#8222;Tajemniczy ogr\u00f3d&#8221; <a href=\"\/wp-content\/uploads\/sites\/22\/2024\/11\/Procedury-Bezpieczenstwa-P2-2024-132-MB-a.pdf\">Procedury Bezpiecze\u0144stwa P2 2024 [pdf 1,32 MB]<\/a><\/p>\n<p>Upowa\u017cnienie do odbioru dziecka z przedszkola<a href=\"https:\/\/przedszkole2.edu.wroclaw.pl\/wp-content\/uploads\/sites\/22\/2021\/05\/Przedszkole-Nr-2-zgoda-na-odbieranie-dziecka.doc\">\u00a0 Przedszkole Nr 2 &#8211; zgoda na odbieranie dziecka (DOC 5,04MB)<\/a><\/p>\n<p><strong>Standardy Ochrony Ma\u0142oletnich Przed Krzywdzeniem w Przedszkolu nr 2 &#8222;Tajemniczy Ogr\u00f3d&#8221; <a href=\"https:\/\/przedszkole2.edu.wroclaw.pl\/wp-content\/uploads\/sites\/22\/2024\/08\/Standardy-Ochrony-Maloletnich-Przed-Krzywdzeniem-w-Przedszkolu-nr-2-Tajemniczy-OgrodPDF626-MB.pdf\">Standardy Ochrony Ma\u0142oletnich Przed Krzywdzeniem w Przedszkolu nr 2 Tajemniczy Ogr\u00f3d(PDF6,26 MB)<\/a><\/strong><\/p>\n<p>Procedura Organizacji i Bezpiecznego Funkcjonowania Przedszkola nr 2 we Wroc\u0142awiu w Okresie Zagro\u017cenia Epidemiologicznego <a href=\"https:\/\/przedszkole2.edu.wroclaw.pl\/wp-content\/uploads\/sites\/22\/2021\/05\/Procedury-Covid.pdf\">Procedury Covid (PDF 2,62MB)<\/a><\/p>\n<p><a href=\"https:\/\/przedszkole2.edu.wroclaw.pl\/wp-content\/uploads\/sites\/22\/2021\/08\/Oswiadczenie-pomiar-temeperatury-szybka-sciezka-kontaktu.pdf\">O\u015bwiadczenie- pomiar temperatury, szybka \u015bcie\u017cka kontaktu (PDF 249MB)<\/a><a href=\"https:\/\/przedszkole2.edu.wroclaw.pl\/wp-content\/uploads\/sites\/22\/2023\/04\/Procedury-Bezpieczenstwa-P2-2022-PDF-130-MB.pdf\">Procedury Bezpiecze\u0144stwa P2 2022 (PDF 1,30 MB)<\/a>[\/vc_column_text][\/vc_column][\/vc_row]<\/p>\n<\/div>","protected":false},"excerpt":{"rendered":"<p>[vc_row][vc_column][vc_column_text css=&#8221;&#8221;]Statut Przedszkola nr 2 &#8222;Tajemniczy Ogr\u00f3d&#8221;statut przedszkola 2025 (20,4 MB) Procedury bezpiecze\u0144stwa w Przedszkolu nr 2 &#8222;Tajemniczy ogr\u00f3d&#8221; Procedury Bezpiecze\u0144stwa P2 2024 [pdf 1,32 MB] Upowa\u017cnienie do odbioru dziecka [&hellip;]<\/p>\n","protected":false},"author":7,"featured_media":0,"parent":0,"menu_order":0,"comment_status":"closed","ping_status":"closed","template":"","meta":{"ngg_post_thumbnail":0,"footnotes":""},"class_list":["post-146","page","type-page","status-publish","hentry","clearfix"],"_links":{"self":[{"href":"https:\/\/przedszkole2.edu.wroclaw.pl\/index.php\/wp-json\/wp\/v2\/pages\/146","targetHints":{"allow":["GET"]}}],"collection":[{"href":"https:\/\/przedszkole2.edu.wroclaw.pl\/index.php\/wp-json\/wp\/v2\/pages"}],"about":[{"href":"https:\/\/przedszkole2.edu.wroclaw.pl\/index.php\/wp-json\/wp\/v2\/types\/page"}],"author":[{"embeddable":true,"href":"https:\/\/przedszkole2.edu.wroclaw.pl\/index.php\/wp-json\/wp\/v2\/users\/7"}],"replies":[{"embeddable":true,"href":"https:\/\/przedszkole2.edu.wroclaw.pl\/index.php\/wp-json\/wp\/v2\/comments?post=146"}],"version-history":[{"count":22,"href":"https:\/\/przedszkole2.edu.wroclaw.pl\/index.php\/wp-json\/wp\/v2\/pages\/146\/revisions"}],"predecessor-version":[{"id":9024,"href":"https:\/\/przedszkole2.edu.wroclaw.pl\/index.php\/wp-json\/wp\/v2\/pages\/146\/revisions\/9024"}],"wp:attachment":[{"href":"https:\/\/przedszkole2.edu.wroclaw.pl\/index.php\/wp-json\/wp\/v2\/media?parent=146"}],"curies":[{"name":"wp","href":"https:\/\/api.w.org\/{rel}","templated":true}]}}