
{"id":2445,"date":"2021-11-03T10:26:31","date_gmt":"2021-11-03T09:26:31","guid":{"rendered":"https:\/\/przedszkole2.edu.wroclaw.pl\/?page_id=2445"},"modified":"2022-09-19T12:12:07","modified_gmt":"2022-09-19T10:12:07","slug":"archiwum-grupa-skrzaty","status":"publish","type":"page","link":"https:\/\/przedszkole2.edu.wroclaw.pl\/index.php\/archiwum-grupowe\/archiwum-grupa-skrzaty\/","title":{"rendered":"Archiwum 20\/21 &#8211; Grupa Skrzaty"},"content":{"rendered":"<div class=\"wpb-content-wrapper\"><p>[vc_row][vc_column][vc_tta_tabs][vc_tta_section title=&#8221;O nas&#8221; tab_id=&#8221;1568733482569-d2d1df83-d5a9&#8243;][vc_empty_space height=&#8221;80px&#8221;][vc_gallery type=&#8221;image_grid&#8221; images=&#8221;2382,2383,2384,2385,2386,2387,2388,2389,2390,2391,2392&#8243; img_size=&#8221;200&#215;100&#8243; title=&#8221;Wolontariuszka Noelia opowiada o Hiszpanii. Noelia uczy\u0142a ta\u0144ca Macarena oraz wsp\u00f3lnie z dzie\u0107mi przygotowa\u0142a hiszpa\u0144skie \u015bniadanie.&#8221;][vc_empty_space height=&#8221;80px&#8221;][vc_empty_space height=&#8221;80px&#8221;][vc_gallery type=&#8221;image_grid&#8221; images=&#8221;2395,2396,2397,2398,2399,2400,2401,2402,2403&#8243; img_size=&#8221;200&#215;100&#8243; title=&#8221;Deszczowa zabawa&#8221;][vc_empty_space height=&#8221;80px&#8221;][vc_empty_space height=&#8221;80px&#8221;][vc_gallery type=&#8221;image_grid&#8221; images=&#8221;2429,2430,2431,2432,2433,2434,2435,2436,2437,2438&#8243; img_size=&#8221;200&#215;100&#8243; title=&#8221;Zabawy badawcze z wod\u0105&#8221;][vc_empty_space height=&#8221;80px&#8221;][vc_empty_space height=&#8221;80px&#8221;][vc_gallery type=&#8221;image_grid&#8221; images=&#8221;2370,2371,2372,2373,2374,2375,2376&#8243; img_size=&#8221;200&#215;100&#8243; title=&#8221;Co z czego otrzymujemy? Kukurydza &#8211; p\u0142atki kukurydziane, czyli zabawy badawcze z lup\u0105.&#8221;][vc_empty_space height=&#8221;80px&#8221;][vc_empty_space height=&#8221;80px&#8221;][vc_gallery type=&#8221;image_grid&#8221; images=&#8221;2076,2074,2075&#8243; img_size=&#8221;200&#215;100&#8243; title=&#8221;Skrzaty i warsztaty pi\u0142karskie z trenerami AWF Wroc\u0142aw&#8221;][vc_empty_space height=&#8221;80px&#8221;][vc_empty_space height=&#8221;80px&#8221;][vc_gallery type=&#8221;image_grid&#8221; images=&#8221;2037,2038,2039,2040,2041,2042&#8243; img_size=&#8221;200&#215;100&#8243; title=&#8221;Teatrzyk &#8222;Bajki Dolno\u015bl\u0105skie&#8222;&#8221;][vc_empty_space height=&#8221;80px&#8221;][vc_empty_space height=&#8221;80px&#8221;][vc_gallery type=&#8221;image_grid&#8221; images=&#8221;2026,2027,2028,2029,2030,2031,2032,2033&#8243; img_size=&#8221;200&#215;100&#8243; title=&#8221;Zielone na zdrowie&#8221;][vc_empty_space height=&#8221;80px&#8221;][vc_empty_space height=&#8221;80px&#8221;][vc_gallery type=&#8221;image_grid&#8221; images=&#8221;1940,1941,1942,1943,1944,1945&#8243; img_size=&#8221;200&#215;100&#8243; title=&#8221;Zbieramy kasztany dla hospicjum&#8221;][vc_empty_space height=&#8221;80px&#8221;][vc_empty_space height=&#8221;80px&#8221;][vc_gallery type=&#8221;image_grid&#8221; images=&#8221;1936,1937,1938&#8243; img_size=&#8221;200&#215;100&#8243; title=&#8221;Rytmika czyli muzyczne zabawy z Panem Rafa\u0142em&#8221;][vc_empty_space height=&#8221;80px&#8221;][vc_empty_space height=&#8221;80px&#8221;][vc_gallery type=&#8221;image_grid&#8221; images=&#8221;1933,1934,1935&#8243; img_size=&#8221;200&#215;100&#8243; title=&#8221;Warsztaty teatralne z Pani\u0105 Teresk\u0105&#8221;][vc_empty_space height=&#8221;80px&#8221;][vc_empty_space height=&#8221;80px&#8221;][vc_gallery type=&#8221;image_grid&#8221; images=&#8221;1925,1926&#8243; img_size=&#8221;200&#215;100&#8243; title=&#8221;Wsp\u00f3lne zabawy podczas gimnastyki og\u00f3lnorozwojowej&#8221;][vc_empty_space height=&#8221;80px&#8221;][vc_empty_space height=&#8221;80px&#8221;][vc_gallery type=&#8221;image_grid&#8221; images=&#8221;1917,1918,1919,1920,1921,1922&#8243; img_size=&#8221;200&#215;100&#8243; title=&#8221;Prezentacja wolontariuszki Vasiliki z Grecji&#8221;][vc_empty_space height=&#8221;80px&#8221;][vc_empty_space height=&#8221;80px&#8221;][vc_gallery type=&#8221;image_grid&#8221; images=&#8221;1914,1911,1912,1913,1915&#8243; img_size=&#8221;200&#215;100&#8243; title=&#8221;Nasza wolontariuszka czyta dzieciom bajk\u0119 po hiszpa\u0144sku pt. ,,Jak smakuje ksi\u0119\u017cyc\u201d &#8211; t\u0142umaczenie bajki na j\u0119zyk polski nauczycielka Alina Kosik&#8221;][vc_empty_space height=&#8221;80px&#8221;][vc_empty_space height=&#8221;80px&#8221;][vc_gallery type=&#8221;image_grid&#8221; images=&#8221;1894&#8243; img_size=&#8221;200&#215;100&#8243; title=&#8221;Czytamy pod kasztanami&#8221;][vc_empty_space height=&#8221;80px&#8221;][vc_empty_space height=&#8221;80px&#8221;][vc_gallery type=&#8221;image_grid&#8221; images=&#8221;1891,1885,1884,1883,1881&#8243; img_size=&#8221;200&#215;100&#8243; title=&#8221;Dzie\u0144 drzewa u maluszk\u00f3w&#8221;][vc_empty_space height=&#8221;80px&#8221;][vc_empty_space height=&#8221;80px&#8221;][vc_gallery type=&#8221;image_grid&#8221; images=&#8221;1862,1856,1857,1858,1855,1859,1860,1861&#8243; img_size=&#8221;200&#215;100&#8243; title=&#8221;Gry terenowe maluszk\u00f3w z okazji &#8222;Dnia jab\u0142ka&#8222;&#8221;][vc_empty_space height=&#8221;80px&#8221;][vc_empty_space height=&#8221;80px&#8221;][vc_gallery type=&#8221;image_grid&#8221; images=&#8221;1872,1864,1866,1865,1867,1868,1869,1870,1871&#8243; title=&#8221;Maluszki sadz\u0105 drzewa i krzewy w &#8222;Tajemniczym ogrodzie&#8222;&#8221;][\/vc_tta_section][vc_tta_section title=&#8221;Aktualno\u015bci&#8221; tab_id=&#8221;1568733482613-f82e959d-df6e&#8221;][vc_row_inner row_color=&#8221;#ffffff&#8221; row_head_color=&#8221;#ffffff&#8221; row_link_color=&#8221;#ffffff&#8221;][vc_column_inner width=&#8221;2\/3&#8243; css=&#8221;.vc_custom_1429074013896{padding-left: 0px !important;}&#8221;][vc_column_text]Ch\u0119tnych rodzic\u00f3w zapraszamy na konsultacje z wychowawczyniami grupy &#8211; na konsultacje prosimy umawia\u0107 si\u0119 indywidualnie poprzez skrzynk\u0119 mailow\u0105 b\u0105d\u017a osobi\u015bcie.<\/p>\n<p>&nbsp;<\/p>\n<p>Prosimy o comiesi\u0119czne dostarczenie chusteczek higienicznych i nawil\u017caj\u0105cych oraz o pozostawienie w szatni rzeczy na zmian\u0119.<\/p>\n<p>&nbsp;<\/p>\n<p>&nbsp;<\/p>\n<p>&nbsp;&nbsp;&nbsp;&nbsp;&nbsp;&nbsp;&nbsp;&nbsp;<strong>&nbsp; <\/strong><\/p>\n<p>[\/vc_column_text][\/vc_column_inner][vc_column_inner width=&#8221;1\/3&#8243; text_align=&#8221;right&#8221; css=&#8221;.vc_custom_1429074444664{padding-right: 0px !important;}&#8221;][vc_column_text][\/vc_column_text][\/vc_column_inner][\/vc_row_inner][\/vc_tta_section][vc_tta_section title=&#8221;Tematyka miesi\u0119czna&#8221; tab_id=&#8221;1568733622080-97d6701e-a304&#8243;][vc_row_inner row_color=&#8221;#ffffff&#8221; row_head_color=&#8221;#ffffff&#8221; row_link_color=&#8221;#ffffff&#8221;][vc_column_inner width=&#8221;2\/3&#8243; css=&#8221;.vc_custom_1429074013896{padding-left: 0px !important;}&#8221;][vc_column_text]<a href=\"https:\/\/przedszkole2.edu.wroclaw.pl\/wp-content\/uploads\/sites\/22\/2021\/11\/Plan-miesieczny-Listopad.pdf\">Plan miesi\u0119czny &#8211; Listopad<\/a><\/p>\n<p><a href=\"https:\/\/przedszkole2.edu.wroclaw.pl\/wp-content\/uploads\/sites\/22\/2021\/10\/Plan-miesie\u0328czny-Paz\u0301dziernik.pdf\">Plan miesie\u0328czny &#8211; Paz\u0301dziernik<\/a><\/p>\n<p><a href=\"https:\/\/przedszkole2.edu.wroclaw.pl\/wp-content\/uploads\/sites\/22\/2021\/10\/Plan-miesieczny-Wrzesien.pdf\">Plan miesi\u0119czny &#8211; Wrzesie\u0144<\/a>[\/vc_column_text][\/vc_column_inner][vc_column_inner width=&#8221;1\/3&#8243; text_align=&#8221;right&#8221; css=&#8221;.vc_custom_1429074444664{padding-right: 0px !important;}&#8221;][vc_column_text][\/vc_column_text][\/vc_column_inner][\/vc_row_inner][\/vc_tta_section][vc_tta_section title=&#8221;Ciekawostki dla rodzic\u00f3w&#8221; tab_id=&#8221;1568734189522-62b09b78-a8c2&#8243;][vc_column_text]<\/p>\n<p><strong><em>SKRZATY &#8211; ZAJ\u0118CIA DODATKOWE<br \/>\n2021\/2022<\/em><\/strong><\/p>\n<p>&nbsp;<\/p>\n<table width=\"101%\">\n<tbody>\n<tr>\n<td width=\"16%\"><strong>Dzie\u0144 \/Godzina<\/strong><\/td>\n<td width=\"16%\"><strong>PONIEDZIA\u0141EK<\/strong><\/td>\n<td width=\"16%\"><strong>WTOREK<\/strong><\/td>\n<td width=\"16%\"><strong>\u015aRODA<\/strong><\/td>\n<td width=\"16%\"><strong>CZWARTEK<\/strong><\/td>\n<td width=\"16%\"><strong>PI\u0104TEK<\/strong><\/td>\n<\/tr>\n<tr>\n<td width=\"16%\"><strong>9:00 &#8211; 9:30<\/strong><\/td>\n<td width=\"16%\">&nbsp;<\/td>\n<td width=\"16%\"><strong>* WARSZTATY TEATRALNE<\/strong><\/td>\n<td width=\"16%\">&nbsp;<\/td>\n<td width=\"16%\">&nbsp;<\/td>\n<td width=\"16%\">&nbsp;<\/td>\n<\/tr>\n<tr>\n<td width=\"16%\"><strong>9:30 &#8211; 10:00<\/strong><\/td>\n<td width=\"16%\"><strong>ANGIELSKI<\/strong><\/td>\n<td width=\"16%\"><strong>GIMNASTYKA<\/strong><\/td>\n<td width=\"16%\">&nbsp;<\/td>\n<td width=\"16%\"><strong>GIMNASTYKA<\/strong><\/td>\n<td width=\"16%\"><strong>MALI WSPANIALI<\/strong><\/td>\n<\/tr>\n<tr>\n<td width=\"16%\"><strong>11:00 &#8211; 11:30<\/strong><\/td>\n<td width=\"16%\">&nbsp;<\/td>\n<td width=\"16%\">&nbsp;<\/td>\n<td width=\"16%\"><strong>RYTMIKA<\/strong><\/td>\n<td width=\"16%\">&nbsp;<\/td>\n<td width=\"16%\">&nbsp;<\/td>\n<\/tr>\n<tr>\n<td width=\"16%\"><strong>13:45 &#8211; 14:00<\/strong><\/td>\n<td width=\"16%\"><strong>RELIGIA<\/strong><\/td>\n<td width=\"16%\">&nbsp;<\/td>\n<td width=\"16%\">&nbsp;<\/td>\n<td width=\"16%\">&nbsp;<\/td>\n<td width=\"16%\"><strong>RELIGIA<\/strong><\/td>\n<\/tr>\n<\/tbody>\n<\/table>\n<p><strong>*Warsztaty teatralne co drugi tydzie\u0144<br \/>\n**Logopeda w \u015brod\u0119<\/strong>[\/vc_column_text][vc_row_inner row_color=&#8221;#ffffff&#8221; row_head_color=&#8221;#ffffff&#8221; row_link_color=&#8221;#ffffff&#8221;][vc_column_inner width=&#8221;2\/3&#8243; css=&#8221;.vc_custom_1429074013896{padding-left: 0px !important;}&#8221;][\/vc_column_inner][vc_column_inner width=&#8221;1\/3&#8243; text_align=&#8221;right&#8221; css=&#8221;.vc_custom_1429074444664{padding-right: 0px !important;}&#8221;][vc_column_text][\/vc_column_text][\/vc_column_inner][\/vc_row_inner][\/vc_tta_section][vc_tta_section title=&#8221;Kontakt&#8221; tab_id=&#8221;1568734411896-106e8d76-d25c&#8221;][vc_row_inner][vc_column_inner width=&#8221;2\/3&#8243;][vc_column_text]W razie jakichkolwiek pyta\u0144 b\u0105d\u017a w\u0105tpliwo\u015bci zapraszamy do kontaktu mailowego z nauczycielkami grupy &#8222;Skrzaty&#8221;:<\/p>\n<p>&nbsp;<\/p>\n<p>Alina Kosik: alikos5632@edu.wroclaw.pl<\/p>\n<p>Justyna Ha\u0142adaj: jushal4393@edu.wroclaw.pl<\/p>\n<p>Alicja Podejma: alipod9573@edu.wroclaw.p[\/vc_column_text][\/vc_column_inner][vc_column_inner width=&#8221;1\/3&#8243;][vc_column_text][\/vc_column_text][\/vc_column_inner][\/vc_row_inner][\/vc_tta_section][\/vc_tta_tabs][\/vc_column][\/vc_row]<\/p>\n<p>&nbsp;<\/p>\n<\/div>","protected":false},"excerpt":{"rendered":"<p>[vc_row][vc_column][vc_tta_tabs][vc_tta_section title=&#8221;O nas&#8221; tab_id=&#8221;1568733482569-d2d1df83-d5a9&#8243;][vc_empty_space height=&#8221;80px&#8221;][vc_gallery type=&#8221;image_grid&#8221; images=&#8221;2382,2383,2384,2385,2386,2387,2388,2389,2390,2391,2392&#8243; img_size=&#8221;200&#215;100&#8243; title=&#8221;Wolontariuszka Noelia opowiada o Hiszpanii. Noelia uczy\u0142a ta\u0144ca Macarena oraz wsp\u00f3lnie z dzie\u0107mi przygotowa\u0142a hiszpa\u0144skie \u015bniadanie.&#8221;][vc_empty_space height=&#8221;80px&#8221;][vc_empty_space height=&#8221;80px&#8221;][vc_gallery type=&#8221;image_grid&#8221; images=&#8221;2395,2396,2397,2398,2399,2400,2401,2402,2403&#8243; img_size=&#8221;200&#215;100&#8243; title=&#8221;Deszczowa [&hellip;]<\/p>\n","protected":false},"author":72,"featured_media":0,"parent":2443,"menu_order":0,"comment_status":"closed","ping_status":"closed","template":"","meta":{"ngg_post_thumbnail":0,"footnotes":""},"class_list":["post-2445","page","type-page","status-publish","hentry","clearfix"],"_links":{"self":[{"href":"https:\/\/przedszkole2.edu.wroclaw.pl\/index.php\/wp-json\/wp\/v2\/pages\/2445","targetHints":{"allow":["GET"]}}],"collection":[{"href":"https:\/\/przedszkole2.edu.wroclaw.pl\/index.php\/wp-json\/wp\/v2\/pages"}],"about":[{"href":"https:\/\/przedszkole2.edu.wroclaw.pl\/index.php\/wp-json\/wp\/v2\/types\/page"}],"author":[{"embeddable":true,"href":"https:\/\/przedszkole2.edu.wroclaw.pl\/index.php\/wp-json\/wp\/v2\/users\/72"}],"replies":[{"embeddable":true,"href":"https:\/\/przedszkole2.edu.wroclaw.pl\/index.php\/wp-json\/wp\/v2\/comments?post=2445"}],"version-history":[{"count":3,"href":"https:\/\/przedszkole2.edu.wroclaw.pl\/index.php\/wp-json\/wp\/v2\/pages\/2445\/revisions"}],"predecessor-version":[{"id":5271,"href":"https:\/\/przedszkole2.edu.wroclaw.pl\/index.php\/wp-json\/wp\/v2\/pages\/2445\/revisions\/5271"}],"up":[{"embeddable":true,"href":"https:\/\/przedszkole2.edu.wroclaw.pl\/index.php\/wp-json\/wp\/v2\/pages\/2443"}],"wp:attachment":[{"href":"https:\/\/przedszkole2.edu.wroclaw.pl\/index.php\/wp-json\/wp\/v2\/media?parent=2445"}],"curies":[{"name":"wp","href":"https:\/\/api.w.org\/{rel}","templated":true}]}}