
{"id":2447,"date":"2021-11-03T10:26:59","date_gmt":"2021-11-03T09:26:59","guid":{"rendered":"https:\/\/przedszkole2.edu.wroclaw.pl\/?page_id=2447"},"modified":"2022-09-19T12:12:16","modified_gmt":"2022-09-19T10:12:16","slug":"archiwum-grupa-ogrodnikow","status":"publish","type":"page","link":"https:\/\/przedszkole2.edu.wroclaw.pl\/index.php\/archiwum-grupowe\/archiwum-grupa-ogrodnikow\/","title":{"rendered":"Archiwum 20\/21 &#8211; Grupa Ogrodnik\u00f3w"},"content":{"rendered":"<div class=\"wpb-content-wrapper\"><p>[vc_row][vc_column][vc_tta_tabs active_section=&#8221;&#8221;][vc_tta_section title=&#8221;O nas&#8221; tab_id=&#8221;1634585112767-30dd7385-4e2d&#8221;][vc_gallery type=&#8221;image_grid&#8221; images=&#8221;3232,3233,3234,3235,3236,3237,3238,3239,3240,3241,3242,3243,3244,3245,3246,3247,3248,3249,3250,3251,3252&#8243; img_size=&#8221;200&#215;100&#8243; title=&#8221;Pieczemy ciasteczka na \u015bwi\u0119ta :)&#8221;][vc_gallery type=&#8221;image_grid&#8221; images=&#8221;3218,3219,3220,3221,3222,3223,3224,3225,3226,3227,3228,3229,3230&#8243; img_size=&#8221;200&#215;100&#8243; title=&#8221;Zabawy Ogrodnik\u00f3w&#8221;][vc_gallery type=&#8221;image_grid&#8221; images=&#8221;3211,3212,3213,3214,3215&#8243; img_size=&#8221;200&#215;100&#8243; title=&#8221;Zaj\u0119cia naszych wspanialych wolontariuszek&#8221;][vc_gallery type=&#8221;image_grid&#8221; images=&#8221;3202,3203,3204,3205,3206,3207,3208,3209&#8243; img_size=&#8221;200&#215;100&#8243; title=&#8221;Kartka dla seniora- Bo warto pomaga\u0107 !&#8221;][vc_gallery type=&#8221;image_grid&#8221; images=&#8221;3190,3191,3192,3193,3194,3195,3196,3197,3198,3199,3200&#8243; img_size=&#8221;200&#215;100&#8243; title=&#8221;Dzie\u0144 \u017cyczliwo\u015bci&#8221;][vc_gallery type=&#8221;image_grid&#8221; images=&#8221;3168,3169,3170,3171,3172,3173,3174,3175,3176,3177,3178,3179,3180,3181,3182,3183,3184,3185,3186,3187,3188,3189&#8243; img_size=&#8221;200&#215;100&#8243; title=&#8221;Warsztaty &#8222;Zdrowa \u017cywno\u015b\u0107&#8222;&#8221;][vc_gallery type=&#8221;image_grid&#8221; images=&#8221;3157,3158,3159,3160,3161,3162,3163,3164,3165,3166&#8243; img_size=&#8221;200&#215;100&#8243; title=&#8221;Zaj\u0119cia z nasz\u0105 Pani\u0105 Giada :)&#8221;][vc_gallery type=&#8221;image_grid&#8221; images=&#8221;3149,3150,3151,3152,3153,3154,3155&#8243; img_size=&#8221;200X100&#8243; title=&#8221;LEGENDY WROC\u0141AWSKIE&#8221;][vc_gallery type=&#8221;image_grid&#8221; images=&#8221;3131,3132,3133,3134,3135,3136,3137,3138,3139,3140,3141,3142,3143,3144,3145,3146,3147&#8243; img_size=&#8221;200&#215;100&#8243; title=&#8221;Zabawa sensoplastyczna- JE\u017b&#8221;][vc_gallery type=&#8221;image_grid&#8221; images=&#8221;3122,3123,3124,3125,3126,3127,3128,3129&#8243; img_size=&#8221;200X100&#8243; title=&#8221;DZIE\u0143 NIEPODLEG\u0141O\u015aCI&#8221;][vc_gallery type=&#8221;image_grid&#8221; images=&#8221;2288,2289,2290,2291,2292&#8243; img_size=&#8221;200&#215;100&#8243; title=&#8221;Otrzymali\u015bmy listy z I\u0142awy \ud83d\ude42 Rado\u015bci nie by\u0142o ko\u0144ca!!!&#8221;][vc_gallery type=&#8221;image_grid&#8221; images=&#8221;2271,2272,2273,2274,2275,2276,2277,2278,2279,2280,2281,2282,2283,2284,2285,2286&#8243; img_size=&#8221;200&#215;100&#8243; title=&#8221;Zaj\u0119cia pokazowe z pi\u0142ki no\u017cnej&#8221;][vc_gallery type=&#8221;image_grid&#8221; images=&#8221;2261,2262,2263,2264,2265,2266,2267,2268,2269&#8243; img_size=&#8221;200&#215;100&#8243; title=&#8221;Wieszamy hotele dla owad\u00f3w i karmniki dla ptak\u00f3w !&#8221;][vc_gallery type=&#8221;image_grid&#8221; images=&#8221;2246,2247,2248,2249,2250,2251,2252,2253,2254,2255,2256,2257,2258,2259&#8243; img_size=&#8221;200&#215;100&#8243; title=&#8221;Budzenie zainteresowa\u0144 technicznych- WIATRCZKI&#8221;][vc_gallery type=&#8221;image_grid&#8221; images=&#8221;2243,2244,2242,2241,2240&#8243; img_size=&#8221;200&#215;100&#8243; title=&#8221;Zaj\u0119cia rytmiki i zaj\u0119cia muzyczne&#8221;][vc_gallery type=&#8221;image_grid&#8221; images=&#8221;2225,2226,2227,2228,2229,2230,2231,2232,2233,2234,2235,2236,2237,2238&#8243; img_size=&#8221;200&#215;100&#8243; title=&#8221;Zaj\u0119cia sensoryczne :)&#8221;][vc_gallery type=&#8221;image_grid&#8221; images=&#8221;2216,2217,2218,2219,2220,2221,2222,2223&#8243; img_size=&#8221;200&#215;100&#8243; title=&#8221;Dziadek Bach- koncert muzyczny&#8221;][vc_gallery type=&#8221;image_grid&#8221; images=&#8221;2211,2212,2213,2214&#8243; img_size=&#8221;200&#215;100&#8243; title=&#8221;BAJKI DOLNO\u015aL\u0104SKIE&#8221;][vc_gallery type=&#8221;image_grid&#8221; images=&#8221;2203,2204,2205,2206,2207,2208,2209&#8243; img_size=&#8221;200&#215;100&#8243; title=&#8221;POMAGAMY, BO WARTO POMAGA\u0106! Zbieranie kasztan\u00f3w dla chorych dzieci z hospicjum.&#8221;][vc_gallery type=&#8221;image_grid&#8221; images=&#8221;2182,2183,2184,2185,2186,2187,2188,2189,2190,2191,2192,2193,2194,2195,2196,2197,2198,2199&#8243; img_size=&#8221;200&#215;100&#8243; title=&#8221;Wycieczka na Poczt\u0119&#8221;][vc_gallery type=&#8221;image_grid&#8221; images=&#8221;2177,2178,2179,2180&#8243; img_size=&#8221;200&#215;100&#8243; title=&#8221;&#8222;Kolorowe drzewka z paluszkowymi listkami&#8222; i &#8222;Owoce b\u0105belkowe&#8222;- nasze zaj\u0119cia plastyczne!&#8221;][vc_gallery type=&#8221;image_grid&#8221; images=&#8221;2168,2169,2170,2171,2172,2173,2174,2175,2176&#8243; img_size=&#8221;200&#215;100&#8243; title=&#8221;Zaj\u0119cia naszych wspania\u0142ych wolontariuszek !!!&#8221;][vc_gallery type=&#8221;image_grid&#8221; images=&#8221;2162,2163,2164,2165,2166&#8243; img_size=&#8221;200&#215;100&#8243; title=&#8221;Witaminki, witaminki dla ch\u0142poczyka i dziewczynki :)&#8221;][vc_gallery type=&#8221;image_grid&#8221; images=&#8221;2159,2160,1841,1835,1838&#8243; img_size=&#8221;200&#215;100&#8243; title=&#8221;&#8222;Dzie\u0144 Drzewa&#8222;&#8221;][vc_gallery type=&#8221;image_grid&#8221; images=&#8221;2154,2155,2156,2157&#8243; img_size=&#8221;200&#215;100&#8243; title=&#8221;Robimy co\u015b dobrego ! Wykonanie Hotelu dla owad\u00f3w.&#8221;][vc_gallery type=&#8221;image_grid&#8221; images=&#8221;2150,2151,2152&#8243; img_size=&#8221;200&#215;100&#8243; title=&#8221;Urodzinki naszej wspni\u0142ej Ogrodniczki \ud83d\ude42 Zyczymy wszystkiego najlepszego!!!&#8221;][vc_gallery type=&#8221;image_grid&#8221; images=&#8221;2134,2135,2136,2137,2138,2139,2140,2141,2142,2143,2144,2145,2146,2147,2148&#8243; img_size=&#8221;200&#215;100&#8243; title=&#8221;&#8222;Jesieni\u0105 czarujemy ogr\u00f3d na wiosn\u0119&#8222;&#8221;][vc_gallery type=&#8221;image_grid&#8221; images=&#8221;2100,2101,2102,2103,2104,2098,2099&#8243; img_size=&#8221;200&#215;100&#8243; title=&#8221;Profilaktyka dbania z\u0119by z Artident&#8221;][\/vc_tta_section][vc_tta_section title=&#8221;Aktualno\u015bci&#8221; tab_id=&#8221;1634585112780-6a955c21-5e67&#8243;][\/vc_tta_section][vc_tta_section title=&#8221;Tematyka miesi\u0119czna&#8221; tab_id=&#8221;1634585115745-2f656aa7-cbd3&#8243;][vc_column_text]<strong><u>\u00a0<\/u><\/strong><\/p>\n<p><strong>Tematyka na grudzie\u0144:<\/strong><\/p>\n<p>1. Co cieszy Miko\u0142aja?<\/p>\n<p>2. Jakie sporty uprawia Pani Zima?<\/p>\n<p>3. O czym w \u015bwi\u0119ta ka\u017cdy z nas pami\u0119ta?<\/p>\n<p>4. Kt\u00f3ry \u017cywio\u0142 jest najwa\u017cniejszy?<\/p>\n<p>&nbsp;<\/p>\n<p><strong>Zamierzenia wychowawczo dydaktyczne:<\/strong><\/p>\n<p>\u00b7 Rozwijanie dzieci\u0119cej wyobra\u017ani,<\/p>\n<p>\u00b7 Zapoznaje si\u0119 z tradycjami zwi\u0105zanymi ze \u015aw. Miko\u0142ajem w r\u00f3\u017cnych krajach?<\/p>\n<p>\u00b7 Czym jest wolontariat?<\/p>\n<p>\u00b7 Rozwijanie aktywno\u015bci muzyczno- ruchowej,<\/p>\n<p>\u00b7 Rozwijanie mowy<\/p>\n<p>\u00b7 Jak wygl\u0105da i czym zajmuje si\u0119 g\u00f3rnik?<\/p>\n<p>\u00b7 Jakie s\u0105 oznaki zimy?<\/p>\n<p>\u00b7 Poznanie dni tygodnia,<\/p>\n<p>\u00b7 Zapoznanie si\u0119 ze sportami zimowymi,<\/p>\n<p>\u00b7 Poznanie kol\u0119d i pastora\u0142ek \u015bpiewanych w \u015bwi\u0119ta Bo\u017cego Narodzenia,<\/p>\n<p>\u00b7 Tworzenie dekoracji \u015bwi\u0105tecznych,<\/p>\n<p>\u00b7 Poznanie charakterystycznych cech \u017cywio\u0142\u00f3w: ognia, wody, ziemi, powietrza, poznanie ich roli w \u017cyciu cz\u0142owieka,<\/p>\n<p>\u00b7 Dbanie o dobre samopoczucie swoje i innych os\u00f3b,<\/p>\n<p>\u00b7 Kszta\u0142towanie umiej\u0119tno\u015bci funkcjonowania w grupie r\u00f3wie\u015bniczej.[\/vc_column_text][\/vc_tta_section][vc_tta_section title=&#8221;Ciekawostki dla rodzic\u00f3w&#8221; tab_id=&#8221;1634585117951-5e7d7bd7-76f0&#8243;][vc_column_text]<\/p>\n<table width=\"100%\">\n<tbody>\n<tr>\n<td width=\"20%\"><strong>Poniedzia\u0142ek<\/strong><\/td>\n<td width=\"20%\"><strong>Wtorek<\/strong><\/td>\n<td width=\"20%\"><strong>\u015aroda<\/strong><\/td>\n<td width=\"20%\"><strong>Czwartek<\/strong><\/td>\n<td width=\"20%\"><strong>Pi\u0105tek<\/strong><\/td>\n<\/tr>\n<tr>\n<td width=\"20%\">J. angielski<\/p>\n<p>10:00-10:30<\/td>\n<td width=\"20%\">&nbsp;<\/p>\n<p>Teatr (co 2 tygodnie)<\/p>\n<p>09:30-10:00<\/p>\n<p>&nbsp;<\/td>\n<td width=\"20%\">Logopedia<\/td>\n<td width=\"20%\">Gimnastyka<\/p>\n<p>10:00-10:30<\/td>\n<td width=\"20%\">Mali Wspaniali<\/p>\n<p>10:00-10:30<\/td>\n<\/tr>\n<tr>\n<td width=\"20%\">Religia<\/p>\n<p>13:15-13:45<\/td>\n<td width=\"20%\">Gimnastyka<\/p>\n<p>10:00-10:30<\/td>\n<td width=\"20%\">Rytmika<\/p>\n<p>12:00-12:30<\/td>\n<td width=\"20%\"><\/td>\n<td width=\"20%\">Religia<\/p>\n<p>13:15-13:45<\/td>\n<\/tr>\n<\/tbody>\n<\/table>\n<p>[\/vc_column_text][\/vc_tta_section][vc_tta_section title=&#8221;Kontakt&#8221; tab_id=&#8221;1634585714236-bbc95a95-2ad3&#8243;][vc_column_text]<strong>Kontakt do wychowawc\u00f3w:<\/strong><\/p>\n<p>Pani Monika Makowska: \u00a0 <strong>makmon3943@edu.wroclaw.pl<\/strong><\/p>\n<p>Pani Katarzyna Ruczy\u0144ska:\u00a0\u00a0 <strong>katruc7586@edu.wroclaw.pl<\/strong>[\/vc_column_text][\/vc_tta_section][\/vc_tta_tabs][vc_gallery type=&#8221;image_grid&#8221; images=&#8221;2106,2107,2108,2109,2110,2111,2112,2113,2114,2115,2116,2117,2118,2119,2120,2121,2122,2123,2124,2125,2126,2127,2128,2129,2130,2131,2132&#8243; img_size=&#8221;200&#215;100&#8243; title=&#8221;Wrze\u015bniowe warsztaty kulinarno-zdrowotne &#8222;Zdrowa misja&#8222;.&#8221;][\/vc_column][\/vc_row][vc_row][vc_column][vc_column_text]<\/p>\n<p>[\/vc_column_text][\/vc_column][\/vc_row]<\/p>\n<\/div>","protected":false},"excerpt":{"rendered":"<p>[vc_row][vc_column][vc_tta_tabs active_section=&#8221;&#8221;][vc_tta_section title=&#8221;O nas&#8221; tab_id=&#8221;1634585112767-30dd7385-4e2d&#8221;][vc_gallery type=&#8221;image_grid&#8221; images=&#8221;3232,3233,3234,3235,3236,3237,3238,3239,3240,3241,3242,3243,3244,3245,3246,3247,3248,3249,3250,3251,3252&#8243; img_size=&#8221;200&#215;100&#8243; title=&#8221;Pieczemy ciasteczka na \u015bwi\u0119ta :)&#8221;][vc_gallery type=&#8221;image_grid&#8221; images=&#8221;3218,3219,3220,3221,3222,3223,3224,3225,3226,3227,3228,3229,3230&#8243; img_size=&#8221;200&#215;100&#8243; title=&#8221;Zabawy Ogrodnik\u00f3w&#8221;][vc_gallery type=&#8221;image_grid&#8221; images=&#8221;3211,3212,3213,3214,3215&#8243; img_size=&#8221;200&#215;100&#8243; title=&#8221;Zaj\u0119cia naszych wspanialych wolontariuszek&#8221;][vc_gallery type=&#8221;image_grid&#8221; images=&#8221;3202,3203,3204,3205,3206,3207,3208,3209&#8243; img_size=&#8221;200&#215;100&#8243; title=&#8221;Kartka dla [&hellip;]<\/p>\n","protected":false},"author":72,"featured_media":0,"parent":2443,"menu_order":0,"comment_status":"closed","ping_status":"closed","template":"","meta":{"ngg_post_thumbnail":0,"footnotes":""},"class_list":["post-2447","page","type-page","status-publish","hentry","clearfix"],"_links":{"self":[{"href":"https:\/\/przedszkole2.edu.wroclaw.pl\/index.php\/wp-json\/wp\/v2\/pages\/2447","targetHints":{"allow":["GET"]}}],"collection":[{"href":"https:\/\/przedszkole2.edu.wroclaw.pl\/index.php\/wp-json\/wp\/v2\/pages"}],"about":[{"href":"https:\/\/przedszkole2.edu.wroclaw.pl\/index.php\/wp-json\/wp\/v2\/types\/page"}],"author":[{"embeddable":true,"href":"https:\/\/przedszkole2.edu.wroclaw.pl\/index.php\/wp-json\/wp\/v2\/users\/72"}],"replies":[{"embeddable":true,"href":"https:\/\/przedszkole2.edu.wroclaw.pl\/index.php\/wp-json\/wp\/v2\/comments?post=2447"}],"version-history":[{"count":15,"href":"https:\/\/przedszkole2.edu.wroclaw.pl\/index.php\/wp-json\/wp\/v2\/pages\/2447\/revisions"}],"predecessor-version":[{"id":5272,"href":"https:\/\/przedszkole2.edu.wroclaw.pl\/index.php\/wp-json\/wp\/v2\/pages\/2447\/revisions\/5272"}],"up":[{"embeddable":true,"href":"https:\/\/przedszkole2.edu.wroclaw.pl\/index.php\/wp-json\/wp\/v2\/pages\/2443"}],"wp:attachment":[{"href":"https:\/\/przedszkole2.edu.wroclaw.pl\/index.php\/wp-json\/wp\/v2\/media?parent=2447"}],"curies":[{"name":"wp","href":"https:\/\/api.w.org\/{rel}","templated":true}]}}