
{"id":2449,"date":"2021-11-03T10:27:27","date_gmt":"2021-11-03T09:27:27","guid":{"rendered":"https:\/\/przedszkole2.edu.wroclaw.pl\/?page_id=2449"},"modified":"2022-09-19T12:11:56","modified_gmt":"2022-09-19T10:11:56","slug":"archiwum-grupa-tropiciele","status":"publish","type":"page","link":"https:\/\/przedszkole2.edu.wroclaw.pl\/index.php\/archiwum-grupowe\/archiwum-grupa-tropiciele\/","title":{"rendered":"Archiwum 20\/21 &#8211; Grupa Tropiciele"},"content":{"rendered":"<div class=\"wpb-content-wrapper\"><p>[vc_row][vc_column][vc_tta_tabs][vc_tta_section title=&#8221;O nas&#8221; tab_id=&#8221;1568738369775-3ead49ff-917d&#8221;][vc_column_text]<strong>Jesienne zabawy \ud83d\ude42<\/strong><\/p>\n<p>[\/vc_column_text][vc_column_text]<strong>Zaj\u0119cia pokazowe z pi\u0142ki no\u017cnej<\/strong><\/p>\n<p>Dzieci mia\u0142y okazj\u0119 wzi\u0105\u0107 udzia\u0142 w pokazowych zaj\u0119ciach z pi\u0142ki no\u017cnej, prowadzonych przez trener\u00f3w z klubu sportowego &#8222;Spartan&#8221;. Pogoda sp\u0142ata\u0142a nam figla i zaj\u0119cia odby\u0142y si\u0119 w naszej sali. Pomimo ograniczonej przestrzeni zaj\u0119cia by\u0142y atrakcyjne i ciekawe, a dzieci bawi\u0142y si\u0119 \u015bwietnie!<\/p>\n<p>[\/vc_column_text][vc_column_text]<strong>\u201eNasi superbohaterowie\u201d<\/strong><\/p>\n<p>Na ostatnich zaj\u0119ciach dzieci pokaza\u0142y swoje supermoce! Dzi\u0119ki nim mog\u0105 pomaga\u0107 innym, sprawia\u0107 rado\u015b\u0107 najbli\u017cszym i sobie!<\/p>\n<p>[\/vc_column_text][vc_gallery type=&#8221;image_grid&#8221; images=&#8221;2084,2083,2082,2085,2081,2078&#8243; img_size=&#8221;200&#215;100&#8243; title=&#8221;Makaronowe wzorki u &#8222;Tropicieli&#8222;&#8221;][vc_gallery type=&#8221;image_grid&#8221; images=&#8221;1965,1966,1967,1968,1969,1970,1971,1972&#8243; img_size=&#8221;200&#215;100&#8243; title=&#8221;Pa\u017adziernikowe warsztaty kulinarne &#8222;Zdrowa misja&#8222; u Tropicieli&#8221;][vc_gallery type=&#8221;image_grid&#8221; images=&#8221;1958,1956,1955,1957&#8243; img_size=&#8221;200&#215;100&#8243; title=&#8221;Spacer do parku Szczytnickiego w poszukiwaniu Jesieni&#8221;][vc_gallery type=&#8221;image_grid&#8221; images=&#8221;1951,1950,1952,1954,1953&#8243; img_size=&#8221;200&#215;100&#8243; title=&#8221;Zaj\u0119cia z wolontariuszk\u0105 Vasiliki &#8211; prezentacja jej kraju Grecji&#8221;][vc_gallery type=&#8221;image_grid&#8221; images=&#8221;1959,1960,1962,1961,1963&#8243; img_size=&#8221;200&#215;100&#8243; title=&#8221;Zbieramy kasztany dla Wroc\u0142awskiego Hospicjum w ramach akcji &#8222;Kasztanki dla Hospicjum&#8222;&#8221;][\/vc_tta_section][vc_tta_section title=&#8221;Aktualno\u015bci&#8221; tab_id=&#8221;1568738369819-216a5b2d-f4a9&#8243;][vc_row_inner row_color=&#8221;#ffffff&#8221; row_head_color=&#8221;#ffffff&#8221; row_link_color=&#8221;#ffffff&#8221;][vc_column_inner width=&#8221;2\/3&#8243; css=&#8221;.vc_custom_1429074013896{padding-left: 0px !important;}&#8221;][vc_column_text][\/vc_column_text][vc_gallery type=&#8221;image_grid&#8221; images=&#8221;1793,1791,1792,1790&#8243; css_animation=&#8221;fadeIn&#8221; title=&#8221;Jesienne rozgrywki terenowe u Tropicieli z okazji &#8222;Dnia jab\u0142ka&#8222;&#8221;][\/vc_column_inner][vc_column_inner width=&#8221;1\/3&#8243; text_align=&#8221;right&#8221; css=&#8221;.vc_custom_1429074444664{padding-right: 0px !important;}&#8221;][vc_column_text][\/vc_column_text][\/vc_column_inner][\/vc_row_inner][\/vc_tta_section][vc_tta_section title=&#8221;Tematyka miesi\u0119czna&#8221; tab_id=&#8221;1568738414408-8e3af4dd-3d00&#8243;][vc_row_inner row_color=&#8221;#ffffff&#8221; row_head_color=&#8221;#ffffff&#8221; row_link_color=&#8221;#ffffff&#8221;][vc_column_inner width=&#8221;2\/3&#8243; css=&#8221;.vc_custom_1429074013896{padding-left: 0px !important;}&#8221;][vc_column_text]Tematyka \u201eTropiciele\u201d Listopad<\/p>\n<ol>\n<li>Miejsce, w kt\u00f3rym mieszkam.<br \/>\n2. Co powinien wiedzie\u0107 ka\u017cdy Polak?<br \/>\n3. Czy Kujawiak mo\u017ce ta\u0144czy\u0107 krakowiaka?<br \/>\n4. Gdzie mo\u017cna spotka\u0107 Ma\u0142\u0105 Nied\u017awiedzic\u0119 i Du\u017c\u0105 Nied\u017awiedzic\u0119?<\/li>\n<\/ol>\n<p>Zamierzenia dydaktyczne:<br \/>\n\u2022 rozwijanie koordynacji ruchowej<br \/>\n\u2022 nabywanie p\u0142ynno\u015bci ruch\u00f3w r\u0105k<br \/>\n\u2022 nabywanie precyzji w wykonywaniu ruch\u00f3w r\u0105k<br \/>\n\u2022 wyodr\u0119bnianie g\u0142osek<br \/>\n\u2022 uk\u0142adanie wyraz\u00f3w<br \/>\n\u2022 rozpoznawanie liter<br \/>\n\u2022 czytanie kr\u00f3tkich zda\u0144<br \/>\n\u2022 rozwijanie wiedzy na temat miejscowo\u015bci, w kt\u00f3rej dziecko mieszka oraz wiedzy na temat naszego kraju<br \/>\n\u2022 wskazywanie na mapie lokalizacji swojej miejscowo\u015bci<br \/>\n\u2022 utrwalenie znajomo\u015bci symboli narodowych<br \/>\n\u2022 poznawanie modelu kuli ziemskiej<br \/>\n\u2022 poznawanie nazw planet uk\u0142adu s\u0142onecznego<br \/>\n\u2022 poznawanie ciekawostek na temat wszech\u015bwiata<br \/>\n\u2022 poznawanie tradycji, zwyczaj\u00f3w, ba\u015bni W\u0142och, Hiszpanii oraz Grecji<br \/>\n\u2022<\/p>\n<p>Wydarzenia:<br \/>\n5.11 \u2013 Dzie\u0144 Postaci z Bajek<br \/>\n10.11 \u2013 Dzie\u0144 Niepodleg\u0142o\u015bci<br \/>\n20.11 Dzie\u0144 \u017byczliwo\u015bci<br \/>\n22.11 \u2013 26.11. Tydzie\u0144 edukacji Globalnej<br \/>\n25.11 \u2013 Dzie\u0144 Pluszowego Misia[\/vc_column_text][\/vc_column_inner][vc_column_inner width=&#8221;1\/3&#8243; text_align=&#8221;right&#8221; css=&#8221;.vc_custom_1429074444664{padding-right: 0px !important;}&#8221;][vc_column_text][\/vc_column_text][\/vc_column_inner][\/vc_row_inner][\/vc_tta_section][vc_tta_section title=&#8221;Ciekawostki dla rodzic\u00f3w&#8221; tab_id=&#8221;1568738435361-b6d4037e-54a8&#8243;][vc_row_inner row_color=&#8221;#ffffff&#8221; row_head_color=&#8221;#ffffff&#8221; row_link_color=&#8221;#ffffff&#8221;][vc_column_inner width=&#8221;2\/3&#8243; css=&#8221;.vc_custom_1429074013896{padding-left: 0px !important;}&#8221;][vc_column_text]<strong>TROPICIELE- zaj\u0119cia dodatkowe<\/strong><\/p>\n<table>\n<tbody>\n<tr>\n<td width=\"101\"><strong>Nazwa zaj\u0119\u0107<\/strong><\/td>\n<td width=\"101\"><strong>poniedzia\u0142ek<\/strong><\/td>\n<td width=\"101\"><strong>wtorek<\/strong><\/td>\n<td width=\"101\"><strong>\u015broda<\/strong><\/td>\n<td width=\"101\"><strong>czwartek<\/strong><\/td>\n<td width=\"101\"><strong>pi\u0105tek<\/strong><\/td>\n<\/tr>\n<tr>\n<td width=\"101\"><strong>Rytmika <\/strong><\/td>\n<td width=\"101\">&nbsp;<\/td>\n<td width=\"101\">&nbsp;<\/td>\n<td width=\"101\">12.30 &#8211; 13.00<\/td>\n<td width=\"101\">&nbsp;<\/td>\n<td width=\"101\">&nbsp;<\/td>\n<\/tr>\n<tr>\n<td width=\"101\"><strong>Gimnastyka korekcyjna<\/strong><\/td>\n<td width=\"101\">&nbsp;<\/td>\n<td width=\"101\">9.00-9.30<\/td>\n<td width=\"101\">&nbsp;<\/td>\n<td width=\"101\">9.00-9.30<\/td>\n<td width=\"101\">&nbsp;<\/td>\n<\/tr>\n<tr>\n<td width=\"101\"><strong>Religia<\/strong><\/td>\n<td width=\"101\">12.45-13.00<\/td>\n<td width=\"101\">&nbsp;<\/td>\n<td width=\"101\">&nbsp;<\/td>\n<td width=\"101\">&nbsp;<\/td>\n<td width=\"101\">12.45-13.00<\/td>\n<\/tr>\n<tr>\n<td width=\"101\"><strong>Zaj\u0119cia teatralne<\/strong><\/td>\n<td width=\"101\">&nbsp;<\/td>\n<td width=\"101\">10.00-10.30<\/td>\n<td width=\"101\">&nbsp;<\/td>\n<td width=\"101\">&nbsp;<\/td>\n<td width=\"101\">&nbsp;<\/td>\n<\/tr>\n<tr>\n<td width=\"101\"><strong>logopeda<\/strong><\/td>\n<td width=\"101\">&nbsp;<\/td>\n<td width=\"101\">&nbsp;<\/td>\n<td width=\"101\">9.00-10.30.<\/td>\n<td width=\"101\">&nbsp;<\/td>\n<td width=\"101\">&nbsp;<\/td>\n<\/tr>\n<\/tbody>\n<\/table>\n<ol start=\"10\">\n<li>angielski- poniedzia\u0142ek godz.10.30<\/li>\n<\/ol>\n<p>Mali Wspaniali &#8211; pi\u0105tek godz.9.00[\/vc_column_text][\/vc_column_inner][vc_column_inner width=&#8221;1\/3&#8243; text_align=&#8221;right&#8221; css=&#8221;.vc_custom_1429074444664{padding-right: 0px !important;}&#8221;][vc_column_text][\/vc_column_text][\/vc_column_inner][\/vc_row_inner][\/vc_tta_section][vc_tta_section title=&#8221;Kontakt&#8221; tab_id=&#8221;1568738455146-8cdb6982-e7de&#8221;][vc_row_inner][vc_column_inner width=&#8221;2\/3&#8243;][vc_column_text][\/vc_column_text][\/vc_column_inner][vc_column_inner width=&#8221;1\/3&#8243;][vc_column_text][\/vc_column_text][\/vc_column_inner][\/vc_row_inner][\/vc_tta_section][\/vc_tta_tabs][vc_tta_tabs][vc_tta_section title=&#8221;O nas&#8221; tab_id=&#8221;1634491922503-3f05dc79-1778&#8243;][vc_gallery type=&#8221;image_grid&#8221; images=&#8221;1764,1761,1763,1762&#8243; img_size=&#8221;200&#215;100&#8243; title=&#8221;Wrze\u015bniowe warsztaty kulinarno-zdrowotne &#8222;Zdrowa misja&#8222; u Tropicieli&#8221;][\/vc_tta_section][vc_tta_section title=&#8221;Aktualno\u015bci&#8221; tab_id=&#8221;1634491922505-82890419-7561&#8243;][vc_row_inner row_color=&#8221;#ffffff&#8221; row_head_color=&#8221;#ffffff&#8221; row_link_color=&#8221;#ffffff&#8221;][vc_column_inner width=&#8221;2\/3&#8243; css=&#8221;.vc_custom_1429074013896{padding-left: 0px !important;}&#8221;][vc_column_text][\/vc_column_text][vc_gallery type=&#8221;image_grid&#8221; images=&#8221;1793,1791,1792,1790&#8243; css_animation=&#8221;fadeIn&#8221; title=&#8221;Jesienne rozgrywki terenowe u Tropicieli z okazji &#8222;Dnia jab\u0142ka&#8222;&#8221;][\/vc_column_inner][vc_column_inner width=&#8221;1\/3&#8243; text_align=&#8221;right&#8221; css=&#8221;.vc_custom_1429074444664{padding-right: 0px !important;}&#8221;][vc_column_text][\/vc_column_text][\/vc_column_inner][\/vc_row_inner][\/vc_tta_section][vc_tta_section title=&#8221;Tematyka miesi\u0119czna&#8221; tab_id=&#8221;1634491922510-2f889064-48fe&#8221;][vc_row_inner row_color=&#8221;#ffffff&#8221; row_head_color=&#8221;#ffffff&#8221; row_link_color=&#8221;#ffffff&#8221;][vc_column_inner width=&#8221;2\/3&#8243; css=&#8221;.vc_custom_1429074013896{padding-left: 0px !important;}&#8221;][vc_column_text]<em>Grupa \u201eTropiciele\u201d<\/em><\/p>\n<p><em>Tematyka pa\u017adziernik<\/em><\/p>\n<ol>\n<li><em>Kto mo\u017ce by\u0107 nauczycielem?<\/em><\/li>\n<li><em>W co si\u0119 bawi z nami jesienny wiatr ?<\/em><\/li>\n<li><em>Jaki plan na jesie\u0144 maj\u0105 zwierz\u0119ta?<\/em><\/li>\n<li><em>Dlaczego nawet superbohater ma obowi\u0105zki?<\/em><\/li>\n<\/ol>\n<p><em>&nbsp;<\/em><\/p>\n<p>Zamierzenia wychowawczo-dydaktyczne:<\/p>\n<ul>\n<li>rozwijanie mowy, zapoznanie z prac\u0105 nauczyciela,<\/li>\n<li>rozwijanie s\u0142uchu fonematycznego, rozpoznawanie i nazywanie poznanych liter<\/li>\n<li>rozwijanie aktywno\u015bci muzyczno-ruchowej,<\/li>\n<li>rozwijanie mowy, kszta\u0142towanie umiej\u0119tno\u015bci w\u0142a\u015bciwego doboru stroju do pogody,<\/li>\n<li>rozwijanie umiej\u0119tno\u015bci liczenia, poznawanie zapisu cyfrowego liczby <strong>2<\/strong>, 3, 4<\/li>\n<li>utrwalenie poj\u0119cia <em>para<\/em>,<\/li>\n<li>rozwijanie wyobra\u017ani dzieci<\/li>\n<li>rozwijanie umiej\u0119tno\u015bci plastycznych.<\/li>\n<li>rozwijanie aktywno\u015bci badawczej<\/li>\n<li>rozwijanie mowy, wzbogacanie wiedzy na temat jesiennych zwyczaj\u00f3w zwierz\u0105t,<\/li>\n<li>rozwijanie zainteresowa\u0144 przyrodniczych<\/li>\n<li>wdra\u017canie dzieci do pomocy w obowi\u0105zkach domowych.<\/li>\n<li>rozwijanie wiedzy na temat rodziny,<\/li>\n<li>utrwalenie nazw figur geometrycznych<\/li>\n<\/ul>\n<p>[\/vc_column_text][\/vc_column_inner][vc_column_inner width=&#8221;1\/3&#8243; text_align=&#8221;right&#8221; css=&#8221;.vc_custom_1429074444664{padding-right: 0px !important;}&#8221;][vc_column_text][\/vc_column_text][\/vc_column_inner][\/vc_row_inner][\/vc_tta_section][vc_tta_section title=&#8221;Ciekawostki dla rodzic\u00f3w&#8221; tab_id=&#8221;1634491922513-faa186ac-fe13&#8243;][vc_row_inner row_color=&#8221;#ffffff&#8221; row_head_color=&#8221;#ffffff&#8221; row_link_color=&#8221;#ffffff&#8221;][vc_column_inner width=&#8221;2\/3&#8243; css=&#8221;.vc_custom_1429074013896{padding-left: 0px !important;}&#8221;][vc_column_text]<strong>TROPICIELE- zaj\u0119cia dodatkowe<\/strong><\/p>\n<table>\n<tbody>\n<tr>\n<td width=\"101\"><strong>Nazwa zaj\u0119\u0107<\/strong><\/td>\n<td width=\"101\"><strong>poniedzia\u0142ek<\/strong><\/td>\n<td width=\"101\"><strong>wtorek<\/strong><\/td>\n<td width=\"101\"><strong>\u015broda<\/strong><\/td>\n<td width=\"101\"><strong>czwartek<\/strong><\/td>\n<td width=\"101\"><strong>pi\u0105tek<\/strong><\/td>\n<\/tr>\n<tr>\n<td width=\"101\"><strong>Rytmika <\/strong><\/td>\n<td width=\"101\">&nbsp;<\/td>\n<td width=\"101\">&nbsp;<\/td>\n<td width=\"101\">12.30 &#8211; 13.00<\/td>\n<td width=\"101\">&nbsp;<\/td>\n<td width=\"101\">&nbsp;<\/td>\n<\/tr>\n<tr>\n<td width=\"101\"><strong>Gimnastyka korekcyjna<\/strong><\/td>\n<td width=\"101\">&nbsp;<\/td>\n<td width=\"101\">9.00-9.30<\/td>\n<td width=\"101\">&nbsp;<\/td>\n<td width=\"101\">9.00-9.30<\/td>\n<td width=\"101\">&nbsp;<\/td>\n<\/tr>\n<tr>\n<td width=\"101\"><strong>Religia<\/strong><\/td>\n<td width=\"101\">12.45-13.00<\/td>\n<td width=\"101\">&nbsp;<\/td>\n<td width=\"101\">&nbsp;<\/td>\n<td width=\"101\">&nbsp;<\/td>\n<td width=\"101\">12.45-13.00<\/td>\n<\/tr>\n<tr>\n<td width=\"101\"><strong>Zaj\u0119cia teatralne<\/strong><\/td>\n<td width=\"101\">&nbsp;<\/td>\n<td width=\"101\">10.00-10.30<\/td>\n<td width=\"101\">&nbsp;<\/td>\n<td width=\"101\">&nbsp;<\/td>\n<td width=\"101\">&nbsp;<\/td>\n<\/tr>\n<tr>\n<td width=\"101\"><strong>logopeda<\/strong><\/td>\n<td width=\"101\">&nbsp;<\/td>\n<td width=\"101\">&nbsp;<\/td>\n<td width=\"101\">9.00-10.30.<\/td>\n<td width=\"101\">&nbsp;<\/td>\n<td width=\"101\">&nbsp;<\/td>\n<\/tr>\n<\/tbody>\n<\/table>\n<ol start=\"10\">\n<li>angielski- poniedzia\u0142ek godz.10.30<\/li>\n<\/ol>\n<p>Mali Wspaniali &#8211; pi\u0105tek godz.9.00[\/vc_column_text][\/vc_column_inner][vc_column_inner width=&#8221;1\/3&#8243; text_align=&#8221;right&#8221; css=&#8221;.vc_custom_1429074444664{padding-right: 0px !important;}&#8221;][vc_column_text][\/vc_column_text][\/vc_column_inner][\/vc_row_inner][\/vc_tta_section][vc_tta_section title=&#8221;Kontakt&#8221; tab_id=&#8221;1634491922516-d6e78482-357f&#8221;][vc_row_inner][vc_column_inner width=&#8221;2\/3&#8243;][vc_column_text][\/vc_column_text][\/vc_column_inner][vc_column_inner width=&#8221;1\/3&#8243;][vc_column_text][\/vc_column_text][\/vc_column_inner][\/vc_row_inner][\/vc_tta_section][\/vc_tta_tabs][vc_images_carousel images=&#8221;1773,1767,1766,1768,1769,1770,1772,1771&#8243; title=&#8221;Profilaktyka z\u0119b\u00f3w z Artident u Tropicieli&#8221;][vc_images_carousel images=&#8221;1834,1835,1836,1837,1838,1841,1839,1851&#8243; title=&#8221;&#8222;Dzie\u0144 drzewa&#8222; po\u0142\u0105czony z grami terenowymi i czytaniem w cieniu kasztanowca na terenie &#8222;Tajemniczego ogrodu&#8222;&#8221;][vc_gallery interval=&#8221;3&#8243; images=&#8221;1848,1845,1846,1847&#8243; title=&#8221;Sadzenie drzewek i krzew\u00f3w w &#8222;Tajemniczym ogrodzie&#8222;&#8221;][vc_gallery interval=&#8221;5&#8243; images=&#8221;1813,1814,1815,1816&#8243; title=&#8221;&#8222;Technikoludek czli dziecko w \u015bwiecie technologii&#8222; &#8211; realizujemy zadania wrze\u015bniowe projektu &#8211; Tworzymy w\u0142asnego Technikoludka&#8221;][vc_gallery interval=&#8221;3&#8243; images=&#8221;1097,1098,1099,1100,1101,1102,1103,1104,1105,1106,1107&#8243; title=&#8221;Zimowe zaj\u0119cia sportowe w naszym przedszkolnym ogrodzie&#8221;][vc_gallery interval=&#8221;3&#8243; images=&#8221;1108,1109,1110,1111,1112,1113,1114,1115&#8243; title=&#8221;Walentynki u Tropicieli&#8221;][vc_single_image image=&#8221;1116&#8243; title=&#8221;T\u0142usty Czwartek&#8221;][vc_gallery interval=&#8221;3&#8243; images=&#8221;1118,1119,1120,1121,1117&#8243; title=&#8221;8 marca i nasze Tropicielki&#8221;][\/vc_column][\/vc_row][vc_row][vc_column][\/vc_column][\/vc_row][vc_row][vc_column][\/vc_column][\/vc_row]<\/p>\n<p>&nbsp;<\/p>\n<\/div>","protected":false},"excerpt":{"rendered":"<p>[vc_row][vc_column][vc_tta_tabs][vc_tta_section title=&#8221;O nas&#8221; tab_id=&#8221;1568738369775-3ead49ff-917d&#8221;][vc_column_text]Jesienne zabawy \ud83d\ude42 [\/vc_column_text][vc_column_text]Zaj\u0119cia pokazowe z pi\u0142ki no\u017cnej Dzieci mia\u0142y okazj\u0119 wzi\u0105\u0107 udzia\u0142 w pokazowych zaj\u0119ciach z pi\u0142ki no\u017cnej, prowadzonych przez trener\u00f3w z klubu sportowego &#8222;Spartan&#8221;. Pogoda [&hellip;]<\/p>\n","protected":false},"author":72,"featured_media":0,"parent":2443,"menu_order":0,"comment_status":"closed","ping_status":"closed","template":"","meta":{"ngg_post_thumbnail":0,"footnotes":""},"class_list":["post-2449","page","type-page","status-publish","hentry","clearfix"],"_links":{"self":[{"href":"https:\/\/przedszkole2.edu.wroclaw.pl\/index.php\/wp-json\/wp\/v2\/pages\/2449","targetHints":{"allow":["GET"]}}],"collection":[{"href":"https:\/\/przedszkole2.edu.wroclaw.pl\/index.php\/wp-json\/wp\/v2\/pages"}],"about":[{"href":"https:\/\/przedszkole2.edu.wroclaw.pl\/index.php\/wp-json\/wp\/v2\/types\/page"}],"author":[{"embeddable":true,"href":"https:\/\/przedszkole2.edu.wroclaw.pl\/index.php\/wp-json\/wp\/v2\/users\/72"}],"replies":[{"embeddable":true,"href":"https:\/\/przedszkole2.edu.wroclaw.pl\/index.php\/wp-json\/wp\/v2\/comments?post=2449"}],"version-history":[{"count":3,"href":"https:\/\/przedszkole2.edu.wroclaw.pl\/index.php\/wp-json\/wp\/v2\/pages\/2449\/revisions"}],"predecessor-version":[{"id":5270,"href":"https:\/\/przedszkole2.edu.wroclaw.pl\/index.php\/wp-json\/wp\/v2\/pages\/2449\/revisions\/5270"}],"up":[{"embeddable":true,"href":"https:\/\/przedszkole2.edu.wroclaw.pl\/index.php\/wp-json\/wp\/v2\/pages\/2443"}],"wp:attachment":[{"href":"https:\/\/przedszkole2.edu.wroclaw.pl\/index.php\/wp-json\/wp\/v2\/media?parent=2449"}],"curies":[{"name":"wp","href":"https:\/\/api.w.org\/{rel}","templated":true}]}}