
{"id":3111,"date":"2022-12-15T16:30:32","date_gmt":"2022-12-15T15:30:32","guid":{"rendered":"https:\/\/przedszkole2.edu.wroclaw.pl\/?page_id=3111"},"modified":"2026-04-10T10:44:00","modified_gmt":"2026-04-10T08:44:00","slug":"ogrodnicy","status":"publish","type":"page","link":"https:\/\/przedszkole2.edu.wroclaw.pl\/index.php\/grupy\/ogrodnicy\/","title":{"rendered":"Ogrodnicy"},"content":{"rendered":"<div class=\"wpb-content-wrapper\"><p>[vc_row][vc_column][vc_column_text css=&#8221;&#8221;]<strong>Grupa Ogrodnicy<\/strong><\/p>\n<p>nauczyciele: Barbara Czarniecka, Irena Lewicka, Izabela Michalska-\u015awito\u0144<\/p>\n<p>Pomoc nauczyciela: Pani Agnieszka, Pani Aleksandra<\/p>\n<p>Pomoc techniczna: Pani Ma\u0142gorzata[\/vc_column_text][\/vc_column][\/vc_row][vc_row][vc_column][vc_column_text css=&#8221;&#8221;]<b>Grafik zaj\u0119\u0107 dodatkowych<\/b><\/p>\n<p>wtorek: rytmika godz. 12.00<\/p>\n<p>\u015broda: j. angielski godz. 9.30<\/p>\n<p>gimnastyka godz. 13.00<\/p>\n<p>czwartek: Mali Wspaniali godz. 9.30<\/p>\n<p>gimnastyka godz. 13.00<\/p>\n<p>&nbsp;<\/p>\n<p>pi\u0105tek: j. angielski godz. 9.30[\/vc_column_text][\/vc_column][\/vc_row]<\/p>\n<\/div>","protected":false},"excerpt":{"rendered":"<p>[vc_row][vc_column][vc_column_text css=&#8221;&#8221;]Grupa Ogrodnicy nauczyciele: Barbara Czarniecka, Irena Lewicka, Izabela Michalska-\u015awito\u0144 Pomoc nauczyciela: Pani Agnieszka, Pani Aleksandra Pomoc techniczna: Pani Ma\u0142gorzata[\/vc_column_text][\/vc_column][\/vc_row][vc_row][vc_column][vc_column_text css=&#8221;&#8221;]Grafik zaj\u0119\u0107 dodatkowych wtorek: rytmika godz. 12.00 \u015broda: j. angielski [&hellip;]<\/p>\n","protected":false},"author":257,"featured_media":0,"parent":75,"menu_order":0,"comment_status":"closed","ping_status":"closed","template":"","meta":{"ngg_post_thumbnail":0,"footnotes":""},"class_list":["post-3111","page","type-page","status-publish","hentry","clearfix"],"_links":{"self":[{"href":"https:\/\/przedszkole2.edu.wroclaw.pl\/index.php\/wp-json\/wp\/v2\/pages\/3111","targetHints":{"allow":["GET"]}}],"collection":[{"href":"https:\/\/przedszkole2.edu.wroclaw.pl\/index.php\/wp-json\/wp\/v2\/pages"}],"about":[{"href":"https:\/\/przedszkole2.edu.wroclaw.pl\/index.php\/wp-json\/wp\/v2\/types\/page"}],"author":[{"embeddable":true,"href":"https:\/\/przedszkole2.edu.wroclaw.pl\/index.php\/wp-json\/wp\/v2\/users\/257"}],"replies":[{"embeddable":true,"href":"https:\/\/przedszkole2.edu.wroclaw.pl\/index.php\/wp-json\/wp\/v2\/comments?post=3111"}],"version-history":[{"count":94,"href":"https:\/\/przedszkole2.edu.wroclaw.pl\/index.php\/wp-json\/wp\/v2\/pages\/3111\/revisions"}],"predecessor-version":[{"id":9906,"href":"https:\/\/przedszkole2.edu.wroclaw.pl\/index.php\/wp-json\/wp\/v2\/pages\/3111\/revisions\/9906"}],"up":[{"embeddable":true,"href":"https:\/\/przedszkole2.edu.wroclaw.pl\/index.php\/wp-json\/wp\/v2\/pages\/75"}],"wp:attachment":[{"href":"https:\/\/przedszkole2.edu.wroclaw.pl\/index.php\/wp-json\/wp\/v2\/media?parent=3111"}],"curies":[{"name":"wp","href":"https:\/\/api.w.org\/{rel}","templated":true}]}}