
{"id":5278,"date":"2022-09-19T12:36:29","date_gmt":"2022-09-19T10:36:29","guid":{"rendered":"https:\/\/przedszkole2.edu.wroclaw.pl\/?page_id=5278"},"modified":"2022-09-19T12:36:29","modified_gmt":"2022-09-19T10:36:29","slug":"archiwum-21-22-grupa-ogrodnicy","status":"publish","type":"page","link":"https:\/\/przedszkole2.edu.wroclaw.pl\/index.php\/archiwum-grupowe\/archiwum-21-22-grupa-ogrodnicy\/","title":{"rendered":"Archiwum 21\/22 \u2013 Grupa Ogrodnicy"},"content":{"rendered":"<div class=\"wpb-content-wrapper\"><p>[vc_row][vc_column][vc_tta_tabs active_section=&#8221;&#8221;][vc_tta_section title=&#8221;O nas&#8221; tab_id=&#8221;1634585112767-30dd7385-4e2d&#8221;][vc_gallery type=&#8221;image_grid&#8221; images=&#8221;4756,4757,4758,4759,4760,4761,4762,4763,4764,4765&#8243; img_size=&#8221;200&#215;100&#8243; title=&#8221;\u015amiechoterapia \ud83d\ude42 \ud83d\ude42 :)&#8221;][vc_gallery type=&#8221;image_grid&#8221; images=&#8221;4750,4751,4752,4753,4754,4755&#8243; img_size=&#8221;200&#215;100&#8243; title=&#8221;Teatrzyk&#8221;][vc_gallery type=&#8221;image_grid&#8221; images=&#8221;4738,4739,4740,4741,4742,4743,4744,4745,4746,4747,4748,4749&#8243; img_size=&#8221;200&#215;100&#8243; title=&#8221;Dzi\u0119ki odwiedzinom mamay Kazika, mogli\u015bmy dowiedzie\u0107 si\u0119 wielu ciekwych \u017ceczy o Cinach. Bardzo dzi\u0119kujemy za te interesuj\u0105ce zaj\u0119cia :)&#8221;][vc_gallery type=&#8221;image_grid&#8221; images=&#8221;4735,4736,4737&#8243; img_size=&#8221;200&#215;100&#8243; title=&#8221;Dzie\u0144 Kobiet&#8221;][vc_gallery type=&#8221;image_grid&#8221; images=&#8221;4730,4731,4732,4733,4734&#8243; img_size=&#8221;200&#215;100&#8243; title=&#8221;Maski karnawa\u0142owe&#8221;][vc_gallery type=&#8221;image_grid&#8221; images=&#8221;4297,4298,4299,4300,4301,4302,4303&#8243; img_size=&#8221;200&#215;100&#8243; title=&#8221;Nasze budowle&#8221;][vc_gallery type=&#8221;image_grid&#8221; images=&#8221;4275,4276,4277,4278,4279,4280,4281,4282,4283,4284,4285,4286,4287,4288,4289,4290,4291,4292,4293,4294,4295,4296&#8243; img_size=&#8221;200&#215;100&#8243; title=&#8221;Z tabletami jest zabawa, dla nas to jest super sprawa !&#8221;][vc_gallery type=&#8221;image_grid&#8221; images=&#8221;4256,4257,4258,4259,4260,4261,4262,4263,4264,4265,4266,4267,4268,4269,4270,4271,4272,4273&#8243; img_size=&#8221;200&#215;100&#8243; title=&#8221;Ptaki- du\u017ca dawka ekologicznej wiedzy w naszym &#8222;Tajemniczym Ogrodzie&#8222;&#8221;][vc_gallery type=&#8221;image_grid&#8221; images=&#8221;4248,4249,4250,4251,4252,4253,4255&#8243; img_size=&#8221;200&#215;100&#8243; title=&#8221;Dziadek Bach i jego muzyczne szale\u0144stwo&#8221;][vc_gallery type=&#8221;image_grid&#8221; images=&#8221;4239,4240,4241,4242,4243,4244,4245,4246,4247&#8243; img_size=&#8221;200&#215;100&#8243; title=&#8221;Hmm, jak z\u0142apa\u0107 tego dinozaura?&#8221;][vc_gallery type=&#8221;image_grid&#8221; images=&#8221;4234,4235,4236,4237,4238,4233,4232,4225,4226,4227,4228,4229,4230,4231,4224,4223,4222,4221,4220,4219,4218&#8243; img_size=&#8221;200&#215;100&#8243; title=&#8221;C\u00f3\u017c to by\u0142o za spotkanie! Ile emocji i niesamowitych muzycznych dozna\u0144. Dzi\u0119kujemy Mamie i Tacie naszej Anielki.&#8221;][vc_gallery type=&#8221;image_grid&#8221; images=&#8221;4212,4213,4214,4215,4216&#8243; img_size=&#8221;200&#215;100&#8243; title=&#8221;Urodzinki naszej wspania\u0142ej Ogrodniczki. Zyczymy wszystkiego najlepszego!!!&#8221;][vc_gallery type=&#8221;image_grid&#8221; images=&#8221;4206,4207,4208,4209,4210,4211&#8243; img_size=&#8221;200&#215;100&#8243; title=&#8221;Nasze obrazkowo- matematyczne domino. Wow! Uda\u0142o si\u0119 nam !!!&#8221;][vc_gallery type=&#8221;image_grid&#8221; images=&#8221;4202,4203,4204,4205&#8243; img_size=&#8221;200&#215;100&#8243; title=&#8221;Dzie\u0144 kota! Nrysowa\u0107 kota? Jakie to proste!&#8221;][vc_gallery type=&#8221;image_grid&#8221; images=&#8221;4198,4199,4200,4201&#8243; img_size=&#8221;200&#215;100&#8243; title=&#8221;Nasza wolontariuszka D\u017cada z W\u0142och w akcji&#8221;][vc_gallery type=&#8221;image_grid&#8221; images=&#8221;4191,4192,4193,4194,4195,4196,4197&#8243; img_size=&#8221;200&#215;100&#8243; title=&#8221;Serduszkowe drzewka mi\u0142o\u015b\u0107i- z okazji walentynkowego dnia&#8221;][vc_gallery type=&#8221;image_grid&#8221; images=&#8221;4180,4181,4182,4183,4184,4185,4186,4187,4188,4189,4190&#8243; img_size=&#8221;200&#215;100&#8243; title=&#8221;Uczymy si\u0119 wsp\u00f3\u0142pracy &#8211; uff !!! To wcale nie jest takie proste :)&#8221;][vc_gallery type=&#8221;image_grid&#8221; images=&#8221;4156,4157,4158,4159,4160,4161,4162,4163,4164,4165,4166,4167,4168,4169,4170,4171,4172,4173,4174,4175,4176,4177,4178,4155,4154,4153,4152,4151&#8243; img_size=&#8221;200&#215;100&#8243; title=&#8221;Karnawa\u0142 na ca\u0142ego !!! Karnawa\u0142owe maski, a do tego co\u015b niesamowicie s\u0142odkiego. Mniam !!! Nie mo\u017cna si\u0119 oprze\u0107.&#8221;][vc_gallery type=&#8221;image_grid&#8221; images=&#8221;4124,4125,4126,4127,4128,4129,4130,4131,4132,4133,4134,4135,4136,4137,4138,4139,4140,4141,4142,4143,4144,4145,4146,4147,4148,4149&#8243; img_size=&#8221;200&#215;100&#8243; title=&#8221;Bale w karnawale !- u nas karnawa\u0142owy zawr\u00f3t modowy&#8221;][vc_gallery type=&#8221;image_grid&#8221; images=&#8221;4115,4116,4117,4118,4119,4120,4121,4122,4123&#8243; img_size=&#8221;200&#215;100&#8243; title=&#8221;Stra\u017c miejska w naszym przedszkolu- rozmawiamy o tym jak byc bezpiecznym zim\u0105 i w ferie&#8221;][vc_gallery type=&#8221;image_grid&#8221; images=&#8221;4109,4110,4111,4112,4113,4114&#8243; img_size=&#8221;200&#215;100&#8243; title=&#8221;Ja i moja rodzina Dzie\u0144 Babci i Dziadka- tak powstaj\u0105 nasze drzewa genealogiczne&#8221;][vc_gallery type=&#8221;image_grid&#8221; images=&#8221;3763,3764,3765,3766,3767,3768,3769,3770,3771,3772,3773,3774,3775,3776,3777,3778,3779,3780,3781,3782,3783,3784,3785,3786,3787,3788,3789,3790,3791,3792,3793,3794,3795,3796,3797,3798,3799,3800&#8243; img_size=&#8221;200&#215;100&#8243; title=&#8221;Bal karnawa\u0142owy grupy Ogrodnicy- by\u0142a \u015bwietna zabawa!&#8221;][vc_gallery type=&#8221;image_grid&#8221; images=&#8221;3758,3759,3760,3761,3762&#8243; img_size=&#8221;200&#215;100&#8243; title=&#8221;W ramach projektu &#8222;Gram w zielone&#8222; Ogrodnicy wykonali &#8222;Eko Ludka&#8222; nadaj\u0105c ju\u017c niepotrzebnym materia\u0142om nowe \u017cycie !&#8221;][vc_gallery type=&#8221;image_grid&#8221; images=&#8221;3598,3599,3600,3601,3602,3603,3604&#8243; img_size=&#8221;200X100&#8243; title=&#8221;Chocia\u017c na dworze nie ma \u015bniegu, nam to nie przeszkadza ! \ud83d\ude42 Ogrodnicy podczas bitwy na \u015bnie\u017cki.&#8221;][vc_gallery type=&#8221;image_grid&#8221; images=&#8221;3597&#8243; img_size=&#8221;200X100&#8243; title=&#8221;DZIE\u0143 BABCI I DZIADKA- Sk\u0142adamy serdeczne \u017cyczenia dla naszych kochanych dziadk\u00f3w- przesy\u0142amy na Emile rodzic\u00f3w nasze \u017cyczenia, przekazujemy je Babci i Dziadkowi.&#8221;][vc_gallery type=&#8221;image_grid&#8221; images=&#8221;3526,3527,3528,3529,3530,3531&#8243; img_size=&#8221;200&#215;100&#8243; title=&#8221;Zabawy konstrukcyjne&#8221;][vc_gallery type=&#8221;image_grid&#8221; images=&#8221;3519,3520,3521,3522,3523,3524,3525&#8243; img_size=&#8221;200&#215;100&#8243; title=&#8221;Spacer do parku- obserwacja przyrody&#8221;][vc_gallery type=&#8221;image_grid&#8221; images=&#8221;3507,3508,3509,3510,3511,3512,3513,3514,3515,3516,3517&#8243; img_size=&#8221;200&#215;100&#8243; title=&#8221;Przysmaki dla ptak\u00f3w :)&#8221;][vc_gallery type=&#8221;image_grid&#8221; images=&#8221;3500,3501,3502,3503,3504,3505,3506&#8243; img_size=&#8221;200&#215;100&#8243; title=&#8221;W naszym przedszkolu zak\u0142adamy karmniki dla ptak\u00f3w&#8221;][vc_gallery type=&#8221;image_grid&#8221; images=&#8221;3495,3496,3497,3498,3499&#8243; img_size=&#8221;200&#215;100&#8243; title=&#8221;Zaj\u0119cia wolontariuszek&#8221;][vc_gallery type=&#8221;image_grid&#8221; images=&#8221;3375&#8243; img_size=&#8221;200X100&#8243;][vc_gallery type=&#8221;image_grid&#8221; images=&#8221;3233,3234,3235,3236,3237,3238,3239,3240,3241,3242,3243,3244,3245,3246,3247,3248,3249,3250,3251,3252&#8243; img_size=&#8221;200X100&#8243; title=&#8221;PIECZEMY \u015aWI\u0104TECZNE CIASTECZKA&#8221;][vc_gallery type=&#8221;image_grid&#8221; images=&#8221;3218,3217,3219,3220,3221,3222,3223,3224,3225,3226,3227,3228,3229,3230&#8243; img_size=&#8221;200&#215;100&#8243; title=&#8221;Nasze zabawy&#8221;][vc_gallery type=&#8221;image_grid&#8221; images=&#8221;3202,3203,3204,3205,3206,3207,3208,3209&#8243; img_size=&#8221;200&#215;100&#8243; title=&#8221;Wykonujemy &#8222;Kartki dla Seniora&#8222;- bo warto pomaga\u0107 ;)&#8221;][vc_gallery type=&#8221;image_grid&#8221; images=&#8221;3157,3158,3159,3160,3161,3162,3163,3164,3165,3166&#8243; img_size=&#8221;200&#215;100&#8243; title=&#8221;Super zaj\u0119cia z pani\u0105 Giad\u0105 :)&#8221;][vc_gallery type=&#8221;image_grid&#8221; images=&#8221;3155,3154,3153,3152,3151,3150,3149&#8243; img_size=&#8221;200&#215;100&#8243; title=&#8221;Wroc\u0142awskie legendy&#8221;][vc_gallery type=&#8221;image_grid&#8221; images=&#8221;3262,3263,3264,3265,3266,3267,3268,3269,3270,3271,3272,3273,3274,3275,3276,3277,3278&#8243; img_size=&#8221;200&#215;100&#8243; title=&#8221;Zaj\u0119cia sensoplastyczne- jesienny je\u017c&#8221;][vc_gallery type=&#8221;image_grid&#8221; images=&#8221;3257,3258,3259,3260,3261&#8243; img_size=&#8221;200&#215;100&#8243; title=&#8221;Zaj\u0119cia naszych wspania\u0142ych wolontariuszek&#8221;][vc_gallery type=&#8221;image_grid&#8221; images=&#8221;3169,3170,3171,3172,3173,3174,3175,3176,3177,3178,3179,3180,3181,3182,3183,3184,3185,3186,3187,3188,3189&#8243; img_size=&#8221;200&#215;100&#8243; title=&#8221;Warsztaty zdrowa \u017cywno\u015b\u0107&#8221;][vc_gallery type=&#8221;image_grid&#8221; images=&#8221;3190,3191,3192,3193,3194,3195,3196,3197,3198,3199,3200&#8243; img_size=&#8221;200X100&#8243; title=&#8221;DZIE\u0143 \u017bYCZLIWO\u015aCI&#8221;][vc_gallery type=&#8221;image_grid&#8221; images=&#8221;3122,3123,3124,3125,3126,3127,3128,3129&#8243; img_size=&#8221;200&#215;100&#8243; title=&#8221;DZIE\u0143 NIEPODLEG\u0141O\u015aCI&#8221;][vc_gallery type=&#8221;image_grid&#8221; images=&#8221;2572,2573,2574,2575,2576,2577,2578,2579,2580&#8243; img_size=&#8221;200&#215;100&#8243; title=&#8221;Dzie\u0144 postaci z bajek&#8221;][vc_gallery type=&#8221;image_grid&#8221; images=&#8221;2555,2556,2557,2558,2559,2560,2561,2562,2563,2564,2565,2566,2567,2568,2569,2570&#8243; img_size=&#8221;200&#215;100&#8243; title=&#8221;Spacer do parku Szczytnickiego&#8221;][vc_gallery type=&#8221;image_grid&#8221; images=&#8221;2550,2551,2552,2553&#8243; img_size=&#8221;200&#215;100&#8243; title=&#8221;GALERIA RODZINNA ;)&#8221;][vc_gallery type=&#8221;image_grid&#8221; images=&#8221;2517,2519,2521,2523,2525,2526,2527,2528,2529,2530,2531,2532,2533,2534,2535,2536,2537,2538,2539,2540,2541,2542,2543,2544,2545,2546,2547&#8243; img_size=&#8221;200&#215;100&#8243; title=&#8221;Warsztaty kulinarne w ramach programu &#8222;Zdrowa misja!Kreatywna edukacja \u017cywieniowa w przedszkolach i szko\u0142ach&#8222;&#8221;][vc_gallery type=&#8221;image_grid&#8221; images=&#8221;2288,2289,2290,2291,2292&#8243; img_size=&#8221;200&#215;100&#8243; title=&#8221;Otrzymali\u015bmy listy z I\u0142awy \ud83d\ude42 Rado\u015bci nie by\u0142o ko\u0144ca!!!&#8221;][vc_gallery type=&#8221;image_grid&#8221; images=&#8221;2271,2272,2273,2274,2275,2276,2277,2278,2279,2280,2281,2282,2283,2284,2285,2286&#8243; img_size=&#8221;200&#215;100&#8243; title=&#8221;Zaj\u0119cia pokazowe z pi\u0142ki no\u017cnej&#8221;][vc_gallery type=&#8221;image_grid&#8221; images=&#8221;2261,2262,2263,2264,2265,2266,2267,2268,2269&#8243; img_size=&#8221;200&#215;100&#8243; title=&#8221;Wieszamy hotele dla owad\u00f3w i karmniki dla ptak\u00f3w !&#8221;][vc_gallery type=&#8221;image_grid&#8221; images=&#8221;2246,2247,2248,2249,2250,2251,2252,2253,2254,2255,2256,2257,2258,2259&#8243; img_size=&#8221;200&#215;100&#8243; title=&#8221;Budzenie zainteresowa\u0144 technicznych- WIATRCZKI&#8221;][vc_gallery type=&#8221;image_grid&#8221; images=&#8221;2243,2244,2242,2241,2240&#8243; img_size=&#8221;200&#215;100&#8243; title=&#8221;Zaj\u0119cia rytmiki i zaj\u0119cia muzyczne&#8221;][vc_gallery type=&#8221;image_grid&#8221; images=&#8221;2225,2226,2227,2228,2229,2230,2231,2232,2233,2234,2235,2236,2237,2238&#8243; img_size=&#8221;200&#215;100&#8243; title=&#8221;Zaj\u0119cia sensoryczne :)&#8221;][vc_gallery type=&#8221;image_grid&#8221; images=&#8221;2216,2217,2218,2219,2220,2221,2222,2223&#8243; img_size=&#8221;200&#215;100&#8243; title=&#8221;Dziadek Bach- koncert muzyczny&#8221;][vc_gallery type=&#8221;image_grid&#8221; images=&#8221;2211,2212,2213,2214&#8243; img_size=&#8221;200&#215;100&#8243; title=&#8221;BAJKI DOLNO\u015aL\u0104SKIE&#8221;][vc_gallery type=&#8221;image_grid&#8221; images=&#8221;2203,2204,2205,2206,2207,2208,2209&#8243; img_size=&#8221;200&#215;100&#8243; title=&#8221;POMAGAMY, BO WARTO POMAGA\u0106! Zbieranie kasztan\u00f3w dla chorych dzieci z hospicjum.&#8221;][vc_gallery type=&#8221;image_grid&#8221; images=&#8221;2182,2183,2184,2185,2186,2187,2188,2189,2190,2191,2192,2193,2194,2195,2196,2197,2198,2199&#8243; img_size=&#8221;200&#215;100&#8243; title=&#8221;Wycieczka na Poczt\u0119&#8221;][vc_gallery type=&#8221;image_grid&#8221; images=&#8221;2177,2178,2179,2180&#8243; img_size=&#8221;200&#215;100&#8243; title=&#8221;&#8222;Kolorowe drzewka z paluszkowymi listkami&#8222; i &#8222;Owoce b\u0105belkowe&#8222;- nasze zaj\u0119cia plastyczne!&#8221;][vc_gallery type=&#8221;image_grid&#8221; images=&#8221;2168,2169,2170,2171,2172,2173,2174,2175,2176&#8243; img_size=&#8221;200&#215;100&#8243; title=&#8221;Zaj\u0119cia naszych wspania\u0142ych wolontariuszek !!!&#8221;][vc_gallery type=&#8221;image_grid&#8221; images=&#8221;2162,2163,2164,2165,2166&#8243; img_size=&#8221;200&#215;100&#8243; title=&#8221;Witaminki, witaminki dla ch\u0142poczyka i dziewczynki :)&#8221;][vc_gallery type=&#8221;image_grid&#8221; images=&#8221;2159,2160,1841,1835,1838&#8243; img_size=&#8221;200&#215;100&#8243; title=&#8221;&#8222;Dzie\u0144 Drzewa&#8222;&#8221;][vc_gallery type=&#8221;image_grid&#8221; images=&#8221;2154,2155,2156,2157&#8243; img_size=&#8221;200&#215;100&#8243; title=&#8221;Robimy co\u015b dobrego ! Wykonanie Hotelu dla owad\u00f3w.&#8221;][vc_gallery type=&#8221;image_grid&#8221; images=&#8221;2150,2151,2152&#8243; img_size=&#8221;200&#215;100&#8243; title=&#8221;Urodzinki naszej wspni\u0142ej Ogrodniczki \ud83d\ude42 Zyczymy wszystkiego najlepszego!!!&#8221;][vc_gallery type=&#8221;image_grid&#8221; images=&#8221;2134,2135,2136,2137,2138,2139,2140,2141,2142,2143,2144,2145,2146,2147,2148&#8243; img_size=&#8221;200&#215;100&#8243; title=&#8221;&#8222;Jesieni\u0105 czarujemy ogr\u00f3d na wiosn\u0119&#8222;&#8221;][vc_gallery type=&#8221;image_grid&#8221; images=&#8221;2100,2101,2102,2103,2104,2098,2099&#8243; img_size=&#8221;200&#215;100&#8243; title=&#8221;Profilaktyka dbania z\u0119by z Artident&#8221;][\/vc_tta_section][vc_tta_section title=&#8221;Aktualno\u015bci&#8221; tab_id=&#8221;1634585112780-6a955c21-5e67&#8243;][\/vc_tta_section][vc_tta_section title=&#8221;Tematyka miesi\u0119czna&#8221; tab_id=&#8221;1634585115745-2f656aa7-cbd3&#8243;][vc_column_text]<b><span data-contrast=\"none\">GRUPA \u201cOGRODNICY\u201d<\/span><\/b><span data-ccp-props=\"{&quot;201341983&quot;:0,&quot;335551550&quot;:2,&quot;335551620&quot;:2,&quot;335559739&quot;:160,&quot;335559740&quot;:259}\">&nbsp;<\/span><\/p>\n<p>&nbsp;<\/p>\n<p><strong><u>Tematyka na kwiecie\u0144:<\/u><\/strong><\/p>\n<ol>\n<li><strong>Kto obroni s\u0142onia?<\/strong><\/li>\n<li><strong>Jakie wzory i kolory lubi\u0105 pisanki?<\/strong><\/li>\n<li><strong>Jak by\u0107 eko?<\/strong><\/li>\n<li><strong>Kto wymy\u015bli\u0142 nasz\u0105 flag\u0119? <\/strong><\/li>\n<\/ol>\n<p><strong><u>Zamierzenia wychowawczo dydaktyczne:<\/u><\/strong><\/p>\n<ul>\n<li>rozwijanie mowy,<\/li>\n<li>przeliczanie i dodawanie w zakresie dziesi\u0119ciu,<\/li>\n<li>poznawanie zwyczaj\u00f3w i tradycji wielkanocnych,<\/li>\n<li>poznawanie zasad kulturalnego zachowania przy stole,<\/li>\n<li>rozwijanie umiej\u0119tno\u015bci plastycznych,<\/li>\n<li>zapoznanie z ciekawostkami ze \u015bwiata zwierz\u0105t, rozwijanie umiej\u0119tno\u015bci szeregowania,<\/li>\n<li>rozwijanie sprawno\u015bci fizycznej,<\/li>\n<li>rozwijanie estetyki ruchu i prawid\u0142owej postawy,<\/li>\n<li>poznawanie poj\u0119\u0107: ssaki, owady, gady, p\u0142azy, ptaki,<\/li>\n<li>odkrywanie znaczenia kolor\u00f3w w \u015bwiecie zwierz\u0105t,<\/li>\n<li>zapoznanie z wybranymi gatunkami zwierz\u0105t b\u0119d\u0105cymi pod ochron\u0105,<\/li>\n<li>zapoznanie z zasadami segregowania odpad\u00f3w,<\/li>\n<li>zapoznanie ze sposobami mierzenia d\u0142ugo\u015bci,<\/li>\n<li>rozwijanie swobody ruch\u00f3w i orientacji w przestrzeni,<\/li>\n<li>rozwijanie poczucia wsp\u00f3\u0142odpowiedzialno\u015bci za przyrod\u0119,<\/li>\n<li>zapoznanie z praktykami ekologicznymi,<\/li>\n<li>rozwijanie postawy patriotycznej,<\/li>\n<li>poznanie stolicy Polski i terminu <em>stolica,<\/em><\/li>\n<li>wyra\u017canie r\u00f3\u017cnych form ekspresji tw\u00f3rczej<\/li>\n<li>zapoznanie z polskimi symbolami narodowymi,<\/li>\n<li>zapoznanie ze wsp\u00f3lnot\u0105 Unii Europejskiej.<\/li>\n<\/ul>\n<p>[\/vc_column_text][\/vc_tta_section][vc_tta_section title=&#8221;Ciekawostki dla rodzic\u00f3w&#8221; tab_id=&#8221;1634585117951-5e7d7bd7-76f0&#8243;][vc_column_text]<\/p>\n<table style=\"border-collapse: collapse; width: 100%;\">\n<tbody>\n<tr>\n<td style=\"width: 20%;\"><strong>Poniedzia\u0142ek<\/strong><\/td>\n<td style=\"width: 20%;\"><strong>Wtorek<\/strong><\/td>\n<td style=\"width: 20%;\"><strong>\u015aroda<\/strong><\/td>\n<td style=\"width: 20%;\"><strong>Czwartek<\/strong><\/td>\n<td style=\"width: 20%;\"><strong>Pi\u0105tek<\/strong><\/td>\n<\/tr>\n<tr>\n<td style=\"width: 20%;\">J. angielski<\/p>\n<p>10:00-10:30<\/td>\n<td style=\"width: 20%;\">&nbsp;<\/p>\n<p>Teatr (co 2 tygodnie)<\/p>\n<p>09:30-10:00<\/p>\n<p>&nbsp;<\/td>\n<td style=\"width: 20%;\">Logopedia<\/td>\n<td style=\"width: 20%;\">Gimnastyka<\/p>\n<p>13:15-13:45<\/td>\n<td style=\"width: 20%;\">Mali Wspaniali<\/p>\n<p>10:00-10:30<\/td>\n<\/tr>\n<tr>\n<td style=\"width: 20%;\">Religia<\/p>\n<p>12:45-13:15<\/p>\n<p>&nbsp;<\/p>\n<p>Gimnastyka<\/p>\n<p>13:15-13:45<\/td>\n<td style=\"width: 20%;\">&nbsp;<\/td>\n<td style=\"width: 20%;\">Rytmika<\/p>\n<p>12:00-12:30<\/td>\n<td style=\"width: 20%;\">&nbsp;<\/td>\n<td style=\"width: 20%;\">Religia<\/p>\n<p>12:45-13:15<\/td>\n<\/tr>\n<\/tbody>\n<\/table>\n<p>&nbsp;<\/p>\n<p>&nbsp;<\/p>\n<p>&nbsp;<\/p>\n<p><em><strong>Dlaczego warto czyta\u0107 dzieciom w wieku przedszkolnym<\/strong><\/em><\/p>\n<p>Drodzy rodzice \ud83d\ude42<\/p>\n<p>Jak zapewne wiecie czytanie rozwija wiele sfer Waszych pociech. Poni\u017cej sporz\u0105dzi\u0142am list\u0119 niezast\u0105pionych korzy\u015bci jakie daje systematyczne, g\u0142o\u015bne czytanie dzieciom. Zach\u0119cam do zapoznania si\u0119 i mam nadziej\u0119, \u017ce to zmotywuje Was do wprowadzenia we w\u0142asnych domach rytua\u0142u codziennego np. wieczornego czytania naszym przedszkolakom. Trzymam kciuki! Czytajmy jak najwi\u0119cej! \ud83d\ude42<\/p>\n<p><img loading=\"lazy\" decoding=\"async\" class=\"alignnone size-medium wp-image-3299\" src=\"https:\/\/przedszkole2.edu.wroclaw.pl\/wp-content\/uploads\/sites\/22\/2022\/01\/czyanie-dziecku-obraz-e1641143149144-300x247.jpg\" alt=\"\" width=\"300\" height=\"247\" srcset=\"https:\/\/przedszkole2.edu.wroclaw.pl\/wp-content\/uploads\/sites\/22\/2022\/01\/czyanie-dziecku-obraz-e1641143149144-300x247.jpg 300w, https:\/\/przedszkole2.edu.wroclaw.pl\/wp-content\/uploads\/sites\/22\/2022\/01\/czyanie-dziecku-obraz-e1641143149144-600x494.jpg 600w, https:\/\/przedszkole2.edu.wroclaw.pl\/wp-content\/uploads\/sites\/22\/2022\/01\/czyanie-dziecku-obraz-e1641143149144.jpg 603w\" sizes=\"auto, (max-width: 300px) 100vw, 300px\" \/> <a href=\"https:\/\/przedszkole2.edu.wroclaw.pl\/wp-content\/uploads\/sites\/22\/2022\/01\/Dlaczego-warto-poswiecic-czas-na-czytanie-dzieciom.docx\">Dlaczego warto po\u015bwi\u0119ci\u0107 czas na czytanie dzieciom<\/a>[\/vc_column_text][\/vc_tta_section][vc_tta_section title=&#8221;Kontakt&#8221; tab_id=&#8221;1634585714236-bbc95a95-2ad3&#8243;][vc_column_text]<strong>Kontakt do wychowawc\u00f3w:<\/strong><\/p>\n<p>Pani Monika Makowska: &nbsp; <strong>makmon3943@edu.wroclaw.pl<\/strong><\/p>\n<p>Pani Katarzyna Ruczy\u0144ska:&nbsp;&nbsp; <strong>katruc7586@edu.wroclaw.pl<\/strong>[\/vc_column_text][\/vc_tta_section][\/vc_tta_tabs][vc_gallery type=&#8221;image_grid&#8221; images=&#8221;4582,4583,4584,4585,4586,4587,4588,4589,4590,4591,4581,4580,4579&#8243; img_size=&#8221;200&#215;100&#8243; title=&#8221;Zaj\u0119cia ekologiczne &#8222;Je\u017ce&#8222; poszerzaj\u0105ce wiedz\u0119 przyrodnicz\u0105 nt tych zwierz\u0105t ;)&#8221;][vc_gallery type=&#8221;image_grid&#8221; images=&#8221;2106,2107,2108,2109,2110,2111,2112,2113,2114,2115,2116,2117,2118,2119,2120,2121,2122,2123,2124,2125,2126,2127,2128,2129,2130,2131,2132&#8243; img_size=&#8221;200&#215;100&#8243; title=&#8221;Wrze\u015bniowe warsztaty kulinarno-zdrowotne &#8222;Zdrowa misja&#8222;.&#8221;][\/vc_column][\/vc_row]<\/p>\n<\/div>","protected":false},"excerpt":{"rendered":"<p>[vc_row][vc_column][vc_tta_tabs active_section=&#8221;&#8221;][vc_tta_section title=&#8221;O nas&#8221; tab_id=&#8221;1634585112767-30dd7385-4e2d&#8221;][vc_gallery type=&#8221;image_grid&#8221; images=&#8221;4756,4757,4758,4759,4760,4761,4762,4763,4764,4765&#8243; img_size=&#8221;200&#215;100&#8243; title=&#8221;\u015amiechoterapia \ud83d\ude42 \ud83d\ude42 :)&#8221;][vc_gallery type=&#8221;image_grid&#8221; images=&#8221;4750,4751,4752,4753,4754,4755&#8243; img_size=&#8221;200&#215;100&#8243; title=&#8221;Teatrzyk&#8221;][vc_gallery type=&#8221;image_grid&#8221; images=&#8221;4738,4739,4740,4741,4742,4743,4744,4745,4746,4747,4748,4749&#8243; img_size=&#8221;200&#215;100&#8243; title=&#8221;Dzi\u0119ki odwiedzinom mamay Kazika, mogli\u015bmy dowiedzie\u0107 si\u0119 wielu ciekwych \u017ceczy o [&hellip;]<\/p>\n","protected":false},"author":72,"featured_media":0,"parent":2443,"menu_order":0,"comment_status":"closed","ping_status":"closed","template":"","meta":{"ngg_post_thumbnail":0,"footnotes":""},"class_list":["post-5278","page","type-page","status-publish","hentry","clearfix"],"_links":{"self":[{"href":"https:\/\/przedszkole2.edu.wroclaw.pl\/index.php\/wp-json\/wp\/v2\/pages\/5278","targetHints":{"allow":["GET"]}}],"collection":[{"href":"https:\/\/przedszkole2.edu.wroclaw.pl\/index.php\/wp-json\/wp\/v2\/pages"}],"about":[{"href":"https:\/\/przedszkole2.edu.wroclaw.pl\/index.php\/wp-json\/wp\/v2\/types\/page"}],"author":[{"embeddable":true,"href":"https:\/\/przedszkole2.edu.wroclaw.pl\/index.php\/wp-json\/wp\/v2\/users\/72"}],"replies":[{"embeddable":true,"href":"https:\/\/przedszkole2.edu.wroclaw.pl\/index.php\/wp-json\/wp\/v2\/comments?post=5278"}],"version-history":[{"count":1,"href":"https:\/\/przedszkole2.edu.wroclaw.pl\/index.php\/wp-json\/wp\/v2\/pages\/5278\/revisions"}],"predecessor-version":[{"id":5279,"href":"https:\/\/przedszkole2.edu.wroclaw.pl\/index.php\/wp-json\/wp\/v2\/pages\/5278\/revisions\/5279"}],"up":[{"embeddable":true,"href":"https:\/\/przedszkole2.edu.wroclaw.pl\/index.php\/wp-json\/wp\/v2\/pages\/2443"}],"wp:attachment":[{"href":"https:\/\/przedszkole2.edu.wroclaw.pl\/index.php\/wp-json\/wp\/v2\/media?parent=5278"}],"curies":[{"name":"wp","href":"https:\/\/api.w.org\/{rel}","templated":true}]}}