
{"id":5294,"date":"2022-09-19T13:11:14","date_gmt":"2022-09-19T11:11:14","guid":{"rendered":"https:\/\/przedszkole2.edu.wroclaw.pl\/?page_id=5294"},"modified":"2023-02-14T08:54:23","modified_gmt":"2023-02-14T07:54:23","slug":"zajecia-z-pedagogiem-specjlanym","status":"publish","type":"page","link":"https:\/\/przedszkole2.edu.wroclaw.pl\/index.php\/zajecia-z-pedagogiem-specjlanym\/","title":{"rendered":"Zaj\u0119cia z pedagogiem specjalnym"},"content":{"rendered":"<div class=\"wpb-content-wrapper\"><p>[vc_row][vc_column][vc_column_text]Pedagog specjalny- Arleta \u017barczy\u0144ska<\/p>\n<p>Godziny pracy: czwartek 10:30-15:30<\/p>\n<p>pi\u0105tek 7:30- 14:00<\/p>\n<p>konsultacje: pi\u0105tek 6:30-7:30<\/p>\n<p>arlzar7425@edu.wroclaw.pl<\/p>\n<p>W przedszkolu prowadzi zaj\u0119cia indywidualne oraz grupowe, z wykorzystaniem m.in. element\u00f3w TUS, integracji sensorycznej, terapii r\u0119ki.<\/p>\n<p>Zadaniami pedagoga specjalnego (realizowanymi we wsp\u00f3\u0142pracy z nauczycielami, innymi specjalistami, rodzicami) s\u0105 m.in.:<\/p>\n<p>a) prowadzenie dzia\u0142a\u0144 zwi\u0105zanych z rozpoznawaniem indywidualnych potrzeb rozwojowych i edukacyjnych oraz mo\u017cliwo\u015bci psychofizycznych uczni\u00f3w w celu okre\u015blenia mocnych stron, predyspozycji, zainteresowa\u0144 i uzdolnie\u0144 uczni\u00f3w oraz przyczyn niepowodze\u0144 edukacyjnych lub trudno\u015bci w funkcjonowaniu uczni\u00f3w, w tym barier i ogranicze\u0144 utrudniaj\u0105cych funkcjonowanie ucznia i jego uczestnictwo w \u017cyciu przedszkola;<\/p>\n<p>b) rekomendowanie dyrektorowi przedszkola, szko\u0142y lub plac\u00f3wki do realizacji dzia\u0142a\u0144 w zakresie zapewnienia aktywnego i pe\u0142nego uczestnictwa uczni\u00f3w w \u017cyciu przedszkola oraz dost\u0119pno\u015bci, o kt\u00f3rej mowa w ustawie z dnia 19 lipca 2019 r. o zapewnianiu dost\u0119pno\u015bci osobom ze szczeg\u00f3lnymi potrzebami;<\/p>\n<p>c) rozwi\u0105zywanie problem\u00f3w dydaktycznych i wychowawczych uczni\u00f3w;<\/p>\n<p>d) okre\u015blanie niezb\u0119dnych do nauki warunk\u00f3w, sprz\u0119tu specjalistycznego i \u015brodk\u00f3w dydaktycznych, w tym wykorzystuj\u0105cych technologie informacyjno-komunikacyjne, odpowiednich ze wzgl\u0119du na indywidualne potrzeby rozwojowe i edukacyjne oraz mo\u017cliwo\u015bci psychofizyczne ucznia.[\/vc_column_text][\/vc_column][\/vc_row]<\/p>\n<\/div>","protected":false},"excerpt":{"rendered":"<p>[vc_row][vc_column][vc_column_text]Pedagog specjalny- Arleta \u017barczy\u0144ska Godziny pracy: czwartek 10:30-15:30 pi\u0105tek 7:30- 14:00 konsultacje: pi\u0105tek 6:30-7:30 arlzar7425@edu.wroclaw.pl W przedszkolu prowadzi zaj\u0119cia indywidualne oraz grupowe, z wykorzystaniem m.in. element\u00f3w TUS, integracji sensorycznej, terapii [&hellip;]<\/p>\n","protected":false},"author":72,"featured_media":0,"parent":0,"menu_order":0,"comment_status":"closed","ping_status":"closed","template":"","meta":{"ngg_post_thumbnail":0,"footnotes":""},"class_list":["post-5294","page","type-page","status-publish","hentry","clearfix"],"_links":{"self":[{"href":"https:\/\/przedszkole2.edu.wroclaw.pl\/index.php\/wp-json\/wp\/v2\/pages\/5294","targetHints":{"allow":["GET"]}}],"collection":[{"href":"https:\/\/przedszkole2.edu.wroclaw.pl\/index.php\/wp-json\/wp\/v2\/pages"}],"about":[{"href":"https:\/\/przedszkole2.edu.wroclaw.pl\/index.php\/wp-json\/wp\/v2\/types\/page"}],"author":[{"embeddable":true,"href":"https:\/\/przedszkole2.edu.wroclaw.pl\/index.php\/wp-json\/wp\/v2\/users\/72"}],"replies":[{"embeddable":true,"href":"https:\/\/przedszkole2.edu.wroclaw.pl\/index.php\/wp-json\/wp\/v2\/comments?post=5294"}],"version-history":[{"count":4,"href":"https:\/\/przedszkole2.edu.wroclaw.pl\/index.php\/wp-json\/wp\/v2\/pages\/5294\/revisions"}],"predecessor-version":[{"id":6369,"href":"https:\/\/przedszkole2.edu.wroclaw.pl\/index.php\/wp-json\/wp\/v2\/pages\/5294\/revisions\/6369"}],"wp:attachment":[{"href":"https:\/\/przedszkole2.edu.wroclaw.pl\/index.php\/wp-json\/wp\/v2\/media?parent=5294"}],"curies":[{"name":"wp","href":"https:\/\/api.w.org\/{rel}","templated":true}]}}