
{"id":6381,"date":"2023-02-16T13:04:36","date_gmt":"2023-02-16T12:04:36","guid":{"rendered":"https:\/\/przedszkole2.edu.wroclaw.pl\/?page_id=6381"},"modified":"2023-02-16T13:04:36","modified_gmt":"2023-02-16T12:04:36","slug":"archiwum-rekrutacja-2022-2023","status":"publish","type":"page","link":"https:\/\/przedszkole2.edu.wroclaw.pl\/index.php\/archiwum-rekrutacja-2022-2023\/","title":{"rendered":"Archiwum &#8211; Rekrutacja 2022\/2023"},"content":{"rendered":"<div class=\"wpb-content-wrapper\"><p>[vc_row][vc_column][vc_column_text]<\/p>\n<header class=\"page-header\">\n<h1 class=\"entry-title\" data-normal-size=\"32\">Drzwi otwarte w \u201eTajemniczym Ogrodzie\u201d.<\/h1>\n<\/header>\n<div class=\"pe-article-content\">\n<div class=\"vc_row wpb_row vc_row-fluid\">\n<div class=\"wpb_column vc_column_container vc_col-sm-12\">\n<div class=\"vc_column-inner\">\n<div class=\"wpb_wrapper\">\n<div class=\"wpb_text_column wpb_content_element \">\n<div class=\"wpb_wrapper\">\n<p data-normal-size=\"16\"><img loading=\"lazy\" decoding=\"async\" class=\"wp-image-3996 alignright\" src=\"https:\/\/przedszkole2.edu.wroclaw.pl\/wp-content\/uploads\/sites\/22\/2022\/03\/drzwi-otwarte-1000x640-1-300x192.jpg\" alt=\"\" width=\"128\" height=\"82\" srcset=\"https:\/\/przedszkole2.edu.wroclaw.pl\/wp-content\/uploads\/sites\/22\/2022\/03\/drzwi-otwarte-1000x640-1-300x192.jpg 300w, https:\/\/przedszkole2.edu.wroclaw.pl\/wp-content\/uploads\/sites\/22\/2022\/03\/drzwi-otwarte-1000x640-1-768x492.jpg 768w, https:\/\/przedszkole2.edu.wroclaw.pl\/wp-content\/uploads\/sites\/22\/2022\/03\/drzwi-otwarte-1000x640-1-600x384.jpg 600w, https:\/\/przedszkole2.edu.wroclaw.pl\/wp-content\/uploads\/sites\/22\/2022\/03\/drzwi-otwarte-1000x640-1.jpg 1000w\" sizes=\"auto, (max-width: 128px) 100vw, 128px\" \/><\/p>\n<p data-normal-size=\"16\">Serdecznie zapraszamy Rodzic\u00f3w, kt\u00f3rzy chcieliby zapisa\u0107 swoje dziecko do przedszkola \u201eTajemniczy Ogr\u00f3d\u201d na drzwi otwarte, kt\u00f3re odb\u0119d\u0105 si\u0119 17.03.2022r. w godzinach 16.00 \u2013 17.30 w re\u017cimie sanitarnym.<\/p>\n<p data-normal-size=\"16\">Ze wzgl\u0119d\u00f3w bezpiecze\u0144stwa epidemicznego osoby zainteresowane proszone s\u0105 o wcze\u015bniejszy kontakt pod nr telefonu 71 798 67 76 celem um\u00f3wienia si\u0119 na spotkanie.&nbsp; Spotkania w grupach 3 osobowych co 15 minut.<\/p>\n<\/div>\n<\/div>\n<\/div>\n<\/div>\n<\/div>\n<\/div>\n<\/div>\n<h3>Rekrutacja na rok szkolny 2022\/2023<\/h3>\n<div class=\"main-header-wrapper\">\n<p><span style=\"color: #d63e2d;\"><strong>Rekrutacja do przedszkoli i oddzia\u0142\u00f3w przedszkolnych w Szko\u0142ach Podstawowych:<\/strong><\/span><\/p>\n<p><strong><span style=\"color: #000000;\"><a href=\"https:\/\/przedszkole2.edu.wroclaw.pl\/wp-content\/uploads\/sites\/22\/2022\/02\/Terminy-postepowania-rekrutacyjnego-do-przedszkoli-i-oddzialow-przedszkolnych-w-szkolach.pdf\">Terminy post\u0119powania rekrutacyjnego do przedszkoli i oddzia\u0142\u00f3w przedszkolnych w szko\u0142ach<\/a><\/span><\/strong><\/p>\n<p><span style=\"color: #000000;\">&#8211; rozpocznie si\u0119<strong> 23 marca 2022 r. o godzinie 12:00<\/strong>.<strong><br \/>\n<\/strong><\/span><span style=\"color: #000000;\">&#8211; zako\u0144czy si\u0119<strong> 30 marca 2022 r. o godzinie 15:00.<\/strong><\/span><\/p>\n<p><span style=\"color: #000000;\"><strong><span style=\"color: #d63e2d;\">Rekrutacja uzupe\u0142niaj\u0105ca do przedszkoli i oddzia\u0142\u00f3w przedszkolnych w Szko\u0142ach Podstawowych:<\/span><\/strong><\/span><\/p>\n<p><span style=\"color: #000000;\">&#8211; rozpocznie si\u0119<strong> 13 czerwca 2022 r. o godzinie 8:00.<\/strong><br \/>\n&#8211; zako\u0144czy si\u0119<strong> 15 czerwca 2022 r. o godzinie 15:00.<\/strong><\/span><\/p>\n<\/div>\n<div class=\"main-text-wrapper\">\n<div class=\"main-text\">\n<div class=\"lead-article\">\n<h2><strong>Rekrutacja do przedszkola 2022\/2023<\/strong><\/h2>\n<p><em><strong>Informacje dla rodzic\u00f3w:&nbsp;<\/strong><\/em><\/p>\n<p><b>harmonogram dla rodzic\u00f3w:<\/b><\/p>\n<p><strong><img loading=\"lazy\" decoding=\"async\" class=\"alignnone wp-image-3966 size-large\" src=\"https:\/\/przedszkole2.edu.wroclaw.pl\/wp-content\/uploads\/sites\/22\/2022\/02\/HARMONOGRAM-REKRUTACJI-724x1024.jpg\" alt=\"\" width=\"724\" height=\"1024\" srcset=\"https:\/\/przedszkole2.edu.wroclaw.pl\/wp-content\/uploads\/sites\/22\/2022\/02\/HARMONOGRAM-REKRUTACJI-724x1024.jpg 724w, https:\/\/przedszkole2.edu.wroclaw.pl\/wp-content\/uploads\/sites\/22\/2022\/02\/HARMONOGRAM-REKRUTACJI-212x300.jpg 212w, https:\/\/przedszkole2.edu.wroclaw.pl\/wp-content\/uploads\/sites\/22\/2022\/02\/HARMONOGRAM-REKRUTACJI-768x1086.jpg 768w, https:\/\/przedszkole2.edu.wroclaw.pl\/wp-content\/uploads\/sites\/22\/2022\/02\/HARMONOGRAM-REKRUTACJI-600x849.jpg 600w, https:\/\/przedszkole2.edu.wroclaw.pl\/wp-content\/uploads\/sites\/22\/2022\/02\/HARMONOGRAM-REKRUTACJI-1086x1536.jpg 1086w, https:\/\/przedszkole2.edu.wroclaw.pl\/wp-content\/uploads\/sites\/22\/2022\/02\/HARMONOGRAM-REKRUTACJI.jpg 1241w\" sizes=\"auto, (max-width: 724px) 100vw, 724px\" \/>&nbsp;<\/strong><\/p>\n<p><b>kryteria:<\/b><\/p>\n<p><strong><img loading=\"lazy\" decoding=\"async\" class=\"alignnone wp-image-3967 size-full\" src=\"https:\/\/przedszkole2.edu.wroclaw.pl\/wp-content\/uploads\/sites\/22\/2022\/02\/kRYTERIA-USTAWOWE.jpg\" alt=\"\" width=\"596\" height=\"843\" srcset=\"https:\/\/przedszkole2.edu.wroclaw.pl\/wp-content\/uploads\/sites\/22\/2022\/02\/kRYTERIA-USTAWOWE.jpg 596w, https:\/\/przedszkole2.edu.wroclaw.pl\/wp-content\/uploads\/sites\/22\/2022\/02\/kRYTERIA-USTAWOWE-212x300.jpg 212w\" sizes=\"auto, (max-width: 596px) 100vw, 596px\" \/><\/strong><\/p>\n<p><b>uzupe\u0142nienie wniosku:<\/b><\/p>\n<p><strong><img loading=\"lazy\" decoding=\"async\" class=\"alignnone wp-image-3968 size-large\" src=\"https:\/\/przedszkole2.edu.wroclaw.pl\/wp-content\/uploads\/sites\/22\/2022\/02\/UZUPELNIENIE-WNIOSKU-724x1024.jpg\" alt=\"\" width=\"724\" height=\"1024\" srcset=\"https:\/\/przedszkole2.edu.wroclaw.pl\/wp-content\/uploads\/sites\/22\/2022\/02\/UZUPELNIENIE-WNIOSKU-724x1024.jpg 724w, https:\/\/przedszkole2.edu.wroclaw.pl\/wp-content\/uploads\/sites\/22\/2022\/02\/UZUPELNIENIE-WNIOSKU-212x300.jpg 212w, https:\/\/przedszkole2.edu.wroclaw.pl\/wp-content\/uploads\/sites\/22\/2022\/02\/UZUPELNIENIE-WNIOSKU-768x1086.jpg 768w, https:\/\/przedszkole2.edu.wroclaw.pl\/wp-content\/uploads\/sites\/22\/2022\/02\/UZUPELNIENIE-WNIOSKU-600x849.jpg 600w, https:\/\/przedszkole2.edu.wroclaw.pl\/wp-content\/uploads\/sites\/22\/2022\/02\/UZUPELNIENIE-WNIOSKU-1086x1536.jpg 1086w, https:\/\/przedszkole2.edu.wroclaw.pl\/wp-content\/uploads\/sites\/22\/2022\/02\/UZUPELNIENIE-WNIOSKU.jpg 1241w\" sizes=\"auto, (max-width: 724px) 100vw, 724px\" \/><\/strong><\/p>\n<p><b>wyniki rekrutacji:<\/b><\/p>\n<p><strong><img loading=\"lazy\" decoding=\"async\" class=\"alignnone wp-image-3969 size-large\" src=\"https:\/\/przedszkole2.edu.wroclaw.pl\/wp-content\/uploads\/sites\/22\/2022\/02\/WYNIKI-REKRUTACJI-724x1024.jpg\" alt=\"\" width=\"724\" height=\"1024\" srcset=\"https:\/\/przedszkole2.edu.wroclaw.pl\/wp-content\/uploads\/sites\/22\/2022\/02\/WYNIKI-REKRUTACJI-724x1024.jpg 724w, https:\/\/przedszkole2.edu.wroclaw.pl\/wp-content\/uploads\/sites\/22\/2022\/02\/WYNIKI-REKRUTACJI-212x300.jpg 212w, https:\/\/przedszkole2.edu.wroclaw.pl\/wp-content\/uploads\/sites\/22\/2022\/02\/WYNIKI-REKRUTACJI-768x1086.jpg 768w, https:\/\/przedszkole2.edu.wroclaw.pl\/wp-content\/uploads\/sites\/22\/2022\/02\/WYNIKI-REKRUTACJI-600x849.jpg 600w, https:\/\/przedszkole2.edu.wroclaw.pl\/wp-content\/uploads\/sites\/22\/2022\/02\/WYNIKI-REKRUTACJI-1086x1536.jpg 1086w, https:\/\/przedszkole2.edu.wroclaw.pl\/wp-content\/uploads\/sites\/22\/2022\/02\/WYNIKI-REKRUTACJI.jpg 1241w\" sizes=\"auto, (max-width: 724px) 100vw, 724px\" \/><\/strong><\/p>\n<p><b>odwo\u0142ania:<\/b><\/p>\n<p><strong><img loading=\"lazy\" decoding=\"async\" class=\"alignnone wp-image-3970 size-large\" src=\"https:\/\/przedszkole2.edu.wroclaw.pl\/wp-content\/uploads\/sites\/22\/2022\/02\/ODWOLANIA-1024x724.jpg\" alt=\"\" width=\"1024\" height=\"724\" srcset=\"https:\/\/przedszkole2.edu.wroclaw.pl\/wp-content\/uploads\/sites\/22\/2022\/02\/ODWOLANIA-1024x724.jpg 1024w, https:\/\/przedszkole2.edu.wroclaw.pl\/wp-content\/uploads\/sites\/22\/2022\/02\/ODWOLANIA-300x212.jpg 300w, https:\/\/przedszkole2.edu.wroclaw.pl\/wp-content\/uploads\/sites\/22\/2022\/02\/ODWOLANIA-768x543.jpg 768w, https:\/\/przedszkole2.edu.wroclaw.pl\/wp-content\/uploads\/sites\/22\/2022\/02\/ODWOLANIA-600x424.jpg 600w, https:\/\/przedszkole2.edu.wroclaw.pl\/wp-content\/uploads\/sites\/22\/2022\/02\/ODWOLANIA-1536x1086.jpg 1536w, https:\/\/przedszkole2.edu.wroclaw.pl\/wp-content\/uploads\/sites\/22\/2022\/02\/ODWOLANIA.jpg 1755w\" sizes=\"auto, (max-width: 1024px) 100vw, 1024px\" \/><\/strong><\/p>\n<p><b>pytania i odpowiedzi:<\/b><\/p>\n<p><strong><a href=\"https:\/\/przedszkole2.edu.wroclaw.pl\/wp-content\/uploads\/sites\/22\/2022\/02\/PYTANIA-I-ODPOWIEDZI-1.pdf\">PYTANIA I ODPOWIEDZI (1)<\/a><\/strong><\/p>\n<p>Rekrutacja do szk\u00f3\u0142<\/p>\n<p><strong>Zg\u0142oszenia kandydat\u00f3w do klas I w obwodowych Szko\u0142ach Podstawowych:<\/strong><\/p>\n<p><strong>&#8211; rozpocz\u0119cie&nbsp;16 lutego 2022 r. o godzinie 12:00.<br \/>\n&#8211; zako\u0144czenie&nbsp;22 lutego 2022 r. o godzinie 15:00.<\/strong><\/p>\n<p><strong>Rekrutacja na wolne miejsca do klas I &#8211; oddzia\u0142y og\u00f3lne\/integracyjne w Szko\u0142ach Podstawowych:<\/strong><\/p>\n<p><strong>&#8211; rozpocz\u0119cie&nbsp;10 marca 2022 r. o godzinie 10:00.<br \/>\n&#8211; zako\u0144czenie14 marca 2022 r. o godzinie 15:00.<\/strong><\/p>\n<\/div>\n<\/div>\n<\/div>\n<p><strong>Rekrutacja do klas I w Szko\u0142ach Podstawowych:<\/strong><\/p>\n<p>W 2022 roku, jako pierwsza rozpoczyna si\u0119 rekrutacja do klas I w szko\u0142ach podstawowych (etap zg\u0142osze\u0144) &#8211; od<strong> 16 lutego<\/strong> rodzice maj\u0105 mo\u017cliwo\u015b\u0107 z\u0142o\u017cenia zg\u0142osze\u0144 w systemie<\/p>\n<p><span style=\"font-family: verdana,geneva,sans-serif; font-size: 12pt;\"><a href=\"https:\/\/przedszkole2.edu.wroclaw.pl\/wp-content\/uploads\/sites\/22\/2022\/02\/Terminy-postepowania-rekrutacyjnego-do-klas-I.pdf\">Terminy post\u0119powania rekrutacyjnego do klas I<\/a><\/span><\/p>\n<p>&nbsp;<\/p>\n<p>&nbsp;<\/p>\n<p><em>Informator dla rodzic\u00f3w o rekrutacji do przedszkoli i szk\u00f3\u0142 podstawowych na rok 2022\/2023<\/em><\/p>\n<h3><a href=\"https:\/\/przedszkole2.edu.wroclaw.pl\/wp-content\/uploads\/sites\/22\/2022\/01\/rekrutacja_ARAW-gazeta-wroclaw_pl-Nr3_69-2022.pdf\">rekrutacja_ARAW gazeta wroclaw_pl Nr3_69 2022<\/a><\/h3>\n<p><a href=\"https:\/\/przedszkole2.edu.wroclaw.pl\/wp-content\/uploads\/sites\/22\/2022\/01\/3_rekrutacja_ARAW-gazeta-wroclaw_pl-Nr3_69-2022.pdf\">3_rekrutacja_ARAW gazeta wroclaw_pl Nr3_69 2022<\/a><\/p>\n<h3 style=\"font-size: 18px;\"><a href=\"https:\/\/www.wroclaw.pl\/portal\/edukacja\">www.wroclaw.pl\/edukacja<\/a><\/h3>\n<p>&nbsp;<\/p>\n<p style=\"text-align: center;\"><strong>Informacja o zbli\u017caj\u0105cej si\u0119 rekrutacji uzupe\u0142niaj\u0105cej do klas I. <\/strong><a href=\"https:\/\/przedszkole2.edu.wroclaw.pl\/wp-content\/uploads\/sites\/22\/2021\/06\/rekrutacja_A4.pdf\">rekrutacja_A4<\/a><\/p>\n<p>&nbsp;<\/p>\n<p>Szanowni Pa\u0144stwo,<\/p>\n<p><strong>w dniach 14 do 20 maja br.<\/strong> (<strong>do godziny 15:00<\/strong>) trwa rekrutacja do klas I we wroc\u0142awskich szko\u0142ach podstawowych. Rekrutacja odbywa si\u0119 za po\u015brednictwem elektronicznego systemu rekrutacji na stronie: <a href=\"http:\/\/www.rekrutacje.edu.wroclaw.pl\">https:\/\/rekrutacje.edu.wroclaw.pl<\/a><br \/>\nDo rekrutacji przyst\u0119puj\u0105 dzieci w wieku 7 lat (2014 r.) oraz 6 lat (2015 r.) je\u017celi realizowa\u0142y, w roku szkolnym 2020\/2021 wychowanie przedszkolne albo posiadaj\u0105 opinie poradni psychologiczno-pedagogicznej dot. mo\u017cliwo\u015bci rozpocz\u0119cia nauki w szkole podstawowej.<br \/>\n<strong>Rekrutacja dotyczy dzieci z obwodu szko\u0142y,<\/strong> kt\u00f3rych rodzice <strong>musz\u0105<\/strong> <strong>w systemie z\u0142o\u017cy\u0107 zg\u0142oszenie do szko\u0142y obwodowej<\/strong> oraz dzieci, kt\u00f3rych rodzice<strong> rekrutuj\u0105 swoje dziecko do innej szko\u0142y ni\u017c obwodowa<\/strong>.<\/p>\n<p>W za\u0142\u0105czeniu pe\u0142na informacja. <a href=\"https:\/\/przedszkole2.edu.wroclaw.pl\/wp-content\/uploads\/sites\/22\/2021\/05\/Rekrutacja-do-klas-I-szkol-podstawowych-na-rok-szkolny-2021_22_KP.docx\">Rekrutacja do klas I szk\u00f3\u0142 podstawowych na rok szkolny 2021_22_KP<\/a><\/p>\n<p>Szanowni Rodzice, Drodzy Opiekunowie,<br \/>\nje\u015bli wasze dziecko jest kandydatem do przedszkola, klasy I Szko\u0142y Podstawowej lub Szko\u0142y Ponadpodstawowej na rok szkolny 2021\/2022 mo\u017cecie skorzysta\u0107 z mo\u017cliwo\u015bci z\u0142o\u017cenia wniosku rekrutacyjnego w formie elektronicznej z podpisem zaufanym.<br \/>\nW dobie pandemii nie ma konieczno\u015bci, aby udawali si\u0119 Pa\u0144stwo osobi\u015bcie z wydrukowanym wnioskiem rekrutacyjnym do przedszkola lub szko\u0142y. Wszystko b\u0119dzie mo\u017cna za\u0142atwi\u0107 nie ruszaj\u0105c si\u0119 sprzed ekranu domowego komputera. Podczas rekrutacji do plac\u00f3wek o\u015bwiatowych znajduj\u0105cych si\u0119 w ofercie na stronie rekrutacje.edu.wroclaw.pl w 2021 roku wprowadzono mo\u017cliwo\u015b\u0107 podpisu wniosku profilem zaufanym. Aby skorzysta\u0107 z podpisu zaufanego, trzeba za\u0142\u0105czy\u0107 w systemie dokumenty potwierdzaj\u0105ce spe\u0142nienie okre\u015blonych kryteri\u00f3w. O tym, jakie pliki nale\u017cy do\u0142\u0105czy\u0107, poinformuje system elektronicznej rekrutacji.<br \/>\n<strong><u>UM Wroc\u0142awia rekomenduje sk\u0142adanie wniosk\u00f3w drog\u0105 elektroniczn\u0105.<\/u><\/strong><br \/>\nJe\u015bli nie jeste\u015bcie posiadaczem profilu zaufanego &#8211; mo\u017cecie dowiedzie\u0107 si\u0119 jak go za\u0142o\u017cy\u0107 pod adresem <strong>l.wroclaw.pl\/profil-zaufany<\/strong><br \/>\n<strong>Szczeg\u00f3\u0142y dot. rekrutacji znajd\u0105 Pa\u0144stwo na stronie<\/strong><a href=\"https:\/\/www.wroclaw.pl\/portal\/rekrutacja-szkoly-i-przedszkola-wroclaw\"><strong> www.wroclaw.pl\/portal\/rekrutacja-szkoly-i-przedszkola-wroclaw<\/strong><\/a>[\/vc_column_text][vc_column_text]<\/p>\n<div style=\"font-size: 18px;\">\n<h3>Pliki do pobrania<\/h3>\n<p><a href=\"https:\/\/przedszkole2.edu.wroclaw.pl\/wp-content\/uploads\/sites\/22\/2021\/03\/HARMONOGRAM-DLA-RODZICA-PRZEDSZKOLA-2021-2022.pdf\">HARMONOGRAM DLA RODZICA &#8211; PRZEDSZKOLA 2021-2022 (PDF 96KB)<\/a><\/p>\n<p><a href=\"https:\/\/przedszkole2.edu.wroclaw.pl\/wp-content\/uploads\/sites\/22\/2021\/03\/KRYTERIA-REKRUTACJI-PRZEDSZKOLA-2021-2022.pdf\">KRYTERIA REKRUTACJI &#8211; PRZEDSZKOLA 2021-2022 (PDF 177KB)<\/a><\/p>\n<p><a href=\"https:\/\/przedszkole2.edu.wroclaw.pl\/wp-content\/uploads\/sites\/22\/2021\/03\/Harmonogram-rekrutacji-do-klas-I-wSzkolach-Podstawowych.docx\">Harmonogram rekrutacji do klas I wSzkolach Podstawowych (DOCX 17KB)<\/a><\/p>\n<p><a href=\"https:\/\/przedszkole2.edu.wroclaw.pl\/wp-content\/uploads\/sites\/22\/2021\/03\/Kryteria-rekrutacyjne-do-klas-I-Szkol-Podstawowych.docx\">Kryteria rekrutacyjne do klas I Szkol Podstawowych (DOCX 14KB)<\/a><\/p>\n<h2>Podanie oraz za\u0142\u0105czniki (rekrutacja) &#8211; wzory do pobrania<\/h2>\n<\/div>\n<p>[\/vc_column_text][\/vc_column][\/vc_row][vc_row][vc_column][vc_column_text]<a href=\"https:\/\/przedszkole2.edu.wroclaw.pl\/wp-content\/uploads\/sites\/22\/2021\/03\/wniosek-do-przedszkola-2021.doc\">wniosek-do-przedszkola-2021<\/a><\/p>\n<p><a href=\"https:\/\/przedszkole2.edu.wroclaw.pl\/wp-content\/uploads\/sites\/22\/2021\/03\/oswiadczenie-o-zgloszeniu-dwojki-dzieci-.doc\">oswiadczenie-o-zgloszeniu-dwojki-dzieci<\/a><\/p>\n<p><a href=\"https:\/\/przedszkole2.edu.wroclaw.pl\/wp-content\/uploads\/sites\/22\/2021\/03\/oswiadczenie-o-wysokosci-dochodu.doc\">oswiadczenie-o-wysokosci-dochodu<\/a><\/p>\n<p><a href=\"https:\/\/przedszkole2.edu.wroclaw.pl\/wp-content\/uploads\/sites\/22\/2021\/03\/oswiadczenie-o-wielodzietnosci.doc\">oswiadczenie-o-wielodzietnosci<\/a><\/p>\n<p><a href=\"https:\/\/przedszkole2.edu.wroclaw.pl\/wp-content\/uploads\/sites\/22\/2021\/03\/oswiadczenie-o-samotnosci.doc\">oswiadczenie-o-samotnosci<\/a><\/p>\n<p><a href=\"https:\/\/przedszkole2.edu.wroclaw.pl\/wp-content\/uploads\/sites\/22\/2021\/03\/oswiadczenie-o-prowadzeniu-dzialalnosci-gospodarczej.doc\">oswiadczenie-o-prowadzeniu-dzialalnosci-gospodarczej<\/a><\/p>\n<p><a href=\"https:\/\/przedszkole2.edu.wroclaw.pl\/wp-content\/uploads\/sites\/22\/2021\/03\/oswiadczenie-pit.doc\">oswiadczenie-pit<\/a>[\/vc_column_text][\/vc_column][\/vc_row]<\/p>\n<\/div>","protected":false},"excerpt":{"rendered":"<p>[vc_row][vc_column][vc_column_text] Drzwi otwarte w \u201eTajemniczym Ogrodzie\u201d. Serdecznie zapraszamy Rodzic\u00f3w, kt\u00f3rzy chcieliby zapisa\u0107 swoje dziecko do przedszkola \u201eTajemniczy Ogr\u00f3d\u201d na drzwi otwarte, kt\u00f3re odb\u0119d\u0105 si\u0119 17.03.2022r. w godzinach 16.00 \u2013 17.30 [&hellip;]<\/p>\n","protected":false},"author":72,"featured_media":0,"parent":0,"menu_order":0,"comment_status":"closed","ping_status":"closed","template":"","meta":{"ngg_post_thumbnail":0,"footnotes":""},"class_list":["post-6381","page","type-page","status-publish","hentry","clearfix"],"_links":{"self":[{"href":"https:\/\/przedszkole2.edu.wroclaw.pl\/index.php\/wp-json\/wp\/v2\/pages\/6381","targetHints":{"allow":["GET"]}}],"collection":[{"href":"https:\/\/przedszkole2.edu.wroclaw.pl\/index.php\/wp-json\/wp\/v2\/pages"}],"about":[{"href":"https:\/\/przedszkole2.edu.wroclaw.pl\/index.php\/wp-json\/wp\/v2\/types\/page"}],"author":[{"embeddable":true,"href":"https:\/\/przedszkole2.edu.wroclaw.pl\/index.php\/wp-json\/wp\/v2\/users\/72"}],"replies":[{"embeddable":true,"href":"https:\/\/przedszkole2.edu.wroclaw.pl\/index.php\/wp-json\/wp\/v2\/comments?post=6381"}],"version-history":[{"count":1,"href":"https:\/\/przedszkole2.edu.wroclaw.pl\/index.php\/wp-json\/wp\/v2\/pages\/6381\/revisions"}],"predecessor-version":[{"id":6382,"href":"https:\/\/przedszkole2.edu.wroclaw.pl\/index.php\/wp-json\/wp\/v2\/pages\/6381\/revisions\/6382"}],"wp:attachment":[{"href":"https:\/\/przedszkole2.edu.wroclaw.pl\/index.php\/wp-json\/wp\/v2\/media?parent=6381"}],"curies":[{"name":"wp","href":"https:\/\/api.w.org\/{rel}","templated":true}]}}