
{"id":6809,"date":"2023-09-18T12:12:21","date_gmt":"2023-09-18T10:12:21","guid":{"rendered":"https:\/\/przedszkole2.edu.wroclaw.pl\/?page_id=6809"},"modified":"2023-09-18T12:12:21","modified_gmt":"2023-09-18T10:12:21","slug":"archiwum-22-23-grupa-skrzaty","status":"publish","type":"page","link":"https:\/\/przedszkole2.edu.wroclaw.pl\/index.php\/archiwum-grupowe\/archiwum-22-23-grupa-skrzaty\/","title":{"rendered":"Archiwum 22\/23 &#8211; Grupa Skrzaty"},"content":{"rendered":"<div class=\"wpb-content-wrapper\"><p>[vc_row][vc_column][vc_tta_tabs][vc_tta_section title=&#8221;O nas&#8221; tab_id=&#8221;1568733482569-d2d1df83-d5a9&#8243;][vc_gallery type=&#8221;image_grid&#8221; images=&#8221;6195,6196,6197,6198&#8243; img_size=&#8221;200&#215;100&#8243; title=&#8221;G\u00f3ralskie kol\u0119dowanie \/ 20.12.2022r.&#8221;][vc_gallery type=&#8221;image_grid&#8221; images=&#8221;6181,6182,6183,6184,6185,6186,6187,6188,6189,6190,6191&#8243; img_size=&#8221;200&#215;100&#8243; title=&#8221;\u015awi\u0105teczne choineczki&#8221;][vc_gallery type=&#8221;image_grid&#8221; images=&#8221;6031,6032,6033,6034,6035,6036,6037,6038&#8243; img_size=&#8221;200&#215;100&#8243; title=&#8221;Pierwszy \u015bnieg w &#8222;Tajemniczym Ogrodzie&#8222; &#8211; lepimy ba\u0142wanka \/ 12.12.2022&#8243;][vc_gallery type=&#8221;image_grid&#8221; images=&#8221;6025,6026,6027,6028,6029,6030&#8243; img_size=&#8221;200&#215;100&#8243; title=&#8221;Wyst\u0119p artystyczny pt.: &#8222;Na Straganie&#8222; J. Brzechwy w wykonaniu uczni\u00f3w z Zespo\u0142u Szk\u00f3\u0142 nr 9 we Wroc\u0142awiu&#8221;][vc_gallery type=&#8221;image_grid&#8221; images=&#8221;5954,5955,5956,5957,5958,5960,5961,5962,5963,5964,5965,5966,5967&#8243; img_size=&#8221;200&#215;100&#8243; title=&#8221;Miko\u0142ajki \/ 6.12.2022r.&#8221;][vc_gallery type=&#8221;image_grid&#8221; images=&#8221;5924,5925,5926,5927,5928,5929,5930,5931,5932,5934,5935&#8243; img_size=&#8221;200&#215;100&#8243; title=&#8221;Skrzaty ubieraj\u0105 choink\u0119 \/ 5.12.2022r.&#8221;][vc_gallery type=&#8221;image_grid&#8221; images=&#8221;5922,5933&#8243; img_size=&#8221;200&#215;100&#8243; title=&#8221;Czekamy na \u015awi\u0119tego Miko\u0142aja&#8221;][vc_gallery type=&#8221;image_grid&#8221; images=&#8221;5917,5918,5919,5920,5921&#8243; img_size=&#8221;200&#215;100&#8243; title=&#8221;Koncerty muzyczny &#8211; Przedszkole nr 2 go\u015bci Panie z Opery Wroc\u0142awskiej \/ 3.12.2022r.&#8221;][vc_gallery type=&#8221;image_grid&#8221; images=&#8221;5914,5915&#8243; img_size=&#8221;200&#215;100&#8243; title=&#8221;Zaj\u0119cia z Krokietem i Lam\u0105 to po\u0142\u0105czenie edukacji, ruchu i rozrywki&#8221;][vc_gallery type=&#8221;image_grid&#8221; images=&#8221;5912,5910,5909,5908,5907,5906,5905,5898,5899,5900,5901,5902,5903,5904,5897,5896&#8243; img_size=&#8221;200&#215;100&#8243; title=&#8221;&#8222;Miko\u0142aju, Miko\u0142aju \u015awi\u0119ty przynie\u015b nam prezenty&#8222;. Skrzaty wysy\u0142aj\u0105 listy do \u015bwi\u0119tego :)&#8221;][vc_gallery type=&#8221;image_grid&#8221; images=&#8221;5846,5847,5848,5849,5850,5851&#8243; img_size=&#8221;200&#215;100&#8243; title=&#8221;Teatrzyk pt.: &#8222;Perypetie Pluszowego Misia&#8222; \/ 29.11.2022r.&#8221;][vc_gallery type=&#8221;image_grid&#8221; images=&#8221;5844&#8243; img_size=&#8221;200&#215;100&#8243; title=&#8221;\u015awiatowy Dzie\u0144 Pluszowego Misia \/ 25.11.2022r.&#8221;][vc_gallery type=&#8221;image_grid&#8221; images=&#8221;5938,5939,5940,5941,5942,5943,5944,5945,5946,5947&#8243; img_size=&#8221;200&#215;100&#8243; title=&#8221;Warsztaty przyrodnicze pt.: &#8222;Nasze Je\u017ce&#8222; \/ 17.11.2022r.&#8221;][vc_gallery type=&#8221;image_grid&#8221; images=&#8221;5762&#8243; img_size=&#8221;200&#215;100&#8243; title=&#8221;Zaj\u0119cia z rytmiki z Panem Rafa\u0142em&#8221;][vc_gallery type=&#8221;image_grid&#8221; images=&#8221;5757,5758,5759,5760&#8243; img_size=&#8221;200&#215;100&#8243; title=&#8221;Dzie\u0144 przyja\u017ani z ksi\u0105\u017ck\u0105 &#8211; czytanie pod drzewami w naszym pi\u0119knym ogrodzie przedszkolnym \/ 04.11.2022r.&#8221;][vc_gallery type=&#8221;image_grid&#8221; images=&#8221;5752,5753,5754,5755&#8243; img_size=&#8221;200&#215;100&#8243; title=&#8221;Wycieczka na poczt\u0119 \/ 04.11.2022r.&#8221;][vc_gallery type=&#8221;image_grid&#8221; images=&#8221;5675,5676,5677,5678&#8243; img_size=&#8221;200&#215;100&#8243; title=&#8221;Zaj\u0119cia edukacyjne &#8222;Mini Ratownik&#8222; prowadzone przez Stra\u017c Miejsk\u0105 \/26.10.2022r.&#8221;][vc_gallery type=&#8221;image_grid&#8221; images=&#8221;5669,5670,5671,5672,5673,5674&#8243; img_size=&#8221;200&#215;100&#8243; title=&#8221;Rozbudzamy pasje czytania &#8211; wizyta w Miejskiej Bibliotece Publicznej im. Tadeusza R\u00f3\u017cewicza we Wroc\u0142awiu \/26.10.2022r.&#8221;][vc_gallery type=&#8221;image_grid&#8221; images=&#8221;5668,5666,5667&#8243; img_size=&#8221;200&#215;100&#8243; title=&#8221;Koncert muzyczny pt.: &#8222;Skrzypce ma\u0142ego Henia&#8222; \/25.10.2022r.&#8221;][vc_gallery type=&#8221;image_grid&#8221; images=&#8221;5655,5656,5657,5658,5659&#8243; img_size=&#8221;200&#215;100&#8243; title=&#8221;Zdrowe smaki w owocach i warzywach zakl\u0119te \/21.10.2022r.&#8221;][vc_gallery type=&#8221;image_grid&#8221; images=&#8221;5654&#8243; img_size=&#8221;200&#215;100&#8243; title=&#8221;Dzie\u0144 Drzewa \/10.10.2022r.&#8221;][vc_gallery type=&#8221;image_grid&#8221; images=&#8221;5630&#8243; img_size=&#8221;200&#215;100&#8243; title=&#8221;Dzie\u0144 U\u015bmiechu \/07.10.2022r.&#8221;][vc_gallery type=&#8221;image_grid&#8221; images=&#8221;5623,5624,5625,5626,5627,5628&#8243; img_size=&#8221;200&#215;100&#8243; title=&#8221;Zabawa Kolorowe Ko\u0142o \/5.10.2022r.&#8221;][vc_gallery type=&#8221;image_grid&#8221; images=&#8221;5620,5621,5622,5619,5618,5617&#8243; img_size=&#8221;200&#215;100&#8243; title=&#8221;Dzie\u0144 Sportu &#8211; spotkanie z Krokietem i Lam\u0105 \/ 30.09.2022r.&#8221;][vc_gallery type=&#8221;image_grid&#8221; images=&#8221;5609,5610,5611,5612,5613&#8243; img_size=&#8221;200&#215;100&#8243; title=&#8221;Zabawy z dyni\u0105 czyli nasz dzie\u0144 w przedszkolu :)&#8221;][vc_gallery type=&#8221;image_grid&#8221; images=&#8221;5632&#8243; img_size=&#8221;200&#215;100&#8243; title=&#8221;Witamy Jesie\u0144 \/23.09.2022r.&#8221;][vc_gallery type=&#8221;image_grid&#8221; images=&#8221;5633,5635,5636,5637,5638,5639,5640,5641,5642,5643,5644,5645,5646,5647,5648&#8243; img_size=&#8221;200&#215;100&#8243; title=&#8221;Zaj\u0119cia otwarte czyli rodzinne zabawy \/22.09.2022r&#8221;][vc_column_text]<\/p>\n<div style=\"width: 640px;\" class=\"wp-video\"><video class=\"wp-video-shortcode\" id=\"video-6809-1\" width=\"640\" height=\"352\" preload=\"metadata\" controls=\"controls\"><source type=\"video\/mp4\" src=\"https:\/\/przedszkole2.edu.wroclaw.pl\/wp-content\/uploads\/sites\/22\/2022\/10\/VID-20221010-WA0037.mp4?_=1\" \/><a href=\"https:\/\/przedszkole2.edu.wroclaw.pl\/wp-content\/uploads\/sites\/22\/2022\/10\/VID-20221010-WA0037.mp4\">https:\/\/przedszkole2.edu.wroclaw.pl\/wp-content\/uploads\/sites\/22\/2022\/10\/VID-20221010-WA0037.mp4<\/a><\/video><\/div>\n<p>[\/vc_column_text][vc_empty_space][vc_column_text]<strong><img loading=\"lazy\" decoding=\"async\" class=\"wp-image-5306 size-full aligncenter\" src=\"https:\/\/przedszkole2.edu.wroclaw.pl\/wp-content\/uploads\/sites\/22\/2022\/09\/Bez-tytulu.jpg\" alt=\"u\u015bmiechni\u0119te dzieci\" width=\"957\" height=\"262\"><\/strong><\/p>\n<p><strong>Zapraszamy Rodzic\u00f3w gr.SKRZATY na zaj\u0119cia otwarte,<\/strong><\/p>\n<p><strong>&nbsp;kt\u00f3re odb\u0119d\u0105 si\u0119 w naszym ,,Tajemniczym Ogrodzie\u201d<\/strong><\/p>\n<p><strong>w dniu 22.09.2022r (czwartek) o godz. 14.30.<\/strong><\/p>\n<p><strong>Serdecznie zapraszamy<\/strong><\/p>\n<p>[\/vc_column_text][\/vc_tta_section][vc_tta_section title=&#8221;Aktualno\u015bci&#8221; tab_id=&#8221;1568733482613-f82e959d-df6e&#8221;][vc_column_text]<strong><img loading=\"lazy\" decoding=\"async\" class=\"wp-image-5306 size-full aligncenter\" src=\"https:\/\/przedszkole2.edu.wroclaw.pl\/wp-content\/uploads\/sites\/22\/2022\/09\/Bez-tytulu.jpg\" alt=\"u\u015bmiechni\u0119te dzieci\" width=\"957\" height=\"262\"><\/strong><\/p>\n<p>&nbsp;<\/p>\n<p><strong>Zapraszamy Rodzic\u00f3w gr.SKRZATY na zaj\u0119cia otwarte,<\/strong><\/p>\n<p><strong>&nbsp;kt\u00f3re odb\u0119d\u0105 si\u0119 w naszym ,,Tajemniczym Ogrodzie\u201d<\/strong><\/p>\n<p><strong>w dniu 22.09.2022r (czwartek) o godz. 14.30.<\/strong><\/p>\n<p>&nbsp;<\/p>\n<p><strong>Serdecznie zapraszamy \ud83d\ude42<\/strong><\/p>\n<p>[\/vc_column_text][\/vc_tta_section][vc_tta_section title=&#8221;Tematyka miesi\u0119czna&#8221; tab_id=&#8221;1568733622080-97d6701e-a304&#8243;][vc_column_text]Tematyka \u201eWrzesie\u0144\u201d \u2013 o czym rozmawiamy?<br \/>\n1. Witamy w naszym przedszkolu<br \/>\n2. Moja grupa<br \/>\n3. Moja droga do przedszkola<br \/>\n4. Idzie jesie\u0144<br \/>\nW tym miesi\u0105cu \u015bpiewamy:<br \/>\n\u201eChocia\u017c lat niewiele mam\u201d<br \/>\nChocia\u017c ma\u0142y ze mnie brzd\u0105c, chocia\u017c lat niewiele mam,<br \/>\nPrzedszkolakiem zosta\u0107 chc\u0119 i na pewno rad\u0119 dam!<br \/>\nUmiem w parach, w kole sta\u0107, ta\u0144cz\u0119 gdy muzyka gra.<br \/>\nI piosenek ucz\u0119 si\u0119, nawet znam wierszyki dwa!<br \/>\nJu\u017c koleg\u00f3w nowych mam, co dzie\u0144 z nimi bawi\u0119 si\u0119.<br \/>\nI weso\u0142o sp\u0119dzam czas, za to nudzie m\u00f3wi\u0119 nie!<br \/>\n\u201eIdzie Ja\u015b, idzie Sta\u015b\u201d<br \/>\nIdzie Ja\u015b, idzie Sta\u015b, Idzie te\u017c Marysia.<br \/>\nWszyscy dzi\u015b grzeczni s\u0105 I nie tylko dzisiaj.<br \/>\nTup, tup, tup, tup, tup, tup, Daleko w\u0119druj\u0105,<br \/>\nHop, hop, hop, hop, hop, hop Lekko podskakuj\u0105.<br \/>\n\u201eTu paluszek\u201d<br \/>\nTu paluszek, tu paluszek kolorowy mam fartuszek<br \/>\nTutaj r\u0105czka, a tu druga, a tu oczko do mnie mruga.<br \/>\nTu jest buzia, tu z\u0105beczki tu wpadaj\u0105 cukiereczki.<br \/>\nTu jest n\u00f3\u017cka i tu n\u00f3\u017cka Chod\u017a, zata\u0144czysz jak kaczuszka.<br \/>\nBawimy si\u0119 w:<br \/>\n\u201eStonoga\u201d<br \/>\nNa spacer wysz\u0142a stonoga, tupie lewa noga\/prawa noga.<br \/>\nStonoga idzie bardzo powoli, bo g\u0142owa j\u0105 boli.<br \/>\nStonoga stoi bez ruchu, bo jej burczy w brzuchu.<br \/>\nStonoga podskakuje, bo co\u015b j\u0105 w plecy k\u0142uje.<br \/>\nStonoga strasznie rechocze, bo co\u015b j\u0105 w szyj\u0119 \u0142askocze.<br \/>\nStonoga skacze hop, hop, hop, nagle \u2013 stop!<br \/>\n\u201eZuch\u201d<br \/>\nNa dywanie zuch ju\u017c siedzi i wymy\u015bla ruch dla dzieci!<br \/>\nJeden, dwa i trzy, zr\u00f3bcie tak i wy![\/vc_column_text][\/vc_tta_section][vc_tta_section title=&#8221;Ciekawostki dla rodzic\u00f3w&#8221; tab_id=&#8221;1568734189522-62b09b78-a8c2&#8243;][vc_column_text]<\/p>\n<h2><em><strong>SKRZATY &#8211; ZAJ\u0118CIA DODATKOWE<br \/>\n2022\/2023<\/strong><\/em><\/h2>\n<p>&nbsp;<\/p>\n<table>\n<tbody>\n<tr>\n<td>\n<h4><strong>Dzie\u0144 \/Godzina<\/strong><\/h4>\n<\/td>\n<td>\n<h4><strong>PONIEDZIA\u0141EK<\/strong><\/h4>\n<\/td>\n<td>\n<h4><strong>WTOREK<\/strong><\/h4>\n<\/td>\n<td>\n<h4><strong>\u015aRODA<\/strong><\/h4>\n<\/td>\n<td>\n<h4><strong>CZWARTEK<\/strong><\/h4>\n<\/td>\n<td>\n<h4><strong>PI\u0104TEK<\/strong><\/h4>\n<\/td>\n<\/tr>\n<tr>\n<td>\n<h4><strong>9:00 &#8211; 9:30<\/strong><\/h4>\n<\/td>\n<td>&nbsp;<\/td>\n<td>&nbsp;<\/td>\n<td>&nbsp;<\/td>\n<td>&nbsp;<\/td>\n<td>&nbsp;<\/td>\n<\/tr>\n<tr>\n<td>\n<h4><strong>9:30 &#8211; 10:00<\/strong><\/h4>\n<\/td>\n<td><strong>ANGIELSKI<\/strong><\/td>\n<td><strong>GIMNASTYKA<\/strong><\/td>\n<td>&nbsp;<\/td>\n<td>&nbsp;<\/td>\n<td>&nbsp;<\/td>\n<\/tr>\n<tr>\n<td>\n<h4><strong>11:00 &#8211; 11:30<\/strong><\/h4>\n<\/td>\n<td>&nbsp;<\/td>\n<td><strong>RYTMIKA<\/strong><\/td>\n<td>&nbsp;<\/td>\n<td><strong>GIMNASTYKA<\/strong><\/td>\n<td><strong>MALI WSPANIALI<\/strong><\/td>\n<\/tr>\n<tr>\n<td>\n<h4><strong>13:45 &#8211; 14:00<\/strong><\/h4>\n<\/td>\n<td><strong>RELIGIA<\/strong><\/td>\n<td>&nbsp;<\/td>\n<td><strong>RELIGIA<\/strong><\/td>\n<td>&nbsp;<\/td>\n<td>&nbsp;<\/td>\n<\/tr>\n<\/tbody>\n<\/table>\n<table>\n<tbody>\n<tr>\n<td>\n<h4><strong>13:30 &#8211; 14:00<\/strong><\/h4>\n<\/td>\n<td>&nbsp;<\/td>\n<td>&nbsp;<\/td>\n<td>&nbsp;<\/td>\n<td>&nbsp;<\/td>\n<td>&nbsp;<\/td>\n<\/tr>\n<\/tbody>\n<\/table>\n<p><b>* Logopeda: Renata Kaletka &#8211; wtorek 8:00-11:00&nbsp;<\/b><\/p>\n<p><b>* Psycholog:&nbsp;&nbsp;<\/b><\/p>\n<p><b>* Pedagog specjalny: Arleta \u017barczy\u0144ska &#8211; czwartek 10:30-15:30 oraz pi\u0105tek 8:30-14:30<\/b><\/p>\n<p>[\/vc_column_text][vc_row_inner row_color=&#8221;#ffffff&#8221; row_head_color=&#8221;#ffffff&#8221; row_link_color=&#8221;#ffffff&#8221;][vc_column_inner width=&#8221;2\/3&#8243; css=&#8221;.vc_custom_1429074013896{padding-left: 0px !important;}&#8221;][\/vc_column_inner][vc_column_inner width=&#8221;1\/3&#8243; text_align=&#8221;right&#8221; css=&#8221;.vc_custom_1429074444664{padding-right: 0px !important;}&#8221;][vc_column_text][\/vc_column_text][\/vc_column_inner][\/vc_row_inner][\/vc_tta_section][vc_tta_section title=&#8221;Kontakt&#8221; tab_id=&#8221;1568734411896-106e8d76-d25c&#8221;][vc_row_inner][vc_column_inner width=&#8221;2\/3&#8243;][vc_column_text]<b>Nauczyciele:<\/b><\/p>\n<p>P. Adrianna Jab\u0142o\u0144ska <a href=\"mailto:adrjab9588@edu.wroclaw.pl\">adrjab9588@edu.wroclaw.pl<\/a><\/p>\n<p>P. Irena Lewicka <a href=\"mailto:irelew8638@edu.wroclaw.pl\">irelew8638@edu.wroclaw.pl<\/a><\/p>\n<p>P. Izabela Michalska-\u015awito\u0144 <a href=\"mailto:izamic5024@edu.wroclaw.pl\">izamic5024@edu.wroclaw.pl<\/a><\/p>\n<p>&nbsp;<\/p>\n<p>&nbsp;<\/p>\n<p>&nbsp;[\/vc_column_text][\/vc_column_inner][vc_column_inner width=&#8221;1\/3&#8243;][vc_column_text][\/vc_column_text][\/vc_column_inner][\/vc_row_inner][\/vc_tta_section][vc_tta_section title=&#8221;Archiwum 21\/22&#8243; tab_id=&#8221;1663582772344-59e80e78-7650&#8243;][vc_column_text]<a href=\"https:\/\/przedszkole2.edu.wroclaw.pl\/index.php\/archiwum-grupowe\/archiwum-21-22-grupa-skrzaty\/\">Archiwum 21\/22 \u2013 Grupa Skrzaty<\/a>[\/vc_column_text][\/vc_tta_section][\/vc_tta_tabs][\/vc_column][\/vc_row]<\/p>\n<\/div>","protected":false},"excerpt":{"rendered":"<p>[vc_row][vc_column][vc_tta_tabs][vc_tta_section title=&#8221;O nas&#8221; tab_id=&#8221;1568733482569-d2d1df83-d5a9&#8243;][vc_gallery type=&#8221;image_grid&#8221; images=&#8221;6195,6196,6197,6198&#8243; img_size=&#8221;200&#215;100&#8243; title=&#8221;G\u00f3ralskie kol\u0119dowanie \/ 20.12.2022r.&#8221;][vc_gallery type=&#8221;image_grid&#8221; images=&#8221;6181,6182,6183,6184,6185,6186,6187,6188,6189,6190,6191&#8243; img_size=&#8221;200&#215;100&#8243; title=&#8221;\u015awi\u0105teczne choineczki&#8221;][vc_gallery type=&#8221;image_grid&#8221; images=&#8221;6031,6032,6033,6034,6035,6036,6037,6038&#8243; img_size=&#8221;200&#215;100&#8243; title=&#8221;Pierwszy \u015bnieg w &#8222;Tajemniczym Ogrodzie&#8222; &#8211; lepimy ba\u0142wanka \/ 12.12.2022&#8243;][vc_gallery type=&#8221;image_grid&#8221; [&hellip;]<\/p>\n","protected":false},"author":72,"featured_media":0,"parent":2443,"menu_order":0,"comment_status":"closed","ping_status":"closed","template":"","meta":{"ngg_post_thumbnail":0,"footnotes":""},"class_list":["post-6809","page","type-page","status-publish","hentry","clearfix"],"_links":{"self":[{"href":"https:\/\/przedszkole2.edu.wroclaw.pl\/index.php\/wp-json\/wp\/v2\/pages\/6809","targetHints":{"allow":["GET"]}}],"collection":[{"href":"https:\/\/przedszkole2.edu.wroclaw.pl\/index.php\/wp-json\/wp\/v2\/pages"}],"about":[{"href":"https:\/\/przedszkole2.edu.wroclaw.pl\/index.php\/wp-json\/wp\/v2\/types\/page"}],"author":[{"embeddable":true,"href":"https:\/\/przedszkole2.edu.wroclaw.pl\/index.php\/wp-json\/wp\/v2\/users\/72"}],"replies":[{"embeddable":true,"href":"https:\/\/przedszkole2.edu.wroclaw.pl\/index.php\/wp-json\/wp\/v2\/comments?post=6809"}],"version-history":[{"count":1,"href":"https:\/\/przedszkole2.edu.wroclaw.pl\/index.php\/wp-json\/wp\/v2\/pages\/6809\/revisions"}],"predecessor-version":[{"id":6810,"href":"https:\/\/przedszkole2.edu.wroclaw.pl\/index.php\/wp-json\/wp\/v2\/pages\/6809\/revisions\/6810"}],"up":[{"embeddable":true,"href":"https:\/\/przedszkole2.edu.wroclaw.pl\/index.php\/wp-json\/wp\/v2\/pages\/2443"}],"wp:attachment":[{"href":"https:\/\/przedszkole2.edu.wroclaw.pl\/index.php\/wp-json\/wp\/v2\/media?parent=6809"}],"curies":[{"name":"wp","href":"https:\/\/api.w.org\/{rel}","templated":true}]}}