
{"id":71,"date":"2016-08-19T16:28:58","date_gmt":"2016-08-19T14:28:58","guid":{"rendered":"https:\/\/przedszkole2.edu.wroclaw.pl\/?page_id=71"},"modified":"2024-10-30T09:24:34","modified_gmt":"2024-10-30T08:24:34","slug":"oplaty","status":"publish","type":"page","link":"https:\/\/przedszkole2.edu.wroclaw.pl\/index.php\/oplaty\/","title":{"rendered":"Op\u0142aty"},"content":{"rendered":"<div class=\"wpb-content-wrapper\"><p>[vc_row][vc_column][vc_column_text css=&#8221;&#8221;]<strong>Zgodnie z Uchwa\u0142\u0105 nr III\/18\/24 Rady Miejskiej Wroc\u0142awia <\/strong><\/p>\n<p>z dnia 06.06.2024r. w sprawie ustalenia czasu bezp\u0142atnego nauczania, wychowania i opieki oraz \u00a0wysoko\u015bci op\u0142aty za korzystanie z wychowania przedszkolnego w publicznych przedszkolach i oddzia\u0142ach przedszkolnych w publicznych szko\u0142ach podstawowych prowadzonych przez gmin\u0119:<\/p>\n<p>informujemy o ustaleniu <strong><u>op\u0142aty w wysoko\u015bci <\/u><\/strong><strong><u>1,44 z\u0142<\/u><\/strong><u> za ka\u017cd\u0105 rozpocz\u0119t\u0105 godzin\u0119 faktycznego pobytu uczni\u00f3w<\/u> w publicznym przedszkolu do ko\u0144ca roku szkolnego w roku kalendarzowym, w kt\u00f3rym ko\u0144cz\u0105 6 lat <u>w czasie przekraczaj\u0105cym wymiar <\/u>okre\u015blony w \u00a7 1 ust. 1 niniejszej ustawy (<u>5 godzin dziennie).<\/u><\/p>\n<p><strong>Uchwa\u0142a wchodzi w \u017cycie z dniem 1 wrze\u015bnia 2024 r.<\/strong><\/p>\n<p><strong>dzienna stawka \u017cywieniowa wynosi 12,- z\u0142<\/strong>\u00a0(za wszystkie posi\u0142ki)<\/p>\n<p><strong>Drodzy Rodzice \/Opiekunowie<\/strong><\/p>\n<p><strong>Informujemy o zmianie wysoko\u015bci op\u0142aty za korzystanie z przedszkola.<\/strong><\/p>\n<p>Przypominamy, \u017ce:<\/p>\n<p>-\u015bwiadczenia w zakresie nauczania, wychowania i opieki w wymiarze 5 godzin s\u0105 bezp\u0142atne,<\/p>\n<p>-zwalnia si\u0119 z op\u0142aty rodzic\u00f3w (opiekun\u00f3w prawnych) posiadaj\u0105cych, co najmniej troje dzieci pozostaj\u0105cych na ich utrzymaniu i we wsp\u00f3lnym gospodarstwie domowym (uwzgl\u0119dnia si\u0119 wy\u0142\u0105cznie dzieci pobieraj\u0105ce nauk\u0119, jednak nie d\u0142u\u017cej ni\u017c do uko\u0144czenia 24 roku \u017cycia). <strong>Druk zwolnienia z op\u0142at z tytu\u0142u wielodzietno\u015bci <a href=\"https:\/\/przedszkole2.edu.wroclaw.pl\/wp-content\/uploads\/sites\/22\/2022\/09\/wzor-podania-zwolnienie-z-oplaty-stalej-DOCX445-KB.doc\">wz\u00f3r podania &#8211; zwolnienie z op\u0142aty sta\u0142ej (DOCX44,5 KB)<\/a> -wype\u0142niony druk nale\u017cy dostarczy\u0107 do sekretariatu plac\u00f3wki.<\/strong><\/p>\n<p><strong>Stawki op\u0142at za pobyt dziecka w przedszkolu rodzice dokonuj\u0105 na indywidualny numer konta bankowego przypisany do ka\u017cdego dziecka- informacje w przedszkolu.<\/strong><\/p>\n<p><strong>Op\u0142aty za pobyt dziecka:<\/strong><\/p>\n<p>Wszelkich informacji na temat odp\u0142atno\u015bci udziela intendent przedszkola<\/p>\n<p><strong>&#8211; kwot\u0119 wp\u0142aty uzgadniamy z intendentem przedszkola,<br \/>\n<\/strong><\/p>\n<p><strong>&#8211; op\u0142at\u0119 wnosimy na indywidualne konta.<\/strong><\/p>\n<p>Stawka dzienna \u017cyw. 12 z\u0142.<\/p>\n<p><strong>Wy\u017cywienie:<\/strong><\/p>\n<p>Wy\u017cywienie dzienne:<\/p>\n<p>3 posi\u0142ki = 12,00 z\u0142. (\u015bniadanie, obiad, podwieczorek)[\/vc_column_text][\/vc_column][\/vc_row]<\/p>\n<\/div>","protected":false},"excerpt":{"rendered":"<p>[vc_row][vc_column][vc_column_text css=&#8221;&#8221;]Zgodnie z Uchwa\u0142\u0105 nr III\/18\/24 Rady Miejskiej Wroc\u0142awia z dnia 06.06.2024r. w sprawie ustalenia czasu bezp\u0142atnego nauczania, wychowania i opieki oraz \u00a0wysoko\u015bci op\u0142aty za korzystanie z wychowania przedszkolnego w [&hellip;]<\/p>\n","protected":false},"author":7,"featured_media":0,"parent":0,"menu_order":0,"comment_status":"closed","ping_status":"closed","template":"","meta":{"ngg_post_thumbnail":0,"footnotes":""},"class_list":["post-71","page","type-page","status-publish","hentry","clearfix"],"_links":{"self":[{"href":"https:\/\/przedszkole2.edu.wroclaw.pl\/index.php\/wp-json\/wp\/v2\/pages\/71","targetHints":{"allow":["GET"]}}],"collection":[{"href":"https:\/\/przedszkole2.edu.wroclaw.pl\/index.php\/wp-json\/wp\/v2\/pages"}],"about":[{"href":"https:\/\/przedszkole2.edu.wroclaw.pl\/index.php\/wp-json\/wp\/v2\/types\/page"}],"author":[{"embeddable":true,"href":"https:\/\/przedszkole2.edu.wroclaw.pl\/index.php\/wp-json\/wp\/v2\/users\/7"}],"replies":[{"embeddable":true,"href":"https:\/\/przedszkole2.edu.wroclaw.pl\/index.php\/wp-json\/wp\/v2\/comments?post=71"}],"version-history":[{"count":23,"href":"https:\/\/przedszkole2.edu.wroclaw.pl\/index.php\/wp-json\/wp\/v2\/pages\/71\/revisions"}],"predecessor-version":[{"id":8574,"href":"https:\/\/przedszkole2.edu.wroclaw.pl\/index.php\/wp-json\/wp\/v2\/pages\/71\/revisions\/8574"}],"wp:attachment":[{"href":"https:\/\/przedszkole2.edu.wroclaw.pl\/index.php\/wp-json\/wp\/v2\/media?parent=71"}],"curies":[{"name":"wp","href":"https:\/\/api.w.org\/{rel}","templated":true}]}}