
{"id":73,"date":"2016-08-19T16:29:14","date_gmt":"2016-08-19T14:29:14","guid":{"rendered":"https:\/\/przedszkole2.edu.wroclaw.pl\/?page_id=73"},"modified":"2025-09-08T13:22:24","modified_gmt":"2025-09-08T11:22:24","slug":"personel","status":"publish","type":"page","link":"https:\/\/przedszkole2.edu.wroclaw.pl\/index.php\/o-nas\/personel\/","title":{"rendered":"Personel"},"content":{"rendered":"<div class=\"wpb-content-wrapper\"><p>[vc_row][vc_column][vc_column_text css=&#8221;&#8221;]Wykwalifikowana kadra pedagogiczna ca\u0142y czas doskonali si\u0119 i poszerza wiedz\u0119 podczas r\u00f3\u017cnorodnych szkole\u0144, warsztat\u00f3w, kurs\u00f3w, zaj\u0119\u0107 kole\u017ce\u0144skich i rad szkoleniowych. Wszystkie nauczycielki uko\u0144czy\u0142y r\u00f3\u017cne formy doskonalenia zawodowego, kurs z metod pedagogiki zabawy KLANZA, kurs z metod aktywizuj\u0105cych, kodowanie w przedszkolu, oraz prawid\u0142owej komunikacji i wsp\u00f3\u0142pracy z rodzicami. Dzi\u0119ki temu wdra\u017cane s\u0105 innowacyjne metody pracy z dzieckiem, aktywizuj\u0105ce jego tw\u00f3rcz\u0105 postaw\u0119. Anga\u017cujemy dzieci i rodzic\u00f3w w dzia\u0142ania proekologiczne oraz promuj\u0105ce zdrowie i aktywno\u015b\u0107 ruchow\u0105. Organizujemy techniki pracy i formy zabaw z wykorzystaniem przestrzeni wok\u00f3\u0142 przedszkola. Wiele czasu sp\u0119dzamy na \u015bwie\u017cym powietrzu w otoczeniu przyrody,\u00a0 metod badawczych, obserwacji , \u0107wicze\u0144 i zabaw ruchowych. Naszym celem jest odnalezienie drogi do ka\u017cdego dziecka, poszerzanie jego zainteresowa\u0144 i mo\u017cliwo\u015bci intelektualnych. Nauczycielki wykorzystuj\u0105 i\u00a0 rozwijaj\u0105 te\u017c w\u0142asne talenty bior\u0105c udzia\u0142 w og\u00f3lnopolskich konkursach poetyckich i literackich, inspiruj\u0105c dzieci do dzia\u0142a\u0144 artystycznych i tw\u00f3rczych. Personel obs\u0142ugowy to osoby otwarte, przyjazne dzieciom i ch\u0119tnie uczestnicz\u0105ce w realizacji wsp\u00f3lnych przedsi\u0119wzi\u0119\u0107. Cieszymy si\u0119, \u017ce nasza wsp\u00f3lna praca spotyka si\u0119 z uznaniem rodzic\u00f3w, przynosi wiele rado\u015bci dzieciom, a nam satysfakcj\u0119 i zach\u0119t\u0119 do dalszych dzia\u0142a\u0144.<\/p>\n<h3><strong>KADRA PLAC\u00d3WKI<\/strong><\/h3>\n<p style=\"font-weight: 400\">Nad ca\u0142o\u015bci\u0105 pracy przedszkola czuwa\u00a0<strong>Dyrektor<\/strong>\u00a0&#8211; p. Paulina Kobyla\u0144ska.<\/p>\n<p style=\"font-weight: 400\">Obs\u0142ug\u0105 biurow\u0105 i finansow\u0105 zajmuje si\u0119\u00a0<strong>intendent<\/strong> &#8211; p. Iwona W\u0119drowna.<\/p>\n<p style=\"font-weight: 400\"><strong>W gr. Skrzaty<\/strong>\u00a0pracuj\u0105 nauczyciele &#8211;<\/p>\n<p>P. Alina Kosik alikos5907@edu.wroclaw.pl<\/p>\n<p><span style=\"font-size: large\">P. Adrianna Jab\u0142o\u0144ska <a href=\"mailto:adrjab9588@edu.wroclaw.pl\">adrjab9588@edu.wroclaw.pl<\/a><\/span><\/p>\n<p>Pomoc nauczyciela Pani Lila<\/p>\n<p>Pomoc techniczna Pani Martyna<\/p>\n<p><strong>W gr. Ogrodnicy <\/strong>pracuj\u0105 nauczyciele:<\/p>\n<p><span style=\"font-size: large\">Alicja Bakalarczyk alicja.podejma@gmail.com<\/span><\/p>\n<p><span style=\"font-size: large\">P. Irena Lewicka <a href=\"mailto:irelew8638@edu.wroclaw.pl\">irelew8638@edu.wroclaw.pl<\/a><\/span><\/p>\n<p><span style=\"font-size: large\">P. Izabela Michalska-\u015awito\u0144 <a href=\"mailto:izamic5024@edu.wroclaw.pl\">izamic5024@edu.wroclaw.pl<\/a><\/span><\/p>\n<p>Pani dyrektor Paulina Kobyla\u0144ska<\/p>\n<p>Pomoc nauczyciela Pani Ola i Pani Agnieszka<\/p>\n<p>Pomoc techniczna Pani Gosia<\/p>\n<p>&nbsp;<\/p>\n<p>&nbsp;<\/p>\n<p style=\"font-weight: 400\"><strong>W gr. Tropiciele<\/strong>\u00a0pracuj\u0105 nauczyciele:<\/p>\n<p style=\"font-weight: 400\">P. Ewa Moskal: ewamos0987@edu.wroclaw.pl<\/p>\n<p>P. Ma\u0142gorzata Kuzdrowska: malkuz9209@edu.wroclaw.pl<\/p>\n<p>pomoc nauczyciela Pani Ania i Pani Monika<\/p>\n<p style=\"font-weight: 400\">pomoc techniczna P.\u00a0 Beata<\/p>\n<p>&nbsp;<\/p>\n<p style=\"font-weight: 400\">W przedszkolu zatrudniona jest tak\u017ce\u00a0<strong>grupa specjalist\u00f3w<\/strong>;<\/p>\n<p>&nbsp;<\/p>\n<ul style=\"font-weight: 400\">\n<li><strong>Logopeda <\/strong>&#8211;\u00a0 Renata Kaletka: renkal7918@edu.wroclaw.pl<\/li>\n<li><strong>Pedagog specjalny<\/strong> Arleta \u017barczy\u0144ska arlzar7425@edu.wroclaw.pl<\/li>\n<li><strong>Psycholog<\/strong> &#8211; Honorata B\u0142aszczyk honbla6478@edu.wroclaw.pl<\/li>\n<li><strong>Katechetka<\/strong> &#8211; Katarzyna \u0141oboda: katlob5577@edu.wroclaw.pl<\/li>\n<li><strong>Nauczyciel gimnastyki korekcyjnej<\/strong> &#8211; Adrianna Jab\u0142o\u0144ska: adrjab9588@edu.wroclaw.pl<\/li>\n<li><strong>Nauczyciel j\u0119zyka angielskiego &#8211; <\/strong>\u00a0Joanna Chmurzy\u0144ska<\/li>\n<li><strong>Mali Wspaniali<\/strong>\u00a0&#8211; instruktorzy z AWF.<\/li>\n<\/ul>\n<p style=\"font-weight: 400\"><strong>O techniczny stan budynk\u00f3w i ogrodu<\/strong> dba ogrodnik &#8211; P. Piotr<\/p>\n<p style=\"font-weight: 400\">Na stanowisku\u00a0<strong>kucharki<\/strong> pracuje p.\u00a0 Renata , <strong>pomoc kuchenna<\/strong> : Agnieszka T.<\/p>\n<p style=\"font-weight: 400\"><strong>Przedszkole ochrania Firma JUWENTUS.<\/strong><\/p>\n<p>[\/vc_column_text][\/vc_column][\/vc_row]<\/p>\n<\/div>","protected":false},"excerpt":{"rendered":"<p>[vc_row][vc_column][vc_column_text css=&#8221;&#8221;]Wykwalifikowana kadra pedagogiczna ca\u0142y czas doskonali si\u0119 i poszerza wiedz\u0119 podczas r\u00f3\u017cnorodnych szkole\u0144, warsztat\u00f3w, kurs\u00f3w, zaj\u0119\u0107 kole\u017ce\u0144skich i rad szkoleniowych. Wszystkie nauczycielki uko\u0144czy\u0142y r\u00f3\u017cne formy doskonalenia zawodowego, kurs z [&hellip;]<\/p>\n","protected":false},"author":7,"featured_media":0,"parent":31,"menu_order":0,"comment_status":"closed","ping_status":"closed","template":"","meta":{"ngg_post_thumbnail":0,"footnotes":""},"class_list":["post-73","page","type-page","status-publish","hentry","clearfix"],"_links":{"self":[{"href":"https:\/\/przedszkole2.edu.wroclaw.pl\/index.php\/wp-json\/wp\/v2\/pages\/73","targetHints":{"allow":["GET"]}}],"collection":[{"href":"https:\/\/przedszkole2.edu.wroclaw.pl\/index.php\/wp-json\/wp\/v2\/pages"}],"about":[{"href":"https:\/\/przedszkole2.edu.wroclaw.pl\/index.php\/wp-json\/wp\/v2\/types\/page"}],"author":[{"embeddable":true,"href":"https:\/\/przedszkole2.edu.wroclaw.pl\/index.php\/wp-json\/wp\/v2\/users\/7"}],"replies":[{"embeddable":true,"href":"https:\/\/przedszkole2.edu.wroclaw.pl\/index.php\/wp-json\/wp\/v2\/comments?post=73"}],"version-history":[{"count":43,"href":"https:\/\/przedszkole2.edu.wroclaw.pl\/index.php\/wp-json\/wp\/v2\/pages\/73\/revisions"}],"predecessor-version":[{"id":9338,"href":"https:\/\/przedszkole2.edu.wroclaw.pl\/index.php\/wp-json\/wp\/v2\/pages\/73\/revisions\/9338"}],"up":[{"embeddable":true,"href":"https:\/\/przedszkole2.edu.wroclaw.pl\/index.php\/wp-json\/wp\/v2\/pages\/31"}],"wp:attachment":[{"href":"https:\/\/przedszkole2.edu.wroclaw.pl\/index.php\/wp-json\/wp\/v2\/media?parent=73"}],"curies":[{"name":"wp","href":"https:\/\/api.w.org\/{rel}","templated":true}]}}