
{"id":9715,"date":"2026-01-23T10:12:36","date_gmt":"2026-01-23T09:12:36","guid":{"rendered":"https:\/\/przedszkole2.edu.wroclaw.pl\/?page_id=9715"},"modified":"2026-01-23T10:25:38","modified_gmt":"2026-01-23T09:25:38","slug":"ksef","status":"publish","type":"page","link":"https:\/\/przedszkole2.edu.wroclaw.pl\/index.php\/kontakt\/ksef\/","title":{"rendered":"KSeF"},"content":{"rendered":"<div class=\"wpb-content-wrapper\"><p>[vc_row css=&#8221;.vc_custom_1769160079530{border-top-width: 1px !important;border-right-width: 1px !important;border-bottom-width: 1px !important;border-left-width: 1px !important;border-left-style: solid !important;border-right-style: solid !important;border-top-style: solid !important;border-bottom-style: solid !important;border-radius: 5px !important;border-color: #D5D0D0 !important;}&#8221; el_class=&#8221;.ksef&#8221;][vc_column][vc_column_text css=&#8221;&#8221;]<\/p>\n<p style=\"font-weight: 400;\"><strong>KSeF \u2013 wystawianie faktur dla Przedszkola nr 2 \u201eTajemniczy Ogr\u00f3d\u201d<\/strong><\/p>\n<p style=\"font-weight: 400;\">Je\u017celi zawarli\u015bcie Pa\u0144stwo umow\u0119 z Gmin\u0105 Wroc\u0142aw&nbsp;<em>\/Przedszkolem nr 2 \u201eTajemniczy Ogr\u00f3d\u201d\/<\/em>, bardzo prosz\u0119 o wystawianie faktur za \u015bwiadczone us\u0142ugi lub dostawy w nast\u0119puj\u0105cy spos\u00f3b:<\/p>\n<p style=\"font-weight: 400;\"><strong>Nabywca:<\/strong>&nbsp;Gmina Wroc\u0142aw, NIP&nbsp;<a href=\"callto:897 13 83 551\">897 13 83 551<\/a><\/p>\n<p style=\"font-weight: 400;\">plac Nowy Targ 1-8, 50-141 Wroc\u0142aw<\/p>\n<p style=\"font-weight: 400;\"><strong>Podmiot inny:<\/strong>&nbsp;Przedszkole nr 2 \u201eTajemniczy Ogr\u00f3d\u201d, NIP&nbsp;<a href=\"callto:898 18 71 401\">898 18 71 401<\/a>&nbsp;<\/p>\n<p>ul. Walerego S\u0142awka 5, 51-690 Wroc\u0142aw<\/p>\n<p style=\"font-weight: 400;\">Je\u017celi wystawicie Pa\u0144stwo faktur\u0119 w spos\u00f3b wskazany powy\u017cej (tj. podacie Pa\u0144stwo na fakturze dwa numery NIP), faktura trafi z KSeF bezpo\u015brednio do w\u0142a\u015bciwej jednostki. Je\u017celi na fakturze nie b\u0119dzie podanego numeru NIP jednostki, utrudni i wyd\u0142u\u017cy to proces przydzielania faktury do odpowiedniej jednostki.<\/p>\n<p style=\"font-weight: 400;\">Bardzo prosz\u0119 r\u00f3wnie\u017c o podawanie na fakturze numeru umowy\/zam\u00f3wienia.<\/p>\n<p style=\"font-weight: 400;\">Powy\u017csze zasady dotycz\u0105 faktur wystawionych za po\u015brednictwem KSeF od dnia&nbsp;01 lutego 2026&nbsp;r.<\/p>\n<p>[\/vc_column_text][\/vc_column][\/vc_row]<\/p>\n<\/div>","protected":false},"excerpt":{"rendered":"<p>[vc_row css=&#8221;.vc_custom_1769160079530{border-top-width: 1px !important;border-right-width: 1px !important;border-bottom-width: 1px !important;border-left-width: 1px !important;border-left-style: solid !important;border-right-style: solid !important;border-top-style: solid !important;border-bottom-style: solid !important;border-radius: 5px !important;border-color: #D5D0D0 !important;}&#8221; el_class=&#8221;.ksef&#8221;][vc_column][vc_column_text css=&#8221;&#8221;] KSeF \u2013 wystawianie faktur dla Przedszkola [&hellip;]<\/p>\n","protected":false},"author":72,"featured_media":0,"parent":36,"menu_order":0,"comment_status":"closed","ping_status":"closed","template":"","meta":{"ngg_post_thumbnail":0,"footnotes":""},"class_list":["post-9715","page","type-page","status-publish","hentry","clearfix"],"_links":{"self":[{"href":"https:\/\/przedszkole2.edu.wroclaw.pl\/index.php\/wp-json\/wp\/v2\/pages\/9715","targetHints":{"allow":["GET"]}}],"collection":[{"href":"https:\/\/przedszkole2.edu.wroclaw.pl\/index.php\/wp-json\/wp\/v2\/pages"}],"about":[{"href":"https:\/\/przedszkole2.edu.wroclaw.pl\/index.php\/wp-json\/wp\/v2\/types\/page"}],"author":[{"embeddable":true,"href":"https:\/\/przedszkole2.edu.wroclaw.pl\/index.php\/wp-json\/wp\/v2\/users\/72"}],"replies":[{"embeddable":true,"href":"https:\/\/przedszkole2.edu.wroclaw.pl\/index.php\/wp-json\/wp\/v2\/comments?post=9715"}],"version-history":[{"count":6,"href":"https:\/\/przedszkole2.edu.wroclaw.pl\/index.php\/wp-json\/wp\/v2\/pages\/9715\/revisions"}],"predecessor-version":[{"id":9880,"href":"https:\/\/przedszkole2.edu.wroclaw.pl\/index.php\/wp-json\/wp\/v2\/pages\/9715\/revisions\/9880"}],"up":[{"embeddable":true,"href":"https:\/\/przedszkole2.edu.wroclaw.pl\/index.php\/wp-json\/wp\/v2\/pages\/36"}],"wp:attachment":[{"href":"https:\/\/przedszkole2.edu.wroclaw.pl\/index.php\/wp-json\/wp\/v2\/media?parent=9715"}],"curies":[{"name":"wp","href":"https:\/\/api.w.org\/{rel}","templated":true}]}}